{"id":3103,"date":"2023-04-04T18:03:34","date_gmt":"2023-04-04T16:03:34","guid":{"rendered":"https:\/\/new.shv.ch\/?page_id=3103"},"modified":"2024-11-26T20:16:08","modified_gmt":"2024-11-26T19:16:08","slug":"advisors","status":"publish","type":"page","link":"https:\/\/www.huntington.ch\/en\/advisors\/","title":{"rendered":"Advisors"},"content":{"rendered":"\t\t<div data-elementor-type=\"wp-page\" data-elementor-id=\"3103\" class=\"elementor elementor-3103\" data-elementor-post-type=\"page\">\n\t\t\t\t\t\t<section class=\"elementor-section elementor-top-section elementor-element elementor-element-f7d36a8 elementor-section-full_width elementor-section-height-default elementor-section-height-default\" data-id=\"f7d36a8\" data-element_type=\"section\" data-e-type=\"section\">\n\t\t\t\t\t\t<div class=\"elementor-container elementor-column-gap-no\">\n\t\t\t\t\t<div class=\"elementor-column elementor-col-100 elementor-top-column elementor-element elementor-element-6652e99\" data-id=\"6652e99\" data-element_type=\"column\" data-e-type=\"column\">\n\t\t\t<div class=\"elementor-widget-wrap elementor-element-populated\">\n\t\t\t\t\t\t<div class=\"elementor-element elementor-element-04740b2 elementor-widget elementor-widget-heading\" data-id=\"04740b2\" data-element_type=\"widget\" data-e-type=\"widget\" data-widget_type=\"heading.default\">\n\t\t\t\t<div class=\"elementor-widget-container\">\n\t\t\t\t\t<h6 class=\"elementor-heading-title elementor-size-xl\">Advisors<\/h6>\t\t\t\t<\/div>\n\t\t\t\t<\/div>\n\t\t\t\t\t<\/div>\n\t\t<\/div>\n\t\t\t\t\t<\/div>\n\t\t<\/section>\n\t\t\t\t<section class=\"elementor-section elementor-top-section elementor-element elementor-element-d55ed29 elementor-section-boxed elementor-section-height-default elementor-section-height-default\" data-id=\"d55ed29\" data-element_type=\"section\" data-e-type=\"section\">\n\t\t\t\t\t\t<div class=\"elementor-container elementor-column-gap-default\">\n\t\t\t\t\t<div class=\"elementor-column elementor-col-100 elementor-top-column elementor-element elementor-element-a621f26\" data-id=\"a621f26\" data-element_type=\"column\" data-e-type=\"column\">\n\t\t\t<div class=\"elementor-widget-wrap elementor-element-populated\">\n\t\t\t\t\t\t<div class=\"elementor-element elementor-element-3a86d83 elementor-widget elementor-widget-spacer\" data-id=\"3a86d83\" data-element_type=\"widget\" data-e-type=\"widget\" data-widget_type=\"spacer.default\">\n\t\t\t\t<div class=\"elementor-widget-container\">\n\t\t\t\t\t\t\t<div class=\"elementor-spacer\">\n\t\t\t<div class=\"elementor-spacer-inner\"><\/div>\n\t\t<\/div>\n\t\t\t\t\t\t<\/div>\n\t\t\t\t<\/div>\n\t\t\t\t\t<\/div>\n\t\t<\/div>\n\t\t\t\t\t<\/div>\n\t\t<\/section>\n\t\t\t\t<section class=\"elementor-section elementor-top-section elementor-element elementor-element-ca06ae9 elementor-section-boxed elementor-section-height-default elementor-section-height-default\" data-id=\"ca06ae9\" data-element_type=\"section\" data-e-type=\"section\">\n\t\t\t\t\t\t<div class=\"elementor-container elementor-column-gap-default\">\n\t\t\t\t\t<div class=\"elementor-column elementor-col-100 elementor-top-column elementor-element elementor-element-7d2842a\" data-id=\"7d2842a\" data-element_type=\"column\" data-e-type=\"column\">\n\t\t\t<div class=\"elementor-widget-wrap elementor-element-populated\">\n\t\t\t\t\t\t<div class=\"elementor-element elementor-element-c41ff0e elementor-widget elementor-widget-heading\" data-id=\"c41ff0e\" data-element_type=\"widget\" data-e-type=\"widget\" data-widget_type=\"heading.default\">\n\t\t\t\t<div class=\"elementor-widget-container\">\n\t\t\t\t\t<h2 class=\"elementor-heading-title elementor-size-default\">Medical Advisors<\/h2>\t\t\t\t<\/div>\n\t\t\t\t<\/div>\n\t\t\t\t<div class=\"elementor-element elementor-element-9c0f6a4 elementor-widget elementor-widget-text-editor\" data-id=\"9c0f6a4\" data-element_type=\"widget\" data-e-type=\"widget\" data-widget_type=\"text-editor.default\">\n\t\t\t\t<div class=\"elementor-widget-container\">\n\t\t\t\t\t\t\t\t\t<p><b style=\"background-color: rgba(0, 0, 0, 0);\">Prof. Dr. med. Jean-Marc Burgunder<\/b><\/p><p><span>Worbstrasse 312, 3073 G\u00fcmligen<\/span><\/p><p><span><b>PD Dr. Judith Horvath<\/b><\/span><\/p><p><span>Cheffe de clinique, Service de Neurologie<\/span><\/p><p><span>H\u00f4pitaux Universitaires de Gen\u00e8ve, <\/span><span>Rue Gabrielle-Perret-Gentil 4, 1205 Gen\u00e8ve<\/span><\/p><p><span><b>Dr. med. Marcus D&#8217;Souza<\/b><\/span><br \/><span>Universit\u00e4tsspital Basel, 4031 Basel<\/span><\/p><p><span><b>Dr. med. Aurora Font\u00e1n<\/b><\/span><br \/><span>Bahnhofstrasse 78, 5000 Aarau<\/span><\/p><p><span><b>Prof. Dr. med. Peter Fuhr<\/b><\/span><br \/><span>Universit\u00e4tsspital Basel, 4031 Basel<\/span><\/p><p><span><b>Prof. Dr. med. Hans Jung<\/b><\/span><br \/><span>Universit\u00e4ts Spital Z\u00fcrich, Frauenklinikstr. 26, 8091 Z\u00fcrich<\/span><\/p><p><span><b>Dr. med. Michael Sch\u00fcpbach<\/b><\/span><br \/>Neurologisches Institut Konolfingen,\u00a0Burgdorfstrasse 11, CH-3510 Konolfingen<\/p><p><strong>Dr. Julien Bally<\/strong><\/p><p>M\u00e9decin adjoint Service de neurologie, Unit\u00e9 des mouvements anormaux<\/p><p>Rue du Bugnon 46, 1011 Lausanne, CHUV<\/p>\t\t\t\t\t\t\t\t<\/div>\n\t\t\t\t<\/div>\n\t\t\t\t\t<\/div>\n\t\t<\/div>\n\t\t\t\t\t<\/div>\n\t\t<\/section>\n\t\t\t\t<section class=\"elementor-section elementor-top-section elementor-element elementor-element-ba671f6 elementor-section-boxed elementor-section-height-default elementor-section-height-default\" data-id=\"ba671f6\" data-element_type=\"section\" data-e-type=\"section\">\n\t\t\t\t\t\t<div class=\"elementor-container elementor-column-gap-default\">\n\t\t\t\t\t<div class=\"elementor-column elementor-col-100 elementor-top-column elementor-element elementor-element-7901516\" data-id=\"7901516\" data-element_type=\"column\" data-e-type=\"column\">\n\t\t\t<div class=\"elementor-widget-wrap elementor-element-populated\">\n\t\t\t\t\t\t<div class=\"elementor-element elementor-element-ce53c21 elementor-widget-divider--view-line elementor-widget elementor-widget-divider\" data-id=\"ce53c21\" data-element_type=\"widget\" data-e-type=\"widget\" data-widget_type=\"divider.default\">\n\t\t\t\t<div class=\"elementor-widget-container\">\n\t\t\t\t\t\t\t<div class=\"elementor-divider\">\n\t\t\t<span class=\"elementor-divider-separator\">\n\t\t\t\t\t\t<\/span>\n\t\t<\/div>\n\t\t\t\t\t\t<\/div>\n\t\t\t\t<\/div>\n\t\t\t\t<div class=\"elementor-element elementor-element-402ca1e elementor-widget elementor-widget-heading\" data-id=\"402ca1e\" data-element_type=\"widget\" data-e-type=\"widget\" data-widget_type=\"heading.default\">\n\t\t\t\t<div class=\"elementor-widget-container\">\n\t\t\t\t\t<h2 class=\"elementor-heading-title elementor-size-default\">Legal Advisors<\/h2>\t\t\t\t<\/div>\n\t\t\t\t<\/div>\n\t\t\t\t<div class=\"elementor-element elementor-element-c307429 elementor-widget elementor-widget-text-editor\" data-id=\"c307429\" data-element_type=\"widget\" data-e-type=\"widget\" data-widget_type=\"text-editor.default\">\n\t\t\t\t<div class=\"elementor-widget-container\">\n\t\t\t\t\t\t\t\t\t<p><strong>Dr. Stefan Wehrle, Advokat<\/strong><\/p><p><span>Magdenstrasse 43<\/span><\/p><p><span>4058 Basel<\/span><\/p><p><span>Tel.: 061 \/ 601 48 60<\/span><\/p><p><span>stefan.wehrle@gmx.ch<\/span><\/p>\t\t\t\t\t\t\t\t<\/div>\n\t\t\t\t<\/div>\n\t\t\t\t\t<\/div>\n\t\t<\/div>\n\t\t\t\t\t<\/div>\n\t\t<\/section>\n\t\t\t\t<section class=\"elementor-section elementor-top-section elementor-element elementor-element-5568ca4 elementor-section-boxed elementor-section-height-default elementor-section-height-default\" data-id=\"5568ca4\" data-element_type=\"section\" data-e-type=\"section\">\n\t\t\t\t\t\t<div class=\"elementor-container elementor-column-gap-default\">\n\t\t\t\t\t<div class=\"elementor-column elementor-col-100 elementor-top-column elementor-element elementor-element-4389e94\" data-id=\"4389e94\" data-element_type=\"column\" data-e-type=\"column\">\n\t\t\t<div class=\"elementor-widget-wrap elementor-element-populated\">\n\t\t\t\t\t\t<div class=\"elementor-element elementor-element-c6a10fa elementor-widget-divider--view-line elementor-widget elementor-widget-divider\" data-id=\"c6a10fa\" data-element_type=\"widget\" data-e-type=\"widget\" data-widget_type=\"divider.default\">\n\t\t\t\t<div class=\"elementor-widget-container\">\n\t\t\t\t\t\t\t<div class=\"elementor-divider\">\n\t\t\t<span class=\"elementor-divider-separator\">\n\t\t\t\t\t\t<\/span>\n\t\t<\/div>\n\t\t\t\t\t\t<\/div>\n\t\t\t\t<\/div>\n\t\t\t\t<div class=\"elementor-element elementor-element-f10c7ee elementor-widget elementor-widget-heading\" data-id=\"f10c7ee\" data-element_type=\"widget\" data-e-type=\"widget\" data-widget_type=\"heading.default\">\n\t\t\t\t<div class=\"elementor-widget-container\">\n\t\t\t\t\t<h2 class=\"elementor-heading-title elementor-size-default\">Psychosocial Advisors<\/h2>\t\t\t\t<\/div>\n\t\t\t\t<\/div>\n\t\t\t\t<div class=\"elementor-element elementor-element-7f96709 elementor-widget elementor-widget-text-editor\" data-id=\"7f96709\" data-element_type=\"widget\" data-e-type=\"widget\" data-widget_type=\"text-editor.default\">\n\t\t\t\t<div class=\"elementor-widget-container\">\n\t\t\t\t\t\t\t\t\t<p><strong style=\"background-color: rgba(0, 0, 0, 0);\">Frau Dr. phil. Anousha Hadinia<\/strong><\/p><p><span>Spalenring 160<\/span><\/p><p><span>4055 Basel<\/span><br \/><span><\/span><\/p><p><strong>Frau Jessica K\u00f6hli<\/strong><\/p><p><span>NeuroZentrum Siloah<\/span><\/p><p><span>Worbstrasse 312<\/span><\/p><p><span>3073 G\u00fcmligen<\/span><\/p><p><span>Jessica.Koehli@siloah.ch<\/span><\/p>\t\t\t\t\t\t\t\t<\/div>\n\t\t\t\t<\/div>\n\t\t\t\t\t<\/div>\n\t\t<\/div>\n\t\t\t\t\t<\/div>\n\t\t<\/section>\n\t\t\t\t<section class=\"elementor-section elementor-top-section elementor-element elementor-element-edc3a07 elementor-section-boxed elementor-section-height-default elementor-section-height-default\" data-id=\"edc3a07\" data-element_type=\"section\" data-e-type=\"section\">\n\t\t\t\t\t\t<div class=\"elementor-container elementor-column-gap-default\">\n\t\t\t\t\t<div class=\"elementor-column elementor-col-100 elementor-top-column elementor-element elementor-element-a6b41b8\" data-id=\"a6b41b8\" data-element_type=\"column\" data-e-type=\"column\">\n\t\t\t<div class=\"elementor-widget-wrap elementor-element-populated\">\n\t\t\t\t\t\t<div class=\"elementor-element elementor-element-3474fc8 elementor-widget elementor-widget-spacer\" data-id=\"3474fc8\" data-element_type=\"widget\" data-e-type=\"widget\" data-widget_type=\"spacer.default\">\n\t\t\t\t<div class=\"elementor-widget-container\">\n\t\t\t\t\t\t\t<div class=\"elementor-spacer\">\n\t\t\t<div class=\"elementor-spacer-inner\"><\/div>\n\t\t<\/div>\n\t\t\t\t\t\t<\/div>\n\t\t\t\t<\/div>\n\t\t\t\t\t<\/div>\n\t\t<\/div>\n\t\t\t\t\t<\/div>\n\t\t<\/section>\n\t\t\t\t<\/div>\n\t\t","protected":false},"excerpt":{"rendered":"<p>Advisors Medical Advisors Prof. Dr. med. Jean-Marc Burgunder Worbstrasse 312, 3073 G\u00fcmligen PD Dr. Judith Horvath Cheffe de clinique, Service de Neurologie H\u00f4pitaux Universitaires de Gen\u00e8ve, Rue Gabrielle-Perret-Gentil 4, 1205 [&hellip;]<\/p>\n","protected":false},"author":4,"featured_media":0,"parent":0,"menu_order":0,"comment_status":"closed","ping_status":"closed","template":"page-templates\/template-pagebuilder-full-width.php","meta":{"give_campaign_id":0,"footnotes":""},"class_list":["post-3103","page","type-page","status-publish","hentry"],"campaignId":"","jetpack_sharing_enabled":true,"_links":{"self":[{"href":"https:\/\/www.huntington.ch\/en\/wp-json\/wp\/v2\/pages\/3103","targetHints":{"allow":["GET"]}}],"collection":[{"href":"https:\/\/www.huntington.ch\/en\/wp-json\/wp\/v2\/pages"}],"about":[{"href":"https:\/\/www.huntington.ch\/en\/wp-json\/wp\/v2\/types\/page"}],"author":[{"embeddable":true,"href":"https:\/\/www.huntington.ch\/en\/wp-json\/wp\/v2\/users\/4"}],"replies":[{"embeddable":true,"href":"https:\/\/www.huntington.ch\/en\/wp-json\/wp\/v2\/comments?post=3103"}],"version-history":[{"count":45,"href":"https:\/\/www.huntington.ch\/en\/wp-json\/wp\/v2\/pages\/3103\/revisions"}],"predecessor-version":[{"id":8938,"href":"https:\/\/www.huntington.ch\/en\/wp-json\/wp\/v2\/pages\/3103\/revisions\/8938"}],"wp:attachment":[{"href":"https:\/\/www.huntington.ch\/en\/wp-json\/wp\/v2\/media?parent=3103"}],"curies":[{"name":"wp","href":"https:\/\/api.w.org\/{rel}","templated":true}]}}