{"id":2478,"date":"2023-03-08T10:19:41","date_gmt":"2023-03-08T09:19:41","guid":{"rendered":"https:\/\/new.shv.ch\/product\/huntington-krankheit-kompakt\/"},"modified":"2023-06-06T10:03:48","modified_gmt":"2023-06-06T08:03:48","slug":"huntington-krankheit-kompakt","status":"publish","type":"product","link":"https:\/\/www.huntington.ch\/en\/product\/huntington-krankheit-kompakt\/","title":{"rendered":"Huntington-Krankheit kompakt"},"content":{"rendered":"<p><span>Das neue Buch &#8220;<\/span>Huntington-Krankheit<span>\u00a0kompakt&#8221; f\u00fcr Haus\u00e4rzte und Neurologen sowie f\u00fcr\u00a0<\/span>Huntington<span>-Familien.\u00a0<\/span><\/p>\n<p><span>Dr. Reilmann, Ralf, Prof. Dr. Landwehrmeyer,\u00a0G. Bernhard, Dr. Bohlen, Stefan, Dr. M\u00fchlb\u00e4ck, Alzbeta:<\/span><br \/>\nHuntington-Krankheit<span>\u00a0kompakt<\/span><br \/>\n<span>Hrsg. Thieme 2021<\/span><\/p>\n<p>&nbsp;<\/p>\n","protected":false},"excerpt":{"rendered":"<p>Das neue Buch &#8220;Huntington-Krankheit\u00a0kompakt&#8221; f\u00fcr Haus\u00e4rzte und Neurologen sowie f\u00fcr\u00a0Huntington-Familien.\u00a0 Dr. Reilmann, Ralf, Prof. Dr. Landwehrmeyer,\u00a0G. Bernhard, Dr. Bohlen, Stefan, Dr. M\u00fchlb\u00e4ck, Alzbeta: Huntington-Krankheit\u00a0kompakt Hrsg. Thieme 2021 &nbsp;<\/p>\n","protected":false},"featured_media":2433,"template":"","meta":{"give_campaign_id":0},"product_brand":[],"product_cat":[106],"product_tag":[],"class_list":{"0":"post-2478","1":"product","2":"type-product","3":"status-publish","4":"has-post-thumbnail","6":"product_cat-book","8":"first","9":"instock","10":"shipping-taxable","11":"purchasable","12":"product-type-simple"},"jetpack_sharing_enabled":true,"_links":{"self":[{"href":"https:\/\/www.huntington.ch\/en\/wp-json\/wp\/v2\/product\/2478","targetHints":{"allow":["GET"]}}],"collection":[{"href":"https:\/\/www.huntington.ch\/en\/wp-json\/wp\/v2\/product"}],"about":[{"href":"https:\/\/www.huntington.ch\/en\/wp-json\/wp\/v2\/types\/product"}],"wp:featuredmedia":[{"embeddable":true,"href":"https:\/\/www.huntington.ch\/en\/wp-json\/wp\/v2\/media\/2433"}],"wp:attachment":[{"href":"https:\/\/www.huntington.ch\/en\/wp-json\/wp\/v2\/media?parent=2478"}],"wp:term":[{"taxonomy":"product_brand","embeddable":true,"href":"https:\/\/www.huntington.ch\/en\/wp-json\/wp\/v2\/product_brand?post=2478"},{"taxonomy":"product_cat","embeddable":true,"href":"https:\/\/www.huntington.ch\/en\/wp-json\/wp\/v2\/product_cat?post=2478"},{"taxonomy":"product_tag","embeddable":true,"href":"https:\/\/www.huntington.ch\/en\/wp-json\/wp\/v2\/product_tag?post=2478"}],"curies":[{"name":"wp","href":"https:\/\/api.w.org\/{rel}","templated":true}]}}