{"id":2488,"date":"2020-04-02T16:28:08","date_gmt":"2020-04-02T14:28:08","guid":{"rendered":"https:\/\/new.shv.ch\/product\/huntington-betroffene-verstehen\/"},"modified":"2023-06-06T10:47:00","modified_gmt":"2023-06-06T08:47:00","slug":"huntington-betroffene-verstehen","status":"publish","type":"product","link":"https:\/\/www.huntington.ch\/en\/product\/huntington-betroffene-verstehen\/","title":{"rendered":"Huntington-Betroffene verstehen"},"content":{"rendered":"<p>Ein Leitfaden f\u00fcr Fachkr\u00e4fte<\/p>\n<div class=\"cart-detail__teaser\">\n<p>M\u00f6gliche Wesensver\u00e4nderungen der<span>\u00a0<\/span>Huntington-Krankheit<span>\u00a0<\/span>und Wege zum Umgang mit diesen sehr schwierigen Situationen<\/p>\n<\/div>\n<div class=\"cart-detail__description\">\n<p>Huntington-Betroffene<span>\u00a0<\/span>verstehen:\u00a0 Ein Leitfaden f\u00fcr Fachkr\u00e4fte\u201c ist das erste deutschsprachige Werk, das m\u00f6gliche Wesensver\u00e4nderungen der<span>\u00a0<\/span>Huntington-Krankheit<span>\u00a0<\/span>erl\u00e4utert und gleichzeitig Wege zum Umgang mit diesen sehr schwierigen Situationen aufzeigt. Es ist sowohl f\u00fcr Fachkr\u00e4fte (\u00c4rzte, Therapeuten, Pflegekr\u00e4fte) als auch f\u00fcr (pflegende)<span>\u00a0<\/span>Angeh\u00f6rige\u00f6geeignet. Da die Wesensver\u00e4nderungen schon viele Jahre vor den Bewegungssymptomen auftreten k\u00f6nnen, ist dieses Buch sowohl f\u00fcr Menschen die wissen, dass sie die<span>\u00a0<\/span>Huntington-Mutation<span>\u00a0<\/span>in sich tragen als auch f\u00fcr Menschen mit best\u00e4tigter Diagnose der<span>\u00a0<\/span>Huntington-Krankheit<span>\u00a0<\/span>(und jeweils deren Partner\/Umfeld) interessant.<\/p>\n<p>Das Buch ist eine 1:1-\u00dcbersetzung der Brosch\u00fcre \u201eUnderstanding Behavior in Huntington\u2019s Disease: A Guide for Professionals\u201c der amerikanischen<span>\u00a0<\/span>Huntington-Vereinigung Huntington\u2019s Disease Society of America, kurz<span>\u00a0<\/span>HDSA.<\/p>\n<p>Die fast 90seitige Brosch\u00fcre ist ein Nachschlagewerk mit Informationen zu folgenden Themenbereichen:<\/p>\n<p>1.<span>\u00a0<\/span>Huntington-Krankheit: Ein \u00dcberblick<br \/>\n\u00b7 Genetik der<span>\u00a0<\/span>Huntington-Krankheit<br \/>\n\u00b7 Gehirn und Verhalten bei der<span>\u00a0<\/span>Huntington-Krankheit<\/p>\n<p>2. Stadien der<span>\u00a0<\/span>Huntington-Krankheit<br \/>\n\u00b7 Vorstadien der<span>\u00a0<\/span>Huntington-Krankheit<br \/>\n\u00b7 Menschen mit<span>\u00a0<\/span>Huntington-Risiko (\u201eRisikopersonen\u201c)<br \/>\n\u00b7 Tr\u00e4ger der<span>\u00a0<\/span>Mutation<span>\u00a0<\/span>des<span>\u00a0<\/span>Huntington-Gens (\u201eMutationstr\u00e4ger\u201c)<br \/>\n\u00b7 \u201eHuntington-Prodrom\u201c (\u201eProdromalstadium der<span>\u00a0<\/span>Huntington-Krankheit\u201c)<br \/>\n\u00b7 Diagnose und Stadien der diagnostizierten<span>\u00a0<\/span>Huntington-Krankheit<br \/>\n\u00b7 Stadien der<span>\u00a0<\/span>Huntington-Krankheit<span>\u00a0<\/span>nach Diagnose<\/p>\n<p>3. Verhaltensprobleme bei der<span>\u00a0<\/span>Huntington-Krankheit<br \/>\n\u00b7 Kommunikation<br \/>\n\u00b7 Lernen und Ged\u00e4chtnis<br \/>\n\u00b7 Wahrnehmung<br \/>\n\u00b7 Exekutive Funktionen<br \/>\n\u00b7<span>\u00a0<\/span>Apathie<span>\u00a0<\/span>und Antriebslosigkeit<br \/>\n\u00b7 Organisation<br \/>\n\u00b7 Impulsivit\u00e4t\/Enthemmung<br \/>\n\u00b7 Frustration, Reizbarkeit und Wut<br \/>\n\u00b7 Krankheitsverleugnung und Nicht-Wahrnehmung von Symptomen<br \/>\n\u00b7 Perseveration<br \/>\n\u00b7 Depression<br \/>\n\u00b7<span>\u00a0<\/span>Huntington-Krankheit<span>\u00a0<\/span>und Suizid<br \/>\n\u00b7 Angstst\u00f6rungen<br \/>\n\u00b7<span>\u00a0<\/span>Psychose: Halluzinationen und Wahnvorstellungen<br \/>\n\u00b7 Ver\u00e4nderungen des Sexualverhaltens<br \/>\n\u00b7 Schlafst\u00f6rungen<\/p>\n<p>4. Sonstige Faktoren, die das Verhalten beeinflussen k\u00f6nnen<br \/>\n\u00b7 Spezielles Thema: Allgemeiner L\u00f6sungsansatz f\u00fcr Verhaltensprobleme bei der<span>\u00a0<\/span>Huntington-Krankheit<\/p>\n<p>5. Fazit und Hilfsangebote<\/p>\n<p>Wir hoffen, allen Betroffenen und Beteiligten ein<span>\u00a0<\/span>Hilfsmittel<span>\u00a0<\/span>in die Hand zu geben, das es ihnen erm\u00f6glicht, besser mit ihrer schwierigen Lebenssituation umzugehen.<\/p>\n<\/div>\n<p>Herausgeber: Deutsche HD-Hilfe e.V.<\/p>\n","protected":false},"excerpt":{"rendered":"<p>Ein Leitfaden f\u00fcr Fachkr\u00e4fte M\u00f6gliche Wesensver\u00e4nderungen der\u00a0Huntington-Krankheit\u00a0und Wege zum Umgang mit diesen sehr schwierigen Situationen Huntington-Betroffene\u00a0verstehen:\u00a0 Ein Leitfaden f\u00fcr Fachkr\u00e4fte\u201c ist das erste deutschsprachige Werk, das m\u00f6gliche Wesensver\u00e4nderungen der\u00a0Huntington-Krankheit\u00a0erl\u00e4utert und [&hellip;]<\/p>\n","protected":false},"featured_media":2078,"template":"","meta":{"give_campaign_id":0},"product_brand":[],"product_cat":[106],"product_tag":[],"class_list":{"0":"post-2488","1":"product","2":"type-product","3":"status-publish","4":"has-post-thumbnail","6":"product_cat-book","8":"first","9":"instock","10":"shipping-taxable","11":"purchasable","12":"product-type-simple"},"jetpack_sharing_enabled":true,"_links":{"self":[{"href":"https:\/\/www.huntington.ch\/en\/wp-json\/wp\/v2\/product\/2488","targetHints":{"allow":["GET"]}}],"collection":[{"href":"https:\/\/www.huntington.ch\/en\/wp-json\/wp\/v2\/product"}],"about":[{"href":"https:\/\/www.huntington.ch\/en\/wp-json\/wp\/v2\/types\/product"}],"wp:featuredmedia":[{"embeddable":true,"href":"https:\/\/www.huntington.ch\/en\/wp-json\/wp\/v2\/media\/2078"}],"wp:attachment":[{"href":"https:\/\/www.huntington.ch\/en\/wp-json\/wp\/v2\/media?parent=2488"}],"wp:term":[{"taxonomy":"product_brand","embeddable":true,"href":"https:\/\/www.huntington.ch\/en\/wp-json\/wp\/v2\/product_brand?post=2488"},{"taxonomy":"product_cat","embeddable":true,"href":"https:\/\/www.huntington.ch\/en\/wp-json\/wp\/v2\/product_cat?post=2488"},{"taxonomy":"product_tag","embeddable":true,"href":"https:\/\/www.huntington.ch\/en\/wp-json\/wp\/v2\/product_tag?post=2488"}],"curies":[{"name":"wp","href":"https:\/\/api.w.org\/{rel}","templated":true}]}}