{"id":2493,"date":"2020-04-02T16:23:42","date_gmt":"2020-04-02T14:23:42","guid":{"rendered":"https:\/\/new.shv.ch\/product\/wenn-schicksal-messbar-wird\/"},"modified":"2023-06-06T10:51:26","modified_gmt":"2023-06-06T08:51:26","slug":"wenn-schicksal-messbar-wird","status":"publish","type":"product","link":"https:\/\/www.huntington.ch\/en\/product\/wenn-schicksal-messbar-wird\/","title":{"rendered":"Wenn Schicksal messbar wird"},"content":{"rendered":"<p>Autorin: Alice Wexler<\/p>\n<div class=\"cart-detail__teaser\">\n<p>Geschichte der Familie Wexler sowie der Erforschung zur Identifikation der genetischen Ver\u00e4nderung bei der<span>\u00a0<\/span>Huntington-Krankheit.<\/p>\n<\/div>\n<div class=\"cart-detail__description\">\n<p>Alice Wexler und ihre Schwester Nancy haben das<span>\u00a0<\/span>Huntington-Risiko, ihre Mutter starb an den Folgen der Krankheit. Ihr Vater, Milton Wexler, ist Gr\u00fcnder der &#8220;Hereditary Disease Foundation&#8221;,\u00a0die die Erforschung der<span>\u00a0<\/span>Huntington-Krankheit<span>\u00a0<\/span>seit den 70iger Jahren f\u00f6rdert. Und auch die beiden Schwestern geh\u00f6ren zu den der herausragenden Pers\u00f6nlichkeiten bei der Erforschung der<span>\u00a0<\/span>Huntington-Krankheit.<\/p>\n<p>In ihrem Buch beschreibt Alice Wexler jene Forschungsprozesse, die im Jahr 1993 dann zur Identifikation der genetischen Ver\u00e4nderung bei der<span>\u00a0<\/span>Huntington-Krankheit<span>\u00a0<\/span>und letztendlich zur direkten pr\u00e4diktiven molekulargenetischen Diagnostik, kurz dem Gentest, f\u00fchrten. Dadurch, dass das Leben von Alice Wexler und ihrer Familie durch und durch von der<span>\u00a0<\/span>Huntington-Krankheit<span>\u00a0<\/span>gezeichnet ist, enth\u00e4lt das Buch eine starke pers\u00f6nliche Note. Es gew\u00e4hrt Einblicke, welche Einfl\u00fcsse die<span>\u00a0<\/span>Huntington-Krankheit auf Familiensysteme haben kann.<\/p>\n<p>F\u00fcr diejenigen, die an der Geschichte der Molekulargenetik interessiert sind, liefert es eine wertvolle Zusammenfassung der Entwicklung der Molekulargenetik in den zur\u00fcckliegenden Jahrzehnten..<\/p>\n<p>&nbsp;<\/p>\n<\/div>\n<p>Herausgeber: Deutsche HD-Hilfe e.V.<\/p>\n","protected":false},"excerpt":{"rendered":"<p>Autorin: Alice Wexler Geschichte der Familie Wexler sowie der Erforschung zur Identifikation der genetischen Ver\u00e4nderung bei der\u00a0Huntington-Krankheit. Alice Wexler und ihre Schwester Nancy haben das\u00a0Huntington-Risiko, ihre Mutter starb an den [&hellip;]<\/p>\n","protected":false},"featured_media":4605,"template":"","meta":{"give_campaign_id":0},"product_brand":[],"product_cat":[106],"product_tag":[],"class_list":{"0":"post-2493","1":"product","2":"type-product","3":"status-publish","4":"has-post-thumbnail","6":"product_cat-book","8":"first","9":"instock","10":"shipping-taxable","11":"purchasable","12":"product-type-simple"},"jetpack_sharing_enabled":true,"_links":{"self":[{"href":"https:\/\/www.huntington.ch\/en\/wp-json\/wp\/v2\/product\/2493","targetHints":{"allow":["GET"]}}],"collection":[{"href":"https:\/\/www.huntington.ch\/en\/wp-json\/wp\/v2\/product"}],"about":[{"href":"https:\/\/www.huntington.ch\/en\/wp-json\/wp\/v2\/types\/product"}],"wp:featuredmedia":[{"embeddable":true,"href":"https:\/\/www.huntington.ch\/en\/wp-json\/wp\/v2\/media\/4605"}],"wp:attachment":[{"href":"https:\/\/www.huntington.ch\/en\/wp-json\/wp\/v2\/media?parent=2493"}],"wp:term":[{"taxonomy":"product_brand","embeddable":true,"href":"https:\/\/www.huntington.ch\/en\/wp-json\/wp\/v2\/product_brand?post=2493"},{"taxonomy":"product_cat","embeddable":true,"href":"https:\/\/www.huntington.ch\/en\/wp-json\/wp\/v2\/product_cat?post=2493"},{"taxonomy":"product_tag","embeddable":true,"href":"https:\/\/www.huntington.ch\/en\/wp-json\/wp\/v2\/product_tag?post=2493"}],"curies":[{"name":"wp","href":"https:\/\/api.w.org\/{rel}","templated":true}]}}