{"id":3573,"date":"2023-04-23T19:11:54","date_gmt":"2023-04-23T17:11:54","guid":{"rendered":"https:\/\/new.shv.ch\/devenir-membre\/"},"modified":"2024-12-04T21:24:30","modified_gmt":"2024-12-04T20:24:30","slug":"devenir-membre","status":"publish","type":"page","link":"https:\/\/www.huntington.ch\/fr\/devenir-membre\/","title":{"rendered":"Devenir membre"},"content":{"rendered":"\t\t<div data-elementor-type=\"wp-page\" data-elementor-id=\"3573\" class=\"elementor elementor-3573 elementor-3274\" data-elementor-post-type=\"page\">\n\t\t\t\t\t\t<section class=\"elementor-section elementor-top-section elementor-element elementor-element-f623761 elementor-section-full_width elementor-section-height-default elementor-section-height-default\" data-id=\"f623761\" data-element_type=\"section\" data-e-type=\"section\">\n\t\t\t\t\t\t<div class=\"elementor-container elementor-column-gap-no\">\n\t\t\t\t\t<div class=\"elementor-column elementor-col-100 elementor-top-column elementor-element elementor-element-2a7ea70\" data-id=\"2a7ea70\" data-element_type=\"column\" data-e-type=\"column\">\n\t\t\t<div class=\"elementor-widget-wrap elementor-element-populated\">\n\t\t\t\t\t\t<div class=\"elementor-element elementor-element-0c75f9a elementor-widget elementor-widget-heading\" data-id=\"0c75f9a\" data-element_type=\"widget\" data-e-type=\"widget\" data-widget_type=\"heading.default\">\n\t\t\t\t<div class=\"elementor-widget-container\">\n\t\t\t\t\t<h6 class=\"elementor-heading-title elementor-size-xl\">Devenir membre<\/h6>\t\t\t\t<\/div>\n\t\t\t\t<\/div>\n\t\t\t\t\t<\/div>\n\t\t<\/div>\n\t\t\t\t\t<\/div>\n\t\t<\/section>\n\t\t\t\t<section class=\"elementor-section elementor-top-section elementor-element elementor-element-9cef5a4 elementor-section-boxed elementor-section-height-default elementor-section-height-default\" data-id=\"9cef5a4\" data-element_type=\"section\" data-e-type=\"section\">\n\t\t\t\t\t\t<div class=\"elementor-container elementor-column-gap-default\">\n\t\t\t\t\t<div class=\"elementor-column elementor-col-100 elementor-top-column elementor-element elementor-element-d2b24b3\" data-id=\"d2b24b3\" data-element_type=\"column\" data-e-type=\"column\">\n\t\t\t<div class=\"elementor-widget-wrap elementor-element-populated\">\n\t\t\t\t\t\t<div class=\"elementor-element elementor-element-1d3af60 elementor-widget elementor-widget-spacer\" data-id=\"1d3af60\" data-element_type=\"widget\" data-e-type=\"widget\" data-widget_type=\"spacer.default\">\n\t\t\t\t<div class=\"elementor-widget-container\">\n\t\t\t\t\t\t\t<div class=\"elementor-spacer\">\n\t\t\t<div class=\"elementor-spacer-inner\"><\/div>\n\t\t<\/div>\n\t\t\t\t\t\t<\/div>\n\t\t\t\t<\/div>\n\t\t\t\t\t<\/div>\n\t\t<\/div>\n\t\t\t\t\t<\/div>\n\t\t<\/section>\n\t\t\t\t<section class=\"elementor-section elementor-top-section elementor-element elementor-element-eeb88ba elementor-section-boxed elementor-section-height-default elementor-section-height-default\" data-id=\"eeb88ba\" data-element_type=\"section\" data-e-type=\"section\">\n\t\t\t\t\t\t<div class=\"elementor-container elementor-column-gap-default\">\n\t\t\t\t\t<div class=\"elementor-column elementor-col-100 elementor-top-column elementor-element elementor-element-ed6d774\" data-id=\"ed6d774\" data-element_type=\"column\" data-e-type=\"column\">\n\t\t\t<div class=\"elementor-widget-wrap elementor-element-populated\">\n\t\t\t\t\t\t<div class=\"elementor-element elementor-element-edcc33e elementor-widget elementor-widget-heading\" data-id=\"edcc33e\" data-element_type=\"widget\" data-e-type=\"widget\" data-widget_type=\"heading.default\">\n\t\t\t\t<div class=\"elementor-widget-container\">\n\t\t\t\t\t<h3 class=\"elementor-heading-title elementor-size-medium\">L'AHS est plus qu'une association, c'est une famille de plus de 300 membres en Suisse. Les nouveaux\nmembres sont les bienvenus. Des \u00e9v\u00e9nements sociaux sont organis\u00e9s en fonction des situations et\ndes demandes. Les membres ont acc\u00e8s \u00e0 l'expertise m\u00e9dicale, psychosociale et infirmi\u00e8re, ainsi qu'au\nsoutien des groupes d'entraide locaux et de la communaut\u00e9 HD au sens large.\nAdh\u00e9rer \u00e0 l\u2019AHS vous permet de vous sentir moins seul\u00b7e pour faire face aux questions soulev\u00e9es par\nl\u2019arriv\u00e9e de la maladie dans une famille, face aux probl\u00e8mes quotidiens que celle-ci engendre:\n<\/h3>\t\t\t\t<\/div>\n\t\t\t\t<\/div>\n\t\t\t\t\t<\/div>\n\t\t<\/div>\n\t\t\t\t\t<\/div>\n\t\t<\/section>\n\t\t\t\t<section class=\"elementor-section elementor-top-section elementor-element elementor-element-b500711 elementor-section-boxed elementor-section-height-default elementor-section-height-default\" data-id=\"b500711\" data-element_type=\"section\" data-e-type=\"section\">\n\t\t\t\t\t\t<div class=\"elementor-container elementor-column-gap-default\">\n\t\t\t\t\t<div class=\"elementor-column elementor-col-100 elementor-top-column elementor-element elementor-element-966565f\" data-id=\"966565f\" data-element_type=\"column\" data-e-type=\"column\">\n\t\t\t<div class=\"elementor-widget-wrap elementor-element-populated\">\n\t\t\t\t\t\t<div class=\"elementor-element elementor-element-ac85991 elementor-widget elementor-widget-heading\" data-id=\"ac85991\" data-element_type=\"widget\" data-e-type=\"widget\" data-widget_type=\"heading.default\">\n\t\t\t\t<div class=\"elementor-widget-container\">\n\t\t\t\t\t<h2 class=\"elementor-heading-title elementor-size-default\">\u2022 Pour s\u2019unir et ainsi peser davantage sur les pouvoirs publics, sur le corps m\u00e9dical, sur le plan\nnational et international.<\/h2>\t\t\t\t<\/div>\n\t\t\t\t<\/div>\n\t\t\t\t\t<\/div>\n\t\t<\/div>\n\t\t\t\t\t<\/div>\n\t\t<\/section>\n\t\t\t\t<section class=\"elementor-section elementor-top-section elementor-element elementor-element-1f81c86 elementor-section-boxed elementor-section-height-default elementor-section-height-default\" data-id=\"1f81c86\" data-element_type=\"section\" data-e-type=\"section\">\n\t\t\t\t\t\t<div class=\"elementor-container elementor-column-gap-default\">\n\t\t\t\t\t<div class=\"elementor-column elementor-col-100 elementor-top-column elementor-element elementor-element-583547f\" data-id=\"583547f\" data-element_type=\"column\" data-e-type=\"column\">\n\t\t\t<div class=\"elementor-widget-wrap elementor-element-populated\">\n\t\t\t\t\t\t<div class=\"elementor-element elementor-element-e240214 elementor-widget elementor-widget-heading\" data-id=\"e240214\" data-element_type=\"widget\" data-e-type=\"widget\" data-widget_type=\"heading.default\">\n\t\t\t\t<div class=\"elementor-widget-container\">\n\t\t\t\t\t<h2 class=\"elementor-heading-title elementor-size-default\">\u2022 Pour se tenir inform\u00e9\u00b7e des actualit\u00e9s de l\u2019AHS et de la communaut\u00e9 scientifique.<\/h2>\t\t\t\t<\/div>\n\t\t\t\t<\/div>\n\t\t\t\t\t<\/div>\n\t\t<\/div>\n\t\t\t\t\t<\/div>\n\t\t<\/section>\n\t\t\t\t<section class=\"elementor-section elementor-top-section elementor-element elementor-element-c513601 elementor-section-boxed elementor-section-height-default elementor-section-height-default\" data-id=\"c513601\" data-element_type=\"section\" data-e-type=\"section\">\n\t\t\t\t\t\t<div class=\"elementor-container elementor-column-gap-default\">\n\t\t\t\t\t<div class=\"elementor-column elementor-col-100 elementor-top-column elementor-element elementor-element-d2bfa76\" data-id=\"d2bfa76\" data-element_type=\"column\" data-e-type=\"column\">\n\t\t\t<div class=\"elementor-widget-wrap elementor-element-populated\">\n\t\t\t\t\t\t<div class=\"elementor-element elementor-element-6fa7d9d elementor-widget elementor-widget-heading\" data-id=\"6fa7d9d\" data-element_type=\"widget\" data-e-type=\"widget\" data-widget_type=\"heading.default\">\n\t\t\t\t<div class=\"elementor-widget-container\">\n\t\t\t\t\t<h2 class=\"elementor-heading-title elementor-size-default\">\u2022 Pour soutenir financi\u00e8rement l\u2019association et lui permettre d\u2019accomplir ses missions.<\/h2>\t\t\t\t<\/div>\n\t\t\t\t<\/div>\n\t\t\t\t<div class=\"elementor-element elementor-element-c654db4 elementor-widget elementor-widget-spacer\" data-id=\"c654db4\" data-element_type=\"widget\" data-e-type=\"widget\" data-widget_type=\"spacer.default\">\n\t\t\t\t<div class=\"elementor-widget-container\">\n\t\t\t\t\t\t\t<div class=\"elementor-spacer\">\n\t\t\t<div class=\"elementor-spacer-inner\"><\/div>\n\t\t<\/div>\n\t\t\t\t\t\t<\/div>\n\t\t\t\t<\/div>\n\t\t\t\t\t<\/div>\n\t\t<\/div>\n\t\t\t\t\t<\/div>\n\t\t<\/section>\n\t\t\t\t<section class=\"elementor-section elementor-top-section elementor-element elementor-element-2f68442 elementor-section-boxed elementor-section-height-default elementor-section-height-default\" data-id=\"2f68442\" data-element_type=\"section\" data-e-type=\"section\">\n\t\t\t\t\t\t<div class=\"elementor-container elementor-column-gap-default\">\n\t\t\t\t\t<div class=\"elementor-column elementor-col-100 elementor-top-column elementor-element elementor-element-400ccb4\" data-id=\"400ccb4\" data-element_type=\"column\" data-e-type=\"column\">\n\t\t\t<div class=\"elementor-widget-wrap elementor-element-populated\">\n\t\t\t\t\t\t<div class=\"elementor-element elementor-element-14b49c7 elementor-widget elementor-widget-heading\" data-id=\"14b49c7\" data-element_type=\"widget\" data-e-type=\"widget\" data-widget_type=\"heading.default\">\n\t\t\t\t<div class=\"elementor-widget-container\">\n\t\t\t\t\t<h2 class=\"elementor-heading-title elementor-size-default\">Demande d'adh\u00e9sion<\/h2>\t\t\t\t<\/div>\n\t\t\t\t<\/div>\n\t\t\t\t\t<\/div>\n\t\t<\/div>\n\t\t\t\t\t<\/div>\n\t\t<\/section>\n\t\t\t\t<section class=\"elementor-section elementor-top-section elementor-element elementor-element-d35c977 elementor-section-boxed elementor-section-height-default elementor-section-height-default\" data-id=\"d35c977\" data-element_type=\"section\" data-e-type=\"section\">\n\t\t\t\t\t\t<div class=\"elementor-container elementor-column-gap-default\">\n\t\t\t\t\t<div class=\"elementor-column elementor-col-100 elementor-top-column elementor-element elementor-element-91ba59e\" data-id=\"91ba59e\" data-element_type=\"column\" data-e-type=\"column\">\n\t\t\t<div class=\"elementor-widget-wrap elementor-element-populated\">\n\t\t\t\t\t\t<div class=\"elementor-element elementor-element-e292837 elementor-widget elementor-widget-wpforms\" data-id=\"e292837\" data-element_type=\"widget\" data-e-type=\"widget\" data-widget_type=\"wpforms.default\">\n\t\t\t\t<div class=\"elementor-widget-container\">\n\t\t\t\t\t<div class=\"wpforms-container wpforms-container-full\" id=\"wpforms-3610\"><form id=\"wpforms-form-3610\" class=\"wpforms-validate wpforms-form wpforms-ajax-form\" data-formid=\"3610\" method=\"post\" enctype=\"multipart\/form-data\" action=\"\/fr\/wp-json\/wp\/v2\/pages\/3573\" data-token=\"8bcab08e14062a0a3a770ef278d34b4d\" data-token-time=\"1776427689\"><div class=\"wpforms-head-container\"><div class=\"wpforms-description\">*obligatoire<\/div><\/div><noscript class=\"wpforms-error-noscript\">Veuillez activer JavaScript dans votre navigateur pour remplir ce formulaire.<\/noscript><div class=\"wpforms-field-container\"><div id=\"wpforms-3610-field_3-container\" class=\"wpforms-field wpforms-field-radio\" data-field-id=\"3\"><label class=\"wpforms-field-label\">Type d&#039;adh\u00e9sion <span class=\"wpforms-required-label\">*<\/span><\/label><ul id=\"wpforms-3610-field_3\" class=\"wpforms-field-required\"><li class=\"choice-1 depth-1\"><input type=\"radio\" id=\"wpforms-3610-field_3_1\" name=\"wpforms[fields][3]\" value=\"Adh\u00e9sion individuelle (Frs. 50.-- par an)\" required ><label class=\"wpforms-field-label-inline\" for=\"wpforms-3610-field_3_1\">Adh\u00e9sion individuelle (Frs. 50.-- par an)<\/label><\/li><li class=\"choice-2 depth-1\"><input type=\"radio\" id=\"wpforms-3610-field_3_2\" name=\"wpforms[fields][3]\" value=\"Adh\u00e9sion en couple (Frs. 80.-- par an)\" required ><label class=\"wpforms-field-label-inline\" for=\"wpforms-3610-field_3_2\">Adh\u00e9sion en couple (Frs. 80.-- par an)<\/label><\/li><li class=\"choice-3 depth-1\"><input type=\"radio\" id=\"wpforms-3610-field_3_3\" name=\"wpforms[fields][3]\" value=\"Adh\u00e9sion personne morale (Frs. 100.-- par an)\" required ><label class=\"wpforms-field-label-inline\" for=\"wpforms-3610-field_3_3\">Adh\u00e9sion personne morale (Frs. 100.-- par an)<\/label><\/li><\/ul><\/div><div id=\"wpforms-3610-field_17-container\" class=\"wpforms-field wpforms-field-radio\" data-field-id=\"17\"><label class=\"wpforms-field-label\">Titre<\/label><ul id=\"wpforms-3610-field_17\"><li class=\"choice-1 depth-1\"><input type=\"radio\" id=\"wpforms-3610-field_17_1\" name=\"wpforms[fields][17]\" value=\"Mme\"  ><label class=\"wpforms-field-label-inline\" for=\"wpforms-3610-field_17_1\">Mme<\/label><\/li><li class=\"choice-2 depth-1\"><input type=\"radio\" id=\"wpforms-3610-field_17_2\" name=\"wpforms[fields][17]\" value=\"M.\"  ><label class=\"wpforms-field-label-inline\" for=\"wpforms-3610-field_17_2\">M.<\/label><\/li><li class=\"choice-3 depth-1\"><input type=\"radio\" id=\"wpforms-3610-field_17_3\" name=\"wpforms[fields][17]\" value=\"Autre\"  ><label class=\"wpforms-field-label-inline\" for=\"wpforms-3610-field_17_3\">Autre<\/label><\/li><\/ul><\/div><div id=\"wpforms-3610-field_1-container\" class=\"wpforms-field wpforms-field-name\" data-field-id=\"1\"><label class=\"wpforms-field-label\">Pr\u00e9nom et Nom <span class=\"wpforms-required-label\">*<\/span><\/label><div class=\"wpforms-field-row wpforms-field-medium\"><div class=\"wpforms-field-row-block wpforms-first wpforms-one-half\"><input type=\"text\" id=\"wpforms-3610-field_1\" class=\"wpforms-field-name-first wpforms-field-required\" name=\"wpforms[fields][1][first]\" required><label for=\"wpforms-3610-field_1\" class=\"wpforms-field-sublabel after\">Pr\u00e9nom<\/label><\/div><div class=\"wpforms-field-row-block wpforms-one-half\"><input type=\"text\" id=\"wpforms-3610-field_1-last\" class=\"wpforms-field-name-last wpforms-field-required\" name=\"wpforms[fields][1][last]\" required><label for=\"wpforms-3610-field_1-last\" class=\"wpforms-field-sublabel after\">Nom<\/label><\/div><\/div><\/div><div id=\"wpforms-3610-field_6-container\" class=\"wpforms-field wpforms-field-text\" data-field-id=\"6\"><label class=\"wpforms-field-label\" for=\"wpforms-3610-field_6\">Etablissement \/ Institution<\/label><input type=\"text\" id=\"wpforms-3610-field_6\" class=\"wpforms-field-medium\" name=\"wpforms[fields][6]\" ><\/div><div id=\"wpforms-3610-field_7-container\" class=\"wpforms-field wpforms-field-text\" data-field-id=\"7\"><label class=\"wpforms-field-label\" for=\"wpforms-3610-field_7\">Rue et num\u00e9ro <span class=\"wpforms-required-label\">*<\/span><\/label><input type=\"text\" id=\"wpforms-3610-field_7\" class=\"wpforms-field-medium wpforms-field-required\" name=\"wpforms[fields][7]\" required><\/div><div id=\"wpforms-3610-field_8-container\" class=\"wpforms-field wpforms-field-text\" data-field-id=\"8\"><label class=\"wpforms-field-label\" for=\"wpforms-3610-field_8\">N\u00b0 postal <span class=\"wpforms-required-label\">*<\/span><\/label><input type=\"text\" id=\"wpforms-3610-field_8\" class=\"wpforms-field-medium wpforms-field-required\" name=\"wpforms[fields][8]\" required><\/div><div id=\"wpforms-3610-field_9-container\" class=\"wpforms-field wpforms-field-text\" data-field-id=\"9\"><label class=\"wpforms-field-label\" for=\"wpforms-3610-field_9\">Lieu <span class=\"wpforms-required-label\">*<\/span><\/label><input type=\"text\" id=\"wpforms-3610-field_9\" class=\"wpforms-field-medium wpforms-field-required\" name=\"wpforms[fields][9]\" required><\/div><div id=\"wpforms-3610-field_10-container\" class=\"wpforms-field wpforms-field-number\" data-field-id=\"10\"><label class=\"wpforms-field-label\" for=\"wpforms-3610-field_10\">T\u00e9l\u00e9phone <span class=\"wpforms-required-label\">*<\/span><\/label><input type=\"number\" id=\"wpforms-3610-field_10\" class=\"wpforms-field-medium wpforms-field-required\" name=\"wpforms[fields][10]\" step=\"any\" required><\/div><div id=\"wpforms-3610-field_2-container\" class=\"wpforms-field wpforms-field-email\" data-field-id=\"2\"><label class=\"wpforms-field-label\" for=\"wpforms-3610-field_2\">Adresse E-mail <span class=\"wpforms-required-label\">*<\/span><\/label><input type=\"email\" id=\"wpforms-3610-field_2\" class=\"wpforms-field-medium wpforms-field-required\" name=\"wpforms[fields][2]\" spellcheck=\"false\" required><\/div><div id=\"wpforms-3610-field_18-container\" class=\"wpforms-field wpforms-field-text\" data-field-id=\"18\"><label class=\"wpforms-field-label\" for=\"wpforms-3610-field_18\">Date de naissance<\/label><input type=\"text\" id=\"wpforms-3610-field_18\" class=\"wpforms-field-medium\" name=\"wpforms[fields][18]\" ><\/div><div id=\"wpforms-3610-field_13-container\" class=\"wpforms-field wpforms-field-radio\" data-field-id=\"13\"><label class=\"wpforms-field-label\">Votre relation avec la MH<\/label><ul id=\"wpforms-3610-field_13\"><li class=\"choice-1 depth-1\"><input type=\"radio\" id=\"wpforms-3610-field_13_1\" name=\"wpforms[fields][13]\" value=\"Membre de famille MH\"  ><label class=\"wpforms-field-label-inline\" for=\"wpforms-3610-field_13_1\">Membre de famille MH<\/label><\/li><li class=\"choice-2 depth-1\"><input type=\"radio\" id=\"wpforms-3610-field_13_2\" name=\"wpforms[fields][13]\" value=\"Professionnel de la sant\u00e9\"  ><label class=\"wpforms-field-label-inline\" for=\"wpforms-3610-field_13_2\">Professionnel de la sant\u00e9<\/label><\/li><li class=\"choice-3 depth-1\"><input type=\"radio\" id=\"wpforms-3610-field_13_3\" name=\"wpforms[fields][13]\" value=\"Autre\"  ><label class=\"wpforms-field-label-inline\" for=\"wpforms-3610-field_13_3\">Autre<\/label><\/li><\/ul><\/div><div id=\"wpforms-3610-field_14-container\" class=\"wpforms-field wpforms-field-radio\" data-field-id=\"14\"><label class=\"wpforms-field-label\">Souhaitez-vous recevoir \u00ab\u00a0Der Huntington-Kurier\u00a0\u00bb, le bulletin d&#039;information en langue allemande? Gratuit pour les membres. <span class=\"wpforms-required-label\">*<\/span><\/label><ul id=\"wpforms-3610-field_14\" class=\"wpforms-field-required\"><li class=\"choice-1 depth-1\"><input type=\"radio\" id=\"wpforms-3610-field_14_1\" name=\"wpforms[fields][14]\" value=\"Oui\" required ><label class=\"wpforms-field-label-inline\" for=\"wpforms-3610-field_14_1\">Oui<\/label><\/li><li class=\"choice-2 depth-1\"><input type=\"radio\" id=\"wpforms-3610-field_14_2\" name=\"wpforms[fields][14]\" value=\"Non\" required ><label class=\"wpforms-field-label-inline\" for=\"wpforms-3610-field_14_2\">Non<\/label><\/li><\/ul><\/div><div id=\"wpforms-3610-field_4-container\" class=\"wpforms-field wpforms-field-textarea\" data-field-id=\"4\"><label class=\"wpforms-field-label\" for=\"wpforms-3610-field_4\">Commentaires<\/label><textarea id=\"wpforms-3610-field_4\" class=\"wpforms-field-medium\" name=\"wpforms[fields][4]\" ><\/textarea><\/div><\/div><!-- .wpforms-field-container --><div class=\"wpforms-submit-container\" ><input type=\"hidden\" name=\"wpforms[id]\" value=\"3610\"><input type=\"hidden\" name=\"page_title\" value=\"\"><input type=\"hidden\" name=\"page_url\" value=\"https:\/\/www.huntington.ch\/fr\/wp-json\/wp\/v2\/pages\/3573\"><input type=\"hidden\" name=\"url_referer\" value=\"\"><button type=\"submit\" name=\"wpforms[submit]\" id=\"wpforms-submit-3610\" class=\"wpforms-submit\" aria-live=\"assertive\" value=\"wpforms-submit\">Envoyer<\/button><img decoding=\"async\" src=\"https:\/\/www.huntington.ch\/wp-content\/plugins\/wpforms-lite\/assets\/images\/submit-spin.svg\" class=\"wpforms-submit-spinner\" style=\"display: none;\" width=\"26\" height=\"26\" alt=\"Chargement en cours\"><\/div><\/form><\/div>  <!-- .wpforms-container -->\t\t\t\t<\/div>\n\t\t\t\t<\/div>\n\t\t\t\t\t<\/div>\n\t\t<\/div>\n\t\t\t\t\t<\/div>\n\t\t<\/section>\n\t\t\t\t<section class=\"elementor-section elementor-top-section elementor-element elementor-element-08ab5ca elementor-section-boxed elementor-section-height-default elementor-section-height-default\" data-id=\"08ab5ca\" data-element_type=\"section\" data-e-type=\"section\">\n\t\t\t\t\t\t<div class=\"elementor-container elementor-column-gap-default\">\n\t\t\t\t\t<div class=\"elementor-column elementor-col-100 elementor-top-column elementor-element elementor-element-86196ad\" data-id=\"86196ad\" data-element_type=\"column\" data-e-type=\"column\">\n\t\t\t<div class=\"elementor-widget-wrap elementor-element-populated\">\n\t\t\t\t\t\t<div class=\"elementor-element elementor-element-3204971 elementor-widget elementor-widget-spacer\" data-id=\"3204971\" data-element_type=\"widget\" data-e-type=\"widget\" data-widget_type=\"spacer.default\">\n\t\t\t\t<div class=\"elementor-widget-container\">\n\t\t\t\t\t\t\t<div class=\"elementor-spacer\">\n\t\t\t<div class=\"elementor-spacer-inner\"><\/div>\n\t\t<\/div>\n\t\t\t\t\t\t<\/div>\n\t\t\t\t<\/div>\n\t\t\t\t\t<\/div>\n\t\t<\/div>\n\t\t\t\t\t<\/div>\n\t\t<\/section>\n\t\t\t\t<\/div>\n\t\t","protected":false},"excerpt":{"rendered":"<p>Devenir membre L&rsquo;AHS est plus qu&rsquo;une association, c&rsquo;est une famille de plus de 300 membres en Suisse. Les nouveaux membres sont les bienvenus. Des \u00e9v\u00e9nements sociaux sont organis\u00e9s en fonction [&hellip;]<\/p>\n","protected":false},"author":4,"featured_media":0,"parent":0,"menu_order":0,"comment_status":"closed","ping_status":"closed","template":"page-templates\/template-pagebuilder-full-width.php","meta":{"give_campaign_id":0,"footnotes":""},"class_list":["post-3573","page","type-page","status-publish","hentry"],"campaignId":"","jetpack_sharing_enabled":true,"_links":{"self":[{"href":"https:\/\/www.huntington.ch\/fr\/wp-json\/wp\/v2\/pages\/3573","targetHints":{"allow":["GET"]}}],"collection":[{"href":"https:\/\/www.huntington.ch\/fr\/wp-json\/wp\/v2\/pages"}],"about":[{"href":"https:\/\/www.huntington.ch\/fr\/wp-json\/wp\/v2\/types\/page"}],"author":[{"embeddable":true,"href":"https:\/\/www.huntington.ch\/fr\/wp-json\/wp\/v2\/users\/4"}],"replies":[{"embeddable":true,"href":"https:\/\/www.huntington.ch\/fr\/wp-json\/wp\/v2\/comments?post=3573"}],"version-history":[{"count":36,"href":"https:\/\/www.huntington.ch\/fr\/wp-json\/wp\/v2\/pages\/3573\/revisions"}],"predecessor-version":[{"id":9054,"href":"https:\/\/www.huntington.ch\/fr\/wp-json\/wp\/v2\/pages\/3573\/revisions\/9054"}],"wp:attachment":[{"href":"https:\/\/www.huntington.ch\/fr\/wp-json\/wp\/v2\/media?parent=3573"}],"curies":[{"name":"wp","href":"https:\/\/api.w.org\/{rel}","templated":true}]}}