{"id":3581,"date":"2023-04-25T18:27:43","date_gmt":"2023-04-25T16:27:43","guid":{"rendered":"https:\/\/new.shv.ch\/le-conseil-consultatif\/"},"modified":"2025-04-22T16:55:44","modified_gmt":"2025-04-22T14:55:44","slug":"comite-consultatif","status":"publish","type":"page","link":"https:\/\/www.huntington.ch\/fr\/comite-consultatif\/","title":{"rendered":"Comit\u00e9 consultatif"},"content":{"rendered":"\t\t<div data-elementor-type=\"wp-page\" data-elementor-id=\"3581\" class=\"elementor elementor-3581 elementor-3103\" data-elementor-post-type=\"page\">\n\t\t\t\t\t\t<section class=\"elementor-section elementor-top-section elementor-element elementor-element-e98a7cf elementor-section-full_width elementor-section-height-default elementor-section-height-default\" data-id=\"e98a7cf\" data-element_type=\"section\" data-e-type=\"section\">\n\t\t\t\t\t\t<div class=\"elementor-container elementor-column-gap-no\">\n\t\t\t\t\t<div class=\"elementor-column elementor-col-100 elementor-top-column elementor-element elementor-element-3a8a6cd\" data-id=\"3a8a6cd\" data-element_type=\"column\" data-e-type=\"column\">\n\t\t\t<div class=\"elementor-widget-wrap elementor-element-populated\">\n\t\t\t\t\t\t<div class=\"elementor-element elementor-element-37c53dc elementor-widget elementor-widget-heading\" data-id=\"37c53dc\" data-element_type=\"widget\" data-e-type=\"widget\" data-widget_type=\"heading.default\">\n\t\t\t\t<div class=\"elementor-widget-container\">\n\t\t\t\t\t<h6 class=\"elementor-heading-title elementor-size-xl\">Le Conseil Consultatif<\/h6>\t\t\t\t<\/div>\n\t\t\t\t<\/div>\n\t\t\t\t\t<\/div>\n\t\t<\/div>\n\t\t\t\t\t<\/div>\n\t\t<\/section>\n\t\t\t\t<section class=\"elementor-section elementor-top-section elementor-element elementor-element-e78ee84 elementor-section-boxed elementor-section-height-default elementor-section-height-default\" data-id=\"e78ee84\" data-element_type=\"section\" data-e-type=\"section\">\n\t\t\t\t\t\t<div class=\"elementor-container elementor-column-gap-default\">\n\t\t\t\t\t<div class=\"elementor-column elementor-col-100 elementor-top-column elementor-element elementor-element-e28d5ef\" data-id=\"e28d5ef\" data-element_type=\"column\" data-e-type=\"column\">\n\t\t\t<div class=\"elementor-widget-wrap elementor-element-populated\">\n\t\t\t\t\t\t<div class=\"elementor-element elementor-element-d869597 elementor-widget elementor-widget-spacer\" data-id=\"d869597\" data-element_type=\"widget\" data-e-type=\"widget\" data-widget_type=\"spacer.default\">\n\t\t\t\t<div class=\"elementor-widget-container\">\n\t\t\t\t\t\t\t<div class=\"elementor-spacer\">\n\t\t\t<div class=\"elementor-spacer-inner\"><\/div>\n\t\t<\/div>\n\t\t\t\t\t\t<\/div>\n\t\t\t\t<\/div>\n\t\t\t\t\t<\/div>\n\t\t<\/div>\n\t\t\t\t\t<\/div>\n\t\t<\/section>\n\t\t\t\t<section class=\"elementor-section elementor-top-section elementor-element elementor-element-531f2e8 elementor-section-boxed elementor-section-height-default elementor-section-height-default\" data-id=\"531f2e8\" data-element_type=\"section\" data-e-type=\"section\">\n\t\t\t\t\t\t<div class=\"elementor-container elementor-column-gap-default\">\n\t\t\t\t\t<div class=\"elementor-column elementor-col-100 elementor-top-column elementor-element elementor-element-53b0409\" data-id=\"53b0409\" data-element_type=\"column\" data-e-type=\"column\">\n\t\t\t<div class=\"elementor-widget-wrap elementor-element-populated\">\n\t\t\t\t\t\t<div class=\"elementor-element elementor-element-74735f6 elementor-widget elementor-widget-heading\" data-id=\"74735f6\" data-element_type=\"widget\" data-e-type=\"widget\" data-widget_type=\"heading.default\">\n\t\t\t\t<div class=\"elementor-widget-container\">\n\t\t\t\t\t<h2 class=\"elementor-heading-title elementor-size-default\">Il existe un comit\u00e9 consultatif m\u00e9dical, juridique et psychosocial.<\/h2>\t\t\t\t<\/div>\n\t\t\t\t<\/div>\n\t\t\t\t\t<\/div>\n\t\t<\/div>\n\t\t\t\t\t<\/div>\n\t\t<\/section>\n\t\t\t\t<section class=\"elementor-section elementor-top-section elementor-element elementor-element-3fea928 elementor-section-boxed elementor-section-height-default elementor-section-height-default\" data-id=\"3fea928\" data-element_type=\"section\" data-e-type=\"section\">\n\t\t\t\t\t\t<div class=\"elementor-container elementor-column-gap-default\">\n\t\t\t\t\t<div class=\"elementor-column elementor-col-100 elementor-top-column elementor-element elementor-element-eef039b\" data-id=\"eef039b\" data-element_type=\"column\" data-e-type=\"column\">\n\t\t\t<div class=\"elementor-widget-wrap elementor-element-populated\">\n\t\t\t\t\t\t<div class=\"elementor-element elementor-element-bfeb3ed elementor-widget elementor-widget-heading\" data-id=\"bfeb3ed\" data-element_type=\"widget\" data-e-type=\"widget\" data-widget_type=\"heading.default\">\n\t\t\t\t<div class=\"elementor-widget-container\">\n\t\t\t\t\t<h2 class=\"elementor-heading-title elementor-size-default\">Comit\u00e9 m\u00e9dico-scientifique<\/h2>\t\t\t\t<\/div>\n\t\t\t\t<\/div>\n\t\t\t\t<div class=\"elementor-element elementor-element-787d8a5 elementor-widget__width-initial elementor-widget elementor-widget-text-editor\" data-id=\"787d8a5\" data-element_type=\"widget\" data-e-type=\"widget\" data-widget_type=\"text-editor.default\">\n\t\t\t\t<div class=\"elementor-widget-container\">\n\t\t\t\t\t\t\t\t\t<p><b>Prof. em Dr. Jean-Marc Burgunder<br \/><\/b>Centre Huntington Suisse<br \/>c\/o Neurozentrum Siloah, Worbstrasse 312, 3073 G\u00fcmligen<br \/><a href=\"http:\/\/www.siloah.ch\">www.siloah.ch<\/a><\/p><p><b>Prof. Dr. med. Michael Orth<br \/><\/b>Schweizerisches Huntington Zentrum<br \/>Siloah,\u00a0Worbstrasse 312, 3073 G\u00fcmligen<\/p><p><b>PD-MER Dr. Julien Bally<br \/><\/b>M\u00e9decin adjoint Service de neurologie, <br \/>Unit\u00e9 des mouvements anormaux<br \/>Rue du Bugnon 46, 1011 Lausanne, CHUV<br \/>Contact: Desk de neurologie +41 21 314 1190<br \/><a href=\"http:\/\/www.chuv.ch\/fr\/neurologie\/nlg-home\/\">www.chuv.ch\/fr\/neurologie\/nlg-home\/<\/a><\/p><p><b>PD Dr med. Judith Horvath<br \/><\/b>Sp\u00e9cialiste en neurologie, membre FMH<br \/>Electroneuromyographie (SSNC)<br \/>H\u00f4pital de La Tour, 1217 Meyrin<br \/>Secr\u00e9tariat: +41 22 719 7670<br \/><a href=\"mailto:neurologie@latour.ch\">neurologie@latour.ch<\/a><\/p><p><b>Dr. Vanessa Fleury-Nissen<br \/><\/b>M\u00e9decins adjointe agr\u00e9g\u00e9e<br \/>Responsable d&rsquo;unit\u00e9<br \/>Service de neurologie, Unit\u00e9 des troubles du mouvemant<br \/>Rue Gabrielle-Perret-Gentil n\u00b04, 1205 Gen\u00e8ve<br \/><a href=\"mailto:mouvementsanormaux@hug.ch\">mouvementsanormaux@hug.ch<\/a><\/p>\t\t\t\t\t\t\t\t<\/div>\n\t\t\t\t<\/div>\n\t\t\t\t\t<\/div>\n\t\t<\/div>\n\t\t\t\t\t<\/div>\n\t\t<\/section>\n\t\t\t\t<section class=\"elementor-section elementor-top-section elementor-element elementor-element-3530e9f elementor-section-boxed elementor-section-height-default elementor-section-height-default\" data-id=\"3530e9f\" data-element_type=\"section\" data-e-type=\"section\">\n\t\t\t\t\t\t<div class=\"elementor-container elementor-column-gap-default\">\n\t\t\t\t\t<div class=\"elementor-column elementor-col-100 elementor-top-column elementor-element elementor-element-5627068\" data-id=\"5627068\" data-element_type=\"column\" data-e-type=\"column\">\n\t\t\t<div class=\"elementor-widget-wrap elementor-element-populated\">\n\t\t\t\t\t\t<div class=\"elementor-element elementor-element-95e0e1e elementor-widget-divider--view-line elementor-widget elementor-widget-divider\" data-id=\"95e0e1e\" data-element_type=\"widget\" data-e-type=\"widget\" data-widget_type=\"divider.default\">\n\t\t\t\t<div class=\"elementor-widget-container\">\n\t\t\t\t\t\t\t<div class=\"elementor-divider\">\n\t\t\t<span class=\"elementor-divider-separator\">\n\t\t\t\t\t\t<\/span>\n\t\t<\/div>\n\t\t\t\t\t\t<\/div>\n\t\t\t\t<\/div>\n\t\t\t\t<div class=\"elementor-element elementor-element-a0407ec elementor-widget elementor-widget-heading\" data-id=\"a0407ec\" data-element_type=\"widget\" data-e-type=\"widget\" data-widget_type=\"heading.default\">\n\t\t\t\t<div class=\"elementor-widget-container\">\n\t\t\t\t\t<h2 class=\"elementor-heading-title elementor-size-default\">Conseiller juridique<\/h2>\t\t\t\t<\/div>\n\t\t\t\t<\/div>\n\t\t\t\t<div class=\"elementor-element elementor-element-d1eaf9c elementor-widget elementor-widget-text-editor\" data-id=\"d1eaf9c\" data-element_type=\"widget\" data-e-type=\"widget\" data-widget_type=\"text-editor.default\">\n\t\t\t\t<div class=\"elementor-widget-container\">\n\t\t\t\t\t\t\t\t\t<p><strong>Dr. Stefan Wehrle, Advokat<\/strong><\/p><p><span>Magdenstrasse 43,\u00a0<\/span><span style=\"font-size: inherit; color: var( --e-global-color-primary );\">4058 Basel<\/span><\/p><p><span>Tel.: 061 \/ 601 48 60<\/span><\/p><p><span>stefan.wehrle@gmx.ch<\/span><\/p>\t\t\t\t\t\t\t\t<\/div>\n\t\t\t\t<\/div>\n\t\t\t\t\t<\/div>\n\t\t<\/div>\n\t\t\t\t\t<\/div>\n\t\t<\/section>\n\t\t\t\t<section class=\"elementor-section elementor-top-section elementor-element elementor-element-792a0da elementor-section-boxed elementor-section-height-default elementor-section-height-default\" data-id=\"792a0da\" data-element_type=\"section\" data-e-type=\"section\">\n\t\t\t\t\t\t<div class=\"elementor-container elementor-column-gap-default\">\n\t\t\t\t\t<div class=\"elementor-column elementor-col-100 elementor-top-column elementor-element elementor-element-862a455\" data-id=\"862a455\" data-element_type=\"column\" data-e-type=\"column\">\n\t\t\t<div class=\"elementor-widget-wrap elementor-element-populated\">\n\t\t\t\t\t\t<div class=\"elementor-element elementor-element-e505a43 elementor-widget-divider--view-line elementor-widget elementor-widget-divider\" data-id=\"e505a43\" data-element_type=\"widget\" data-e-type=\"widget\" data-widget_type=\"divider.default\">\n\t\t\t\t<div class=\"elementor-widget-container\">\n\t\t\t\t\t\t\t<div class=\"elementor-divider\">\n\t\t\t<span class=\"elementor-divider-separator\">\n\t\t\t\t\t\t<\/span>\n\t\t<\/div>\n\t\t\t\t\t\t<\/div>\n\t\t\t\t<\/div>\n\t\t\t\t<div class=\"elementor-element elementor-element-b4cafda elementor-widget elementor-widget-heading\" data-id=\"b4cafda\" data-element_type=\"widget\" data-e-type=\"widget\" data-widget_type=\"heading.default\">\n\t\t\t\t<div class=\"elementor-widget-container\">\n\t\t\t\t\t<h2 class=\"elementor-heading-title elementor-size-default\">Conseiller socio-psychologique<\/h2>\t\t\t\t<\/div>\n\t\t\t\t<\/div>\n\t\t\t\t<div class=\"elementor-element elementor-element-0c7004b elementor-widget elementor-widget-text-editor\" data-id=\"0c7004b\" data-element_type=\"widget\" data-e-type=\"widget\" data-widget_type=\"text-editor.default\">\n\t\t\t\t<div class=\"elementor-widget-container\">\n\t\t\t\t\t\t\t\t\t<p><strong style=\"font-size: inherit; color: var( --e-global-color-primary );\">Frau Jessica K\u00f6hli<\/strong><\/p><p><span style=\"font-size: inherit; color: var( --e-global-color-primary );\">Schweizerisches Huntington Zentrum<br \/>Siloah,\u00a0<\/span><span style=\"font-size: inherit; color: var( --e-global-color-primary );\">Worbstrasse 312, <\/span><span>3073 G\u00fcmligen<\/span><\/p><p><span>Jessica.Koehli@siloah.ch<\/span><\/p>\t\t\t\t\t\t\t\t<\/div>\n\t\t\t\t<\/div>\n\t\t\t\t\t<\/div>\n\t\t<\/div>\n\t\t\t\t\t<\/div>\n\t\t<\/section>\n\t\t\t\t<section class=\"elementor-section elementor-top-section elementor-element elementor-element-edc3a07 elementor-section-boxed elementor-section-height-default elementor-section-height-default\" data-id=\"edc3a07\" data-element_type=\"section\" data-e-type=\"section\">\n\t\t\t\t\t\t<div class=\"elementor-container elementor-column-gap-default\">\n\t\t\t\t\t<div class=\"elementor-column elementor-col-100 elementor-top-column elementor-element elementor-element-a6b41b8\" data-id=\"a6b41b8\" data-element_type=\"column\" data-e-type=\"column\">\n\t\t\t<div class=\"elementor-widget-wrap elementor-element-populated\">\n\t\t\t\t\t\t<div class=\"elementor-element elementor-element-3474fc8 elementor-widget elementor-widget-spacer\" data-id=\"3474fc8\" data-element_type=\"widget\" data-e-type=\"widget\" data-widget_type=\"spacer.default\">\n\t\t\t\t<div class=\"elementor-widget-container\">\n\t\t\t\t\t\t\t<div class=\"elementor-spacer\">\n\t\t\t<div class=\"elementor-spacer-inner\"><\/div>\n\t\t<\/div>\n\t\t\t\t\t\t<\/div>\n\t\t\t\t<\/div>\n\t\t\t\t\t<\/div>\n\t\t<\/div>\n\t\t\t\t\t<\/div>\n\t\t<\/section>\n\t\t\t\t<\/div>\n\t\t","protected":false},"excerpt":{"rendered":"<p>Le Conseil Consultatif Il existe un comit\u00e9 consultatif m\u00e9dical, juridique et psychosocial. Comit\u00e9 m\u00e9dico-scientifique Prof. em Dr. Jean-Marc BurgunderCentre Huntington Suissec\/o Neurozentrum Siloah, Worbstrasse 312, 3073 G\u00fcmligenwww.siloah.ch Prof. Dr. med. [&hellip;]<\/p>\n","protected":false},"author":4,"featured_media":0,"parent":0,"menu_order":0,"comment_status":"closed","ping_status":"closed","template":"page-templates\/template-pagebuilder-full-width.php","meta":{"give_campaign_id":0,"footnotes":""},"class_list":["post-3581","page","type-page","status-publish","hentry"],"campaignId":"","jetpack_sharing_enabled":true,"_links":{"self":[{"href":"https:\/\/www.huntington.ch\/fr\/wp-json\/wp\/v2\/pages\/3581","targetHints":{"allow":["GET"]}}],"collection":[{"href":"https:\/\/www.huntington.ch\/fr\/wp-json\/wp\/v2\/pages"}],"about":[{"href":"https:\/\/www.huntington.ch\/fr\/wp-json\/wp\/v2\/types\/page"}],"author":[{"embeddable":true,"href":"https:\/\/www.huntington.ch\/fr\/wp-json\/wp\/v2\/users\/4"}],"replies":[{"embeddable":true,"href":"https:\/\/www.huntington.ch\/fr\/wp-json\/wp\/v2\/comments?post=3581"}],"version-history":[{"count":31,"href":"https:\/\/www.huntington.ch\/fr\/wp-json\/wp\/v2\/pages\/3581\/revisions"}],"predecessor-version":[{"id":9842,"href":"https:\/\/www.huntington.ch\/fr\/wp-json\/wp\/v2\/pages\/3581\/revisions\/9842"}],"wp:attachment":[{"href":"https:\/\/www.huntington.ch\/fr\/wp-json\/wp\/v2\/media?parent=3581"}],"curies":[{"name":"wp","href":"https:\/\/api.w.org\/{rel}","templated":true}]}}