{"id":3618,"date":"2023-04-25T19:15:13","date_gmt":"2023-04-25T17:15:13","guid":{"rendered":"https:\/\/new.shv.ch\/page-daccueil\/"},"modified":"2025-05-22T18:01:54","modified_gmt":"2025-05-22T16:01:54","slug":"page-daccueil","status":"publish","type":"page","link":"https:\/\/www.huntington.ch\/fr\/","title":{"rendered":"Page d&rsquo;accueil"},"content":{"rendered":"\t\t<div data-elementor-type=\"wp-page\" data-elementor-id=\"3618\" class=\"elementor elementor-3618 elementor-2473\" data-elementor-post-type=\"page\">\n\t\t\t\t\t\t<section class=\"elementor-section elementor-top-section elementor-element elementor-element-1ad7c54 elementor-section-boxed elementor-section-height-default elementor-section-height-default\" data-id=\"1ad7c54\" data-element_type=\"section\" data-e-type=\"section\" data-settings=\"{&quot;background_background&quot;:&quot;classic&quot;}\">\n\t\t\t\t\t\t<div class=\"elementor-container elementor-column-gap-default\">\n\t\t\t\t\t<div class=\"elementor-column elementor-col-50 elementor-top-column elementor-element elementor-element-8aa0554\" data-id=\"8aa0554\" data-element_type=\"column\" data-e-type=\"column\">\n\t\t\t<div class=\"elementor-widget-wrap elementor-element-populated\">\n\t\t\t\t\t\t<div class=\"elementor-element elementor-element-6054ede elementor-widget elementor-widget-text-editor\" data-id=\"6054ede\" data-element_type=\"widget\" data-e-type=\"widget\" data-widget_type=\"text-editor.default\">\n\t\t\t\t<div class=\"elementor-widget-container\">\n\t\t\t\t\t\t\t\t\t<p>Association<\/p><p>Huntington<\/p><p>Suisse (AHS)<\/p>\t\t\t\t\t\t\t\t<\/div>\n\t\t\t\t<\/div>\n\t\t\t\t<div class=\"elementor-element elementor-element-9a41e74 elementor-widget__width-initial elementor-widget elementor-widget-text-editor\" data-id=\"9a41e74\" data-element_type=\"widget\" data-e-type=\"widget\" data-widget_type=\"text-editor.default\">\n\t\t\t\t<div class=\"elementor-widget-container\">\n\t\t\t\t\t\t\t\t\t<p><span>L\u2019<\/span><span>A<\/span><span>ssociation<\/span><span> <\/span><span>Huntington Suisse (AHS) est un<\/span><span>e association \u00e0 but non lucratif fond\u00e9e en 1989 par des<\/span><span> familles <\/span><span>Huntington<\/span><span>.<\/span><span> <\/span><span>Cette association s\u2019adresse \u00e0 toutes les personnes atteintes<\/span><span> <\/span><span>de la maladie de Huntington<\/span><span> <\/span><span>(anc<\/span><span>iennement c<\/span><span>hor\u00e9e de Huntington)<\/span><span> \u00e0 leurs proches <\/span><span>ainsi qu\u2019aux personnes \u00e0 risque dans toute la Suisse<\/span><span>. Elle organise r\u00e9guli\u00e8rement des sorties et des rencontres d\u2019informations.\u00a0<\/span><span>Des rencontres organis\u00e9es par les groupes d\u2019entraides locaux permettent d\u2019\u00e9changer autour des <\/span><span>probl\u00e8mes li\u00e9s \u00e0 la maladie, <\/span><span>de <\/span><span>partager <\/span><span>d<\/span><span>es exp\u00e9riences v\u00e9cues par les personnes atteintes et leurs proches. L\u2019AHS est membre de l\u2019Association Huntington Internationale (IHA) <\/span><span>et de l\u2019Association Huntington Europ\u00e9enne (EHA) <\/span><span>gr\u00e2ce auxqu<\/span><span>e<\/span><span>l<\/span><span>les<\/span><span> <\/span><span>elle est inform\u00e9e<\/span><span> <\/span><span>d<\/span><span>es<\/span><span> d\u00e9veloppement<\/span><span>s actuels<\/span><span> de la science et des recherches effectu\u00e9es dans le monde entier.<\/span><\/p>\t\t\t\t\t\t\t\t<\/div>\n\t\t\t\t<\/div>\n\t\t\t\t\t<\/div>\n\t\t<\/div>\n\t\t\t\t<div class=\"elementor-column elementor-col-50 elementor-top-column elementor-element elementor-element-8c710ee\" data-id=\"8c710ee\" data-element_type=\"column\" data-e-type=\"column\">\n\t\t\t<div class=\"elementor-widget-wrap elementor-element-populated\">\n\t\t\t\t\t\t<div class=\"elementor-element elementor-element-9eb2072 elementor-widget elementor-widget-image\" data-id=\"9eb2072\" data-element_type=\"widget\" data-e-type=\"widget\" data-widget_type=\"image.default\">\n\t\t\t\t<div class=\"elementor-widget-container\">\n\t\t\t\t\t\t\t\t\t\t\t\t\t\t\t<img decoding=\"async\" width=\"511\" height=\"511\" src=\"https:\/\/www.huntington.ch\/wp-content\/uploads\/2024\/12\/cropped-cropped-SWlogo.png\" class=\"attachment-full size-full wp-image-9129\" alt=\"\" srcset=\"https:\/\/www.huntington.ch\/wp-content\/uploads\/2024\/12\/cropped-cropped-SWlogo.png 511w, https:\/\/www.huntington.ch\/wp-content\/uploads\/2024\/12\/cropped-cropped-SWlogo-100x100.png 100w, https:\/\/www.huntington.ch\/wp-content\/uploads\/2024\/12\/cropped-cropped-SWlogo-300x300.png 300w, https:\/\/www.huntington.ch\/wp-content\/uploads\/2024\/12\/cropped-cropped-SWlogo-150x150.png 150w\" sizes=\"(max-width: 511px) 100vw, 511px\" \/>\t\t\t\t\t\t\t\t\t\t\t\t\t\t\t<\/div>\n\t\t\t\t<\/div>\n\t\t\t\t\t<\/div>\n\t\t<\/div>\n\t\t\t\t\t<\/div>\n\t\t<\/section>\n\t\t\t\t<section class=\"elementor-section elementor-top-section elementor-element elementor-element-4a16c0d elementor-section-boxed elementor-section-height-default elementor-section-height-default\" data-id=\"4a16c0d\" data-element_type=\"section\" data-e-type=\"section\">\n\t\t\t\t\t\t<div class=\"elementor-container elementor-column-gap-default\">\n\t\t\t\t\t<div class=\"elementor-column elementor-col-100 elementor-top-column elementor-element elementor-element-ddcfee6\" data-id=\"ddcfee6\" data-element_type=\"column\" data-e-type=\"column\">\n\t\t\t<div class=\"elementor-widget-wrap elementor-element-populated\">\n\t\t\t\t\t\t<div class=\"elementor-element elementor-element-8747d18 elementor-widget elementor-widget-heading\" data-id=\"8747d18\" data-element_type=\"widget\" data-e-type=\"widget\" data-widget_type=\"heading.default\">\n\t\t\t\t<div class=\"elementor-widget-container\">\n\t\t\t\t\t<h4 class=\"elementor-heading-title elementor-size-default\">\nnouvelles<\/h4>\t\t\t\t<\/div>\n\t\t\t\t<\/div>\n\t\t\t\t<div class=\"elementor-element elementor-element-1b934a2 elementor-widget elementor-widget-ucaddon_uc_card_post_carousel\" data-id=\"1b934a2\" data-element_type=\"widget\" data-e-type=\"widget\" data-widget_type=\"ucaddon_uc_card_post_carousel.default\">\n\t\t\t\t<div class=\"elementor-widget-container\">\n\t\t\t\t\t\n<!-- start Post Carousel Lite -->\n\t\t<link id='font-awesome-css' href='https:\/\/www.huntington.ch\/wp-content\/plugins\/unlimited-elements-for-elementor\/assets_libraries\/font-awesome6\/fontawesome-all.min.css' type='text\/css' rel='stylesheet' >\n\t\t<link id='font-awesome-4-shim-css' href='https:\/\/www.huntington.ch\/wp-content\/plugins\/unlimited-elements-for-elementor\/assets_libraries\/font-awesome6\/fontawesome-v4-shims.min.css' type='text\/css' rel='stylesheet' >\n\t\t<link id='owl-carousel-css' href='https:\/\/www.huntington.ch\/wp-content\/plugins\/unlimited-elements-for-elementor\/assets_libraries\/owl-carousel-new\/assets\/owl.carousel.css' type='text\/css' rel='stylesheet' >\n\n<style>\/* widget: Post Carousel Lite *\/\n\n#uc_uc_card_post_carousel_elementor_1b934a2 *{\n  box-sizing:border-box;\n}\n#uc_uc_card_post_carousel_elementor_1b934a2{\n  position:relative;\n  min-height:1px;\n}\n#uc_uc_card_post_carousel_elementor_1b934a2 .uc_image_carousel_content{\n\ttext-align:center;\n    display: flex;\n     flex-flow: column nowrap;\n}\n#uc_uc_card_post_carousel_elementor_1b934a2 .ue_post_carousel_item\n{\n  overflow:hidden;\n  \n}\n#uc_uc_card_post_carousel_elementor_1b934a2 .uc_image_carousel_bg {\n  background-repeat: no-repeat;\n}\n#uc_uc_card_post_carousel_elementor_1b934a2 .uc_image_carousel_placeholder a{\n  width:100%;\n}\n#uc_uc_card_post_carousel_elementor_1b934a2 .uc_image_carousel_bg{\n  width:100%;\n}\n#uc_uc_card_post_carousel_elementor_1b934a2 .uc_image_carousel_placeholder{\n  overflow:hidden;\n}\n\n#uc_uc_card_post_carousel_elementor_1b934a2 .ue_post_btn_holder\n{\n  margin-top:auto;\n}\n\n#uc_uc_card_post_carousel_elementor_1b934a2 .uc_more_btn{\n\n  display:inline-block;\n  text-align:center;\n  text-decoration:none;\n} \n\n.uc_overlay_image_carousel .uc_more_btn{\n  text-decoration:none;\n  display:inline-block;\n}\n\n.uc_overlay_image_carousel .uc_post_title{\n  font-size:21px;\n  text-decoration:none;\n}\n\n#uc_uc_card_post_carousel_elementor_1b934a2 .owl-nav .owl-prev{\n    position:absolute;\n    display:inline-block;\n    text-align:center;\n}\n#uc_uc_card_post_carousel_elementor_1b934a2 .owl-nav .owl-next{\n  position:absolute;\n  display:inline-block;\n  text-align:center;\n}\n\n\n#uc_uc_card_post_carousel_elementor_1b934a2 .owl-dots {\noverflow:hidden;\ndisplay:false !important;\ntext-align:center;\n}\n\n#uc_uc_card_post_carousel_elementor_1b934a2 .owl-dot {\nborder-radius:50%;\ndisplay:inline-block;\n}\n\t#uc_uc_card_post_carousel_elementor_1b934a2 .owl-stage\n        {\n            transition-timing-function: linear!important;\n        }\n\n\n\n<\/style>\n\n<div class=\"uc_overlay_image_carousel  \" id=\"uc_uc_card_post_carousel_elementor_1b934a2\" data-custom-sethtml=\"true\" >\n   <div class=\"uc_carousel owl-carousel owl-theme uc-items-wrapper\">\n   \t\t<div id=\"uc_uc_card_post_carousel_elementor_1b934a2_item1\" class=\"uc_image_carousel_container_holder ue_post_carousel_item ue-Unkategorisiert\">\n  <div class=\"uc_image_carousel_placeholder\">\n    <a href=\"https:\/\/www.huntington.ch\/fr\/the-present-court-metrage-de-dimitri-poffe-disponible-sur-youtube\/\"><div class=\"uc_image_carousel_bg\" style=\"background-image:url(https:\/\/www.huntington.ch\/wp-content\/uploads\/2024\/12\/The-Present.webp); background-position:center;\"><\/div><\/a>\n  <\/div>\n\n  <div class=\"uc_image_carousel_content\" >\n        <div class=\"ue_post_date\">30 d\u00e9cembre 2024<\/div>        <a href=\"https:\/\/www.huntington.ch\/fr\/the-present-court-metrage-de-dimitri-poffe-disponible-sur-youtube\/\" style=\"text-decoration:none;\"><div class=\"uc_post_title\" style=\"text-decoration:none;\">\"The Present\" court m\u00e9trage de Dimitri Poff\u00e9 disponible sur YouTube<\/div><\/a>    <div class=\"ue_post_intro\">\u00ab\u00a0Le pr\u00e9sent\u00a0\u00bb est un documentaire sur l\u2019histoire de Dimitri Poff\u00e9, qui a quitt\u00e9 sa France natale pour...<\/div>    \n    <div class=\"ue_post_btn_holder\"><a class=\"uc_more_btn ue-dynamic-popup-single \" href='https:\/\/www.huntington.ch\/fr\/the-present-court-metrage-de-dimitri-poffe-disponible-sur-youtube\/' href=\"https:\/\/www.huntington.ch\/fr\/the-present-court-metrage-de-dimitri-poffe-disponible-sur-youtube\/\" target=\"_self\">En Savoir Plus<\/a><\/div>    \n  <\/div>\n  \n    \n<\/div>\n<div id=\"uc_uc_card_post_carousel_elementor_1b934a2_item2\" class=\"uc_image_carousel_container_holder ue_post_carousel_item ue-Non classifi\u00e9(e)\">\n  <div class=\"uc_image_carousel_placeholder\">\n    <a href=\"https:\/\/www.huntington.ch\/fr\/charline-theo-et-leur-papa-a-falaise-pour-leur-defi-2024-et-sensibiliser-a-la-maladie-de-huntington\/\"><div class=\"uc_image_carousel_bg\" style=\"background-image:url(https:\/\/www.huntington.ch\/wp-content\/uploads\/2024\/11\/velo-5-671ebd7df103b601408535-768x432.jpg); background-position:center;\"><\/div><\/a>\n  <\/div>\n\n  <div class=\"uc_image_carousel_content\" >\n        <div class=\"ue_post_date\">12 novembre 2024<\/div>        <a href=\"https:\/\/www.huntington.ch\/fr\/charline-theo-et-leur-papa-a-falaise-pour-leur-defi-2024-et-sensibiliser-a-la-maladie-de-huntington\/\" style=\"text-decoration:none;\"><div class=\"uc_post_title\" style=\"text-decoration:none;\">Tour de Normandie \u00e0 v\u00e9lo contre la maladie de Huntington<\/div><\/a>    <div class=\"ue_post_intro\">A 52 ans, Olivier est atteint d&rsquo;un stade avanc\u00e9 de la maladie. Pour la mettre en lumi\u00e8re et pousser...<\/div>    \n    <div class=\"ue_post_btn_holder\"><a class=\"uc_more_btn ue-dynamic-popup-single \" href='https:\/\/www.huntington.ch\/fr\/charline-theo-et-leur-papa-a-falaise-pour-leur-defi-2024-et-sensibiliser-a-la-maladie-de-huntington\/' href=\"https:\/\/www.huntington.ch\/fr\/charline-theo-et-leur-papa-a-falaise-pour-leur-defi-2024-et-sensibiliser-a-la-maladie-de-huntington\/\" target=\"_self\">En Savoir Plus<\/a><\/div>    \n  <\/div>\n  \n    \n<\/div>\n<div id=\"uc_uc_card_post_carousel_elementor_1b934a2_item3\" class=\"uc_image_carousel_container_holder ue_post_carousel_item ue-Non classifi\u00e9(e)\">\n  <div class=\"uc_image_carousel_placeholder\">\n    <a href=\"https:\/\/www.huntington.ch\/fr\/ehdn-enroll-hd-2024\/\"><div class=\"uc_image_carousel_bg\" style=\"background-image:url(https:\/\/www.huntington.ch\/wp-content\/uploads\/2024\/10\/thumbnail_image001.png); background-position:center;\"><\/div><\/a>\n  <\/div>\n\n  <div class=\"uc_image_carousel_content\" >\n        <div class=\"ue_post_date\">16 octobre 2024<\/div>        <a href=\"https:\/\/www.huntington.ch\/fr\/ehdn-enroll-hd-2024\/\" style=\"text-decoration:none;\"><div class=\"uc_post_title\" style=\"text-decoration:none;\">EHDN & Enroll-HD 2024<\/div><\/a>    <div class=\"ue_post_intro\">La r\u00e9union de l\u2019EHDN (European Huntington Disease Network) 2024 \u00e0 Strasbourg rev\u00eat une grande importance,...<\/div>    \n    <div class=\"ue_post_btn_holder\"><a class=\"uc_more_btn ue-dynamic-popup-single \" href='https:\/\/www.huntington.ch\/fr\/ehdn-enroll-hd-2024\/' href=\"https:\/\/www.huntington.ch\/fr\/ehdn-enroll-hd-2024\/\" target=\"_self\">En Savoir Plus<\/a><\/div>    \n  <\/div>\n  \n    \n<\/div>\n\n   <\/div>\t\n<\/div>\n\n<!-- end Post Carousel Lite -->\t\t\t\t<\/div>\n\t\t\t\t<\/div>\n\t\t\t\t\t<\/div>\n\t\t<\/div>\n\t\t\t\t\t<\/div>\n\t\t<\/section>\n\t\t\t\t<section class=\"elementor-section elementor-top-section elementor-element elementor-element-05bfd17 elementor-section-boxed elementor-section-height-default elementor-section-height-default\" data-id=\"05bfd17\" data-element_type=\"section\" data-e-type=\"section\">\n\t\t\t\t\t\t<div class=\"elementor-container elementor-column-gap-default\">\n\t\t\t\t\t<div class=\"elementor-column elementor-col-100 elementor-top-column elementor-element elementor-element-9bee3cc\" data-id=\"9bee3cc\" data-element_type=\"column\" data-e-type=\"column\">\n\t\t\t<div class=\"elementor-widget-wrap elementor-element-populated\">\n\t\t\t\t\t\t<div class=\"elementor-element elementor-element-3eb4d58 elementor-widget elementor-widget-heading\" data-id=\"3eb4d58\" data-element_type=\"widget\" data-e-type=\"widget\" data-widget_type=\"heading.default\">\n\t\t\t\t<div class=\"elementor-widget-container\">\n\t\t\t\t\t<h4 class=\"elementor-heading-title elementor-size-default\"><b>EV\u00c9NEMENTS <\/b><\/h4>\t\t\t\t<\/div>\n\t\t\t\t<\/div>\n\t\t\t\t\t<\/div>\n\t\t<\/div>\n\t\t\t\t\t<\/div>\n\t\t<\/section>\n\t\t\t\t<section class=\"elementor-section elementor-top-section elementor-element elementor-element-c1ca765 elementor-section-boxed elementor-section-height-default elementor-section-height-default\" data-id=\"c1ca765\" data-element_type=\"section\" data-e-type=\"section\">\n\t\t\t\t\t\t\t<div class=\"elementor-background-overlay\"><\/div>\n\t\t\t\t\t\t\t<div class=\"elementor-container elementor-column-gap-default\">\n\t\t\t\t\t<div class=\"elementor-column elementor-col-50 elementor-top-column elementor-element elementor-element-5f7250e\" data-id=\"5f7250e\" data-element_type=\"column\" data-e-type=\"column\" data-settings=\"{&quot;background_background&quot;:&quot;classic&quot;}\">\n\t\t\t<div class=\"elementor-widget-wrap elementor-element-populated\">\n\t\t\t\t\t\t<div class=\"elementor-element elementor-element-da584dd elementor-widget elementor-widget-image\" data-id=\"da584dd\" data-element_type=\"widget\" data-e-type=\"widget\" data-widget_type=\"image.default\">\n\t\t\t\t<div class=\"elementor-widget-container\">\n\t\t\t\t\t\t\t\t\t\t\t\t\t\t\t<img decoding=\"async\" src=\"https:\/\/www.huntington.ch\/wp-content\/uploads\/elementor\/thumbs\/Zooh_Zurich-r66tf2z94zl00z6gijvj2tlnsc11qcu1npyn0mktj6.png\" title=\"Zooh_Zurich\" alt=\"Zooh_Zurich\" loading=\"lazy\" \/>\t\t\t\t\t\t\t\t\t\t\t\t\t\t\t<\/div>\n\t\t\t\t<\/div>\n\t\t\t\t<div class=\"elementor-element elementor-element-c19c9a8 elementor-widget elementor-widget-heading\" data-id=\"c19c9a8\" data-element_type=\"widget\" data-e-type=\"widget\" data-widget_type=\"heading.default\">\n\t\t\t\t<div class=\"elementor-widget-container\">\n\t\t\t\t\t<h2 class=\"elementor-heading-title elementor-size-default\">Journ\u00e9e Huntington 2025<\/h2>\t\t\t\t<\/div>\n\t\t\t\t<\/div>\n\t\t\t\t<div class=\"elementor-element elementor-element-952d1d1 elementor-widget-divider--view-line elementor-widget elementor-widget-divider\" data-id=\"952d1d1\" data-element_type=\"widget\" data-e-type=\"widget\" data-widget_type=\"divider.default\">\n\t\t\t\t<div class=\"elementor-widget-container\">\n\t\t\t\t\t\t\t<div class=\"elementor-divider\">\n\t\t\t<span class=\"elementor-divider-separator\">\n\t\t\t\t\t\t<\/span>\n\t\t<\/div>\n\t\t\t\t\t\t<\/div>\n\t\t\t\t<\/div>\n\t\t\t\t<div class=\"elementor-element elementor-element-12fcf68 elementor-widget elementor-widget-text-editor\" data-id=\"12fcf68\" data-element_type=\"widget\" data-e-type=\"widget\" data-widget_type=\"text-editor.default\">\n\t\t\t\t<div class=\"elementor-widget-container\">\n\t\t\t\t\t\t\t\t\t<p><strong>Le 21 Juin 2025 &#8211; Im Zoo Z\u00fcrich<\/strong><\/p><p>Participationfinanci\u00e8re:<br \/>gratuit pour les membres,<br \/>Fr.20.-pour lesnon-membres<\/p><p>Programme<br \/>10h30 &#8211;\u00a0 Arriv\u00e9e Entr\u00e9e Masoala (pas l&rsquo;entr\u00e9e principale!)<br \/>11h00 &#8211; 12h00 &#8211; Visite guid\u00e9e Masoala For\u00eat tropicale Allemand<br \/>\u00e0 partir de 12h30 &#8211; D\u00e9jeuner et visite <br \/>du zoo<\/p>\t\t\t\t\t\t\t\t<\/div>\n\t\t\t\t<\/div>\n\t\t\t\t<div class=\"elementor-element elementor-element-26fa059 elementor-button-danger elementor-align-center elementor-widget__width-initial elementor-widget elementor-widget-button\" data-id=\"26fa059\" data-element_type=\"widget\" data-e-type=\"widget\" data-widget_type=\"button.default\">\n\t\t\t\t<div class=\"elementor-widget-container\">\n\t\t\t\t\t\t\t\t\t<div class=\"elementor-button-wrapper\">\n\t\t\t\t\t<a class=\"elementor-button elementor-button-link elementor-size-sm\" href=\"https:\/\/www.huntington.ch\/wp-content\/uploads\/2025\/05\/Huntington-Tag-2025_De_Fr.pdf\" target=\"_blank\">\n\t\t\t\t\t\t<span class=\"elementor-button-content-wrapper\">\n\t\t\t\t\t\t\t\t\t<span class=\"elementor-button-text\">En savoir plus<\/span>\n\t\t\t\t\t<\/span>\n\t\t\t\t\t<\/a>\n\t\t\t\t<\/div>\n\t\t\t\t\t\t\t\t<\/div>\n\t\t\t\t<\/div>\n\t\t\t\t\t<\/div>\n\t\t<\/div>\n\t\t\t\t<div class=\"elementor-column elementor-col-50 elementor-top-column elementor-element elementor-element-c791101\" data-id=\"c791101\" data-element_type=\"column\" data-e-type=\"column\" data-settings=\"{&quot;background_background&quot;:&quot;classic&quot;}\">\n\t\t\t<div class=\"elementor-widget-wrap elementor-element-populated\">\n\t\t\t\t\t\t<div class=\"elementor-element elementor-element-9de6449 elementor-widget elementor-widget-image\" data-id=\"9de6449\" data-element_type=\"widget\" data-e-type=\"widget\" data-widget_type=\"image.default\">\n\t\t\t\t<div class=\"elementor-widget-container\">\n\t\t\t\t\t\t\t\t\t\t\t\t\t\t\t<img decoding=\"async\" src=\"https:\/\/www.huntington.ch\/wp-content\/uploads\/elementor\/thumbs\/Zoom-call-1-scaled-qg0p5cnnw05xkv2sm9331tguppa9ob481g4umwajcy.jpeg\" title=\"Zoom call 1\" alt=\"Zoom call 1\" loading=\"lazy\" \/>\t\t\t\t\t\t\t\t\t\t\t\t\t\t\t<\/div>\n\t\t\t\t<\/div>\n\t\t\t\t<div class=\"elementor-element elementor-element-b1e0e1d elementor-widget elementor-widget-heading\" data-id=\"b1e0e1d\" data-element_type=\"widget\" data-e-type=\"widget\" data-widget_type=\"heading.default\">\n\t\t\t\t<div class=\"elementor-widget-container\">\n\t\t\t\t\t<h2 class=\"elementor-heading-title elementor-size-default\">L'AHF \u00e0 vos c\u00f4t\u00e9s<\/h2>\t\t\t\t<\/div>\n\t\t\t\t<\/div>\n\t\t\t\t<div class=\"elementor-element elementor-element-00bde45 elementor-widget-divider--view-line elementor-widget elementor-widget-divider\" data-id=\"00bde45\" data-element_type=\"widget\" data-e-type=\"widget\" data-widget_type=\"divider.default\">\n\t\t\t\t<div class=\"elementor-widget-container\">\n\t\t\t\t\t\t\t<div class=\"elementor-divider\">\n\t\t\t<span class=\"elementor-divider-separator\">\n\t\t\t\t\t\t<\/span>\n\t\t<\/div>\n\t\t\t\t\t\t<\/div>\n\t\t\t\t<\/div>\n\t\t\t\t<div class=\"elementor-element elementor-element-c7a966e elementor-widget elementor-widget-text-editor\" data-id=\"c7a966e\" data-element_type=\"widget\" data-e-type=\"widget\" data-widget_type=\"text-editor.default\">\n\t\t\t\t<div class=\"elementor-widget-container\">\n\t\t\t\t\t\t\t\t\t<p><span style=\"font-size: inherit; color: var( --e-global-color-primary );\"><strong>Les rencontres de l\u2019AHF \u00ab\u00a0vivre avec la maladie de Huntington\u00a0\u00bb<\/strong> sont destin\u00e9es \u00e0 tous &#8211; malade, aidant, proche &#8211; pour \u00e9changer, \u00e9couter et partager des exp\u00e9riences du quotidien.<\/span><\/p><p>Cette rencontre a lieu <strong>chaque premier lundi du mois<\/strong>, sauf exception. Elle a lieu uniquement par visio zoom avec le lien qui vous sera envoy\u00e9 automatiquement lors de l&rsquo;inscription. <a href=\"https:\/\/calendly.com\/huntingtonfrance\/les-rencontres-de-l-ahf-en-distanciel?month=2025-02\">Merci de bien vouloir vous inscrire<\/a><\/p><p>Les <strong>Groupes d&rsquo;Entraide \u00e0 destination des personnes porteuses du g\u00e8ne et des malades<\/strong> ont lieu chaque deuxi\u00e8me mardi du mois, <strong>uniquement en visio<\/strong> pour \u00e9changer, \u00e9couter et partager des exp\u00e9riences du quotidien et trouver du r\u00e9confort. <strong>Inscriptions en ligne via le site. <\/strong><a href=\"https:\/\/calendly.com\/huntingtonfrance\/groupe-d-entraide?month=2025-05\">Merci de bien vouloir vous inscrire<\/a><\/p><p>\u00a0<\/p>\t\t\t\t\t\t\t\t<\/div>\n\t\t\t\t<\/div>\n\t\t\t\t\t<\/div>\n\t\t<\/div>\n\t\t\t\t\t<\/div>\n\t\t<\/section>\n\t\t\t\t<\/div>\n\t\t","protected":false},"excerpt":{"rendered":"<p>Association Huntington Suisse (AHS) L\u2019Association Huntington Suisse (AHS) est une association \u00e0 but non lucratif fond\u00e9e en 1989 par des familles Huntington. Cette association s\u2019adresse \u00e0 toutes les personnes atteintes [&hellip;]<\/p>\n","protected":false},"author":4,"featured_media":0,"parent":0,"menu_order":0,"comment_status":"closed","ping_status":"closed","template":"elementor_header_footer","meta":{"give_campaign_id":0,"footnotes":""},"class_list":["post-3618","page","type-page","status-publish","hentry"],"campaignId":"","jetpack_sharing_enabled":true,"_links":{"self":[{"href":"https:\/\/www.huntington.ch\/fr\/wp-json\/wp\/v2\/pages\/3618","targetHints":{"allow":["GET"]}}],"collection":[{"href":"https:\/\/www.huntington.ch\/fr\/wp-json\/wp\/v2\/pages"}],"about":[{"href":"https:\/\/www.huntington.ch\/fr\/wp-json\/wp\/v2\/types\/page"}],"author":[{"embeddable":true,"href":"https:\/\/www.huntington.ch\/fr\/wp-json\/wp\/v2\/users\/4"}],"replies":[{"embeddable":true,"href":"https:\/\/www.huntington.ch\/fr\/wp-json\/wp\/v2\/comments?post=3618"}],"version-history":[{"count":520,"href":"https:\/\/www.huntington.ch\/fr\/wp-json\/wp\/v2\/pages\/3618\/revisions"}],"predecessor-version":[{"id":9999,"href":"https:\/\/www.huntington.ch\/fr\/wp-json\/wp\/v2\/pages\/3618\/revisions\/9999"}],"wp:attachment":[{"href":"https:\/\/www.huntington.ch\/fr\/wp-json\/wp\/v2\/media?parent=3618"}],"curies":[{"name":"wp","href":"https:\/\/api.w.org\/{rel}","templated":true}]}}