{"id":3632,"date":"2023-04-25T19:26:53","date_gmt":"2023-04-25T17:26:53","guid":{"rendered":"https:\/\/new.shv.ch\/groupes-dentraide\/"},"modified":"2025-04-22T17:10:42","modified_gmt":"2025-04-22T15:10:42","slug":"groupes-dentraide","status":"publish","type":"page","link":"https:\/\/www.huntington.ch\/fr\/groupes-dentraide\/","title":{"rendered":"Groupes d\u2019entraide"},"content":{"rendered":"\t\t<div data-elementor-type=\"wp-page\" data-elementor-id=\"3632\" class=\"elementor elementor-3632 elementor-3052\" data-elementor-post-type=\"page\">\n\t\t\t\t\t\t<section class=\"elementor-section elementor-top-section elementor-element elementor-element-c764deb elementor-section-full_width elementor-section-height-default elementor-section-height-default\" data-id=\"c764deb\" data-element_type=\"section\" data-e-type=\"section\">\n\t\t\t\t\t\t<div class=\"elementor-container elementor-column-gap-no\">\n\t\t\t\t\t<div class=\"elementor-column elementor-col-100 elementor-top-column elementor-element elementor-element-9b2d771\" data-id=\"9b2d771\" data-element_type=\"column\" data-e-type=\"column\">\n\t\t\t<div class=\"elementor-widget-wrap elementor-element-populated\">\n\t\t\t\t\t\t<div class=\"elementor-element elementor-element-6d1ee86 elementor-widget elementor-widget-heading\" data-id=\"6d1ee86\" data-element_type=\"widget\" data-e-type=\"widget\" data-widget_type=\"heading.default\">\n\t\t\t\t<div class=\"elementor-widget-container\">\n\t\t\t\t\t<h6 class=\"elementor-heading-title elementor-size-xl\">Groupes d'entraide<\/h6>\t\t\t\t<\/div>\n\t\t\t\t<\/div>\n\t\t\t\t\t<\/div>\n\t\t<\/div>\n\t\t\t\t\t<\/div>\n\t\t<\/section>\n\t\t\t\t<section class=\"elementor-section elementor-top-section elementor-element elementor-element-49e8698 elementor-section-boxed elementor-section-height-default elementor-section-height-default\" data-id=\"49e8698\" data-element_type=\"section\" data-e-type=\"section\">\n\t\t\t\t\t\t<div class=\"elementor-container elementor-column-gap-default\">\n\t\t\t\t\t<div class=\"elementor-column elementor-col-100 elementor-top-column elementor-element elementor-element-90b5ed4\" data-id=\"90b5ed4\" data-element_type=\"column\" data-e-type=\"column\">\n\t\t\t<div class=\"elementor-widget-wrap elementor-element-populated\">\n\t\t\t\t\t\t<div class=\"elementor-element elementor-element-30e2621 elementor-widget elementor-widget-spacer\" data-id=\"30e2621\" data-element_type=\"widget\" data-e-type=\"widget\" data-widget_type=\"spacer.default\">\n\t\t\t\t<div class=\"elementor-widget-container\">\n\t\t\t\t\t\t\t<div class=\"elementor-spacer\">\n\t\t\t<div class=\"elementor-spacer-inner\"><\/div>\n\t\t<\/div>\n\t\t\t\t\t\t<\/div>\n\t\t\t\t<\/div>\n\t\t\t\t<div class=\"elementor-element elementor-element-af25b44 elementor-widget elementor-widget-text-editor\" data-id=\"af25b44\" data-element_type=\"widget\" data-e-type=\"widget\" data-widget_type=\"text-editor.default\">\n\t\t\t\t<div class=\"elementor-widget-container\">\n\t\t\t\t\t\t\t\t\t<p>Il existe des groupes d\u2019entraide \u00e0\u00a0<strong>B\u00e2le, \u00a0Berne, Zurich et en Romandie.<\/strong><br \/><span style=\"font-weight: 400;\">Les groupes d\u2019entraide vous offrent l\u2019occasion de vous r\u00e9unir et de parler \u00e0 des personnes qui comprennent ce que vous vivez.\u00a0 Les participants s\u2019apportent un soutien \u00e9motionnel mutuel, partagent des conseils pratiques et des informations sur les sujets qui les pr\u00e9occupent.\u00a0Parler \u00e0 des personnes qui se trouvent dans une situation similaire \u00e0 la v\u00f4tre vous aide \u00e0 clarifier vos propres sentiments \u00e0 l\u2019\u00e9gard de la MH et de ses impacts sur vous et votre famille.<\/span><\/p><p><span style=\"font-weight: 400;\">En Suisse romande, des rencontres r\u00e9gionales appel\u00e9es \u00ab caf\u00e9s-contacts \u00bb sont organis\u00e9es sur demande dans les cantons francophones. Ces rencontres, comme leur nom l\u2019indique ont lieu g\u00e9n\u00e9ralement le samedi en matin\u00e9e autour d\u2019un caf\u00e9. <\/span>Il n\u2019y a pas de th\u00e8me pr\u00e9cis. Malade, famille, proches chacun\u00b7e est bienvenu\u00b7e, pour partager ses pr\u00e9occupations avec les personnes pr\u00e9sentes.<\/p><p><span style=\"font-weight: 400;\">Les demandes sont \u00e0 adresser aux personnes de contact de Suisse romande.<\/span><\/p><p><span style=\"font-weight: 400;\">Jeunes : Si vous recherchez des informations de qualit\u00e9, compr\u00e9hensibles et adapt\u00e9es \u00e0 votre \u00e2ge, nous vous recommandons le site Web <a href=\"https:\/\/www.hdyo.org\/\">HDYO<\/a>.<\/span><\/p>\t\t\t\t\t\t\t\t<\/div>\n\t\t\t\t<\/div>\n\t\t\t\t<div class=\"elementor-element elementor-element-cdef9f1 elementor-widget elementor-widget-heading\" data-id=\"cdef9f1\" data-element_type=\"widget\" data-e-type=\"widget\" data-widget_type=\"heading.default\">\n\t\t\t\t<div class=\"elementor-widget-container\">\n\t\t\t\t\t<h2 class=\"elementor-heading-title elementor-size-default\">PERSONNES DE CONTACT<\/h2>\t\t\t\t<\/div>\n\t\t\t\t<\/div>\n\t\t\t\t\t<\/div>\n\t\t<\/div>\n\t\t\t\t\t<\/div>\n\t\t<\/section>\n\t\t\t\t<section class=\"elementor-section elementor-top-section elementor-element elementor-element-3f4e694 elementor-section-boxed elementor-section-height-default elementor-section-height-default\" data-id=\"3f4e694\" data-element_type=\"section\" data-e-type=\"section\">\n\t\t\t\t\t\t<div class=\"elementor-container elementor-column-gap-default\">\n\t\t\t\t\t<div class=\"elementor-column elementor-col-50 elementor-top-column elementor-element elementor-element-7340bd3\" data-id=\"7340bd3\" data-element_type=\"column\" data-e-type=\"column\">\n\t\t\t<div class=\"elementor-widget-wrap elementor-element-populated\">\n\t\t\t\t\t\t<div class=\"elementor-element elementor-element-5aff2f4 elementor-widget elementor-widget-text-editor\" data-id=\"5aff2f4\" data-element_type=\"widget\" data-e-type=\"widget\" data-widget_type=\"text-editor.default\">\n\t\t\t\t<div class=\"elementor-widget-container\">\n\t\t\t\t\t\t\t\t\t<h5><strong>Membres de familles:<\/strong><\/h5><p><strong>Aline Rochat \u2013 Lausanne<br \/><\/strong>Tel: 021 552 03 31 | a.rochat@huntington.ch<span style=\"background-color: #ffffff;\"><br \/><\/span><span style=\"background-color: #f2ede7;\"><b>St\u00e9phanie Rohrer-Saja \u2013 Lamboing<br \/><\/b><\/span><span style=\"background-color: #f2ede7;\">Tel: 076 319 7236<\/span><\/p>\t\t\t\t\t\t\t\t<\/div>\n\t\t\t\t<\/div>\n\t\t\t\t<div class=\"elementor-element elementor-element-ae18ada elementor-widget elementor-widget-text-editor\" data-id=\"ae18ada\" data-element_type=\"widget\" data-e-type=\"widget\" data-widget_type=\"text-editor.default\">\n\t\t\t\t<div class=\"elementor-widget-container\">\n\t\t\t\t\t\t\t\t\t<h5>\u00a0<\/h5><h5><strong>M\u00e9decins sp\u00e9cialistes:<\/strong><\/h5><p><b>Prof. em Dr. Jean-Marc Burgunder<br \/><\/b>Centre Huntington Suisse<br \/>c\/o Neurozentrum Siloah, Worbstrasse 312, 3073 G\u00fcmligen<br \/><a href=\"http:\/\/www.siloah.ch\/\">www.siloah.ch<\/a><\/p><p><b>Prof. Dr. med. Michael Orth<br \/><\/b>Schweizerisches Huntington Zentrum<br \/>Siloah,\u00a0Worbstrasse 312, 3073 G\u00fcmligen<\/p><p><b>PD-MER Dr. Julien Bally<br \/><\/b>M\u00e9decin adjoint Service de neurologie,<br \/>Unit\u00e9 des mouvements anormaux<br \/>Rue du Bugnon 46, 1011 Lausanne, CHUV<br \/>Contact: Desk de neurologie +41 21 314 1190<br \/><a href=\"http:\/\/www.chuv.ch\/fr\/neurologie\/nlg-home\/\">www.chuv.ch\/fr\/neurologie\/nlg-home\/<\/a><\/p><p><b>PD Dr med. Judith Horvath<br \/><\/b>Sp\u00e9cialiste en neurologie, membre FMH<br \/>Electroneuromyographie (SSNC)<br \/>H\u00f4pital de La Tour, 1217 Meyrin<br \/>Secr\u00e9tariat: +41 22 719 7670<br \/><a href=\"mailto:neurologie@latour.ch\">neurologie@latour.ch<\/a><\/p><p><b>Dr. Vanessa Fleury-Nissen<br \/><\/b>M\u00e9decins adjointe agr\u00e9g\u00e9e<br \/>Responsable d\u2019unit\u00e9<br \/>Service de neurologie, Unit\u00e9 des troubles du mouvemant<br \/>Rue Gabrielle-Perret-Gentil n\u00b04, 1205 Gen\u00e8ve<br \/><a href=\"mailto:mouvementsanormaux@hug.ch\">mouvementsanormaux@hug.ch<\/a><\/p>\t\t\t\t\t\t\t\t<\/div>\n\t\t\t\t<\/div>\n\t\t\t\t\t<\/div>\n\t\t<\/div>\n\t\t\t\t<div class=\"elementor-column elementor-col-50 elementor-top-column elementor-element elementor-element-a2f80a4\" data-id=\"a2f80a4\" data-element_type=\"column\" data-e-type=\"column\">\n\t\t\t<div class=\"elementor-widget-wrap elementor-element-populated\">\n\t\t\t\t\t\t<div class=\"elementor-element elementor-element-2fe444e elementor-widget elementor-widget-image\" data-id=\"2fe444e\" data-element_type=\"widget\" data-e-type=\"widget\" data-widget_type=\"image.default\">\n\t\t\t\t<div class=\"elementor-widget-container\">\n\t\t\t\t\t\t\t\t\t\t\t\t\t\t\t<img fetchpriority=\"high\" decoding=\"async\" width=\"1536\" height=\"1024\" src=\"https:\/\/www.huntington.ch\/wp-content\/uploads\/2023\/04\/6309549-1536x1024.jpg\" class=\"attachment-1536x1536 size-1536x1536 wp-image-3640\" alt=\"\" srcset=\"https:\/\/www.huntington.ch\/wp-content\/uploads\/2023\/04\/6309549-1536x1024.jpg 1536w, https:\/\/www.huntington.ch\/wp-content\/uploads\/2023\/04\/6309549-scaled-600x400.jpg 600w, https:\/\/www.huntington.ch\/wp-content\/uploads\/2023\/04\/6309549-300x200.jpg 300w, https:\/\/www.huntington.ch\/wp-content\/uploads\/2023\/04\/6309549-1024x683.jpg 1024w, https:\/\/www.huntington.ch\/wp-content\/uploads\/2023\/04\/6309549-768x512.jpg 768w, https:\/\/www.huntington.ch\/wp-content\/uploads\/2023\/04\/6309549-2048x1365.jpg 2048w, https:\/\/www.huntington.ch\/wp-content\/uploads\/2023\/04\/6309549-360x240.jpg 360w\" sizes=\"(max-width: 1536px) 100vw, 1536px\" \/>\t\t\t\t\t\t\t\t\t\t\t\t\t\t\t<\/div>\n\t\t\t\t<\/div>\n\t\t\t\t\t<\/div>\n\t\t<\/div>\n\t\t\t\t\t<\/div>\n\t\t<\/section>\n\t\t\t\t<section class=\"elementor-section elementor-top-section elementor-element elementor-element-e37ae65 elementor-section-boxed elementor-section-height-default elementor-section-height-default\" data-id=\"e37ae65\" data-element_type=\"section\" data-e-type=\"section\">\n\t\t\t\t\t\t<div class=\"elementor-container elementor-column-gap-default\">\n\t\t\t\t\t<div class=\"elementor-column elementor-col-100 elementor-top-column elementor-element elementor-element-62ea168\" data-id=\"62ea168\" data-element_type=\"column\" data-e-type=\"column\">\n\t\t\t<div class=\"elementor-widget-wrap elementor-element-populated\">\n\t\t\t\t\t\t<div class=\"elementor-element elementor-element-e0dc5e0 elementor-widget-divider--view-line elementor-widget elementor-widget-divider\" data-id=\"e0dc5e0\" data-element_type=\"widget\" data-e-type=\"widget\" data-widget_type=\"divider.default\">\n\t\t\t\t<div class=\"elementor-widget-container\">\n\t\t\t\t\t\t\t<div class=\"elementor-divider\">\n\t\t\t<span class=\"elementor-divider-separator\">\n\t\t\t\t\t\t<\/span>\n\t\t<\/div>\n\t\t\t\t\t\t<\/div>\n\t\t\t\t<\/div>\n\t\t\t\t<div class=\"elementor-element elementor-element-5771391 elementor-widget elementor-widget-heading\" data-id=\"5771391\" data-element_type=\"widget\" data-e-type=\"widget\" data-widget_type=\"heading.default\">\n\t\t\t\t<div class=\"elementor-widget-container\">\n\t\t\t\t\t<h2 class=\"elementor-heading-title elementor-size-default\">HDYO (Huntington Disease Youth Organization)<\/h2>\t\t\t\t<\/div>\n\t\t\t\t<\/div>\n\t\t\t\t\t<\/div>\n\t\t<\/div>\n\t\t\t\t\t<\/div>\n\t\t<\/section>\n\t\t\t\t<section class=\"elementor-section elementor-top-section elementor-element elementor-element-259c7b2 elementor-section-boxed elementor-section-height-default elementor-section-height-default\" data-id=\"259c7b2\" data-element_type=\"section\" data-e-type=\"section\">\n\t\t\t\t\t\t<div class=\"elementor-container elementor-column-gap-default\">\n\t\t\t\t\t<div class=\"elementor-column elementor-col-100 elementor-top-column elementor-element elementor-element-aa572bf\" data-id=\"aa572bf\" data-element_type=\"column\" data-e-type=\"column\">\n\t\t\t<div class=\"elementor-widget-wrap elementor-element-populated\">\n\t\t\t\t\t\t<div class=\"elementor-element elementor-element-8bbd922 elementor-widget elementor-widget-text-editor\" data-id=\"8bbd922\" data-element_type=\"widget\" data-e-type=\"widget\" data-widget_type=\"text-editor.default\">\n\t\t\t\t<div class=\"elementor-widget-container\">\n\t\t\t\t\t\t\t\t\t<p style=\"font-weight: 400;\">Cr\u00e9\u00e9e pour des jeunes, par des jeunes, HDYO repr\u00e9sente une g\u00e9n\u00e9ration de personnes concern\u00e9es par la M.H. (maladie de Huntington), debout, unies pour combattre ensemble la maladie. La HDYO a lanc\u00e9 son site internet sur<span>\u00a0<\/span><a href=\"https:\/\/fr.hdyo.org\" data-saferedirecturl=\"https:\/\/www.google.com\/url?q=http:\/\/hdyo.org&amp;source=gmail&amp;ust=1688459500925000&amp;usg=AOvVaw2dZS9Xsl2YwDYAgZHyeZGf\">hdyo.org<\/a>. Vous pouvez \u00e9galement suivre HDYO sur Twitter (<strong>@hdyofeed<\/strong>) et Facebook (<strong>hdyouthorg<\/strong>).<\/p><p style=\"font-weight: 400;\">Un recueil d&rsquo;articles, de forums, de vid\u00e9os offre une multitude d&rsquo;informations et du soutien. Le site est divis\u00e9 en plusieurs onglets, \u2018enfant\u2019, \u2018adolescents\u2019, \u2018jeunes adultes\u2019, \u2018parents\u2019, \u2018professionnels\u2019 et \u2018MH juv\u00e9nile\u2019 afin de simplifier la recherche d&rsquo;informations afin de l\u2019adapter \u00e0 chaque groupe.<\/p>\t\t\t\t\t\t\t\t<\/div>\n\t\t\t\t<\/div>\n\t\t\t\t<div class=\"elementor-element elementor-element-2025794 elementor-widget elementor-widget-spacer\" data-id=\"2025794\" data-element_type=\"widget\" data-e-type=\"widget\" data-widget_type=\"spacer.default\">\n\t\t\t\t<div class=\"elementor-widget-container\">\n\t\t\t\t\t\t\t<div class=\"elementor-spacer\">\n\t\t\t<div class=\"elementor-spacer-inner\"><\/div>\n\t\t<\/div>\n\t\t\t\t\t\t<\/div>\n\t\t\t\t<\/div>\n\t\t\t\t\t<\/div>\n\t\t<\/div>\n\t\t\t\t\t<\/div>\n\t\t<\/section>\n\t\t\t\t<\/div>\n\t\t","protected":false},"excerpt":{"rendered":"<p>Groupes d&rsquo;entraide Il existe des groupes d\u2019entraide \u00e0\u00a0B\u00e2le, \u00a0Berne, Zurich et en Romandie.Les groupes d\u2019entraide vous offrent l\u2019occasion de vous r\u00e9unir et de parler \u00e0 des personnes qui comprennent ce [&hellip;]<\/p>\n","protected":false},"author":4,"featured_media":0,"parent":0,"menu_order":0,"comment_status":"closed","ping_status":"closed","template":"page-templates\/template-pagebuilder-full-width.php","meta":{"give_campaign_id":0,"footnotes":""},"class_list":["post-3632","page","type-page","status-publish","hentry"],"campaignId":"","jetpack_sharing_enabled":true,"_links":{"self":[{"href":"https:\/\/www.huntington.ch\/fr\/wp-json\/wp\/v2\/pages\/3632","targetHints":{"allow":["GET"]}}],"collection":[{"href":"https:\/\/www.huntington.ch\/fr\/wp-json\/wp\/v2\/pages"}],"about":[{"href":"https:\/\/www.huntington.ch\/fr\/wp-json\/wp\/v2\/types\/page"}],"author":[{"embeddable":true,"href":"https:\/\/www.huntington.ch\/fr\/wp-json\/wp\/v2\/users\/4"}],"replies":[{"embeddable":true,"href":"https:\/\/www.huntington.ch\/fr\/wp-json\/wp\/v2\/comments?post=3632"}],"version-history":[{"count":61,"href":"https:\/\/www.huntington.ch\/fr\/wp-json\/wp\/v2\/pages\/3632\/revisions"}],"predecessor-version":[{"id":9854,"href":"https:\/\/www.huntington.ch\/fr\/wp-json\/wp\/v2\/pages\/3632\/revisions\/9854"}],"wp:attachment":[{"href":"https:\/\/www.huntington.ch\/fr\/wp-json\/wp\/v2\/media?parent=3632"}],"curies":[{"name":"wp","href":"https:\/\/api.w.org\/{rel}","templated":true}]}}