{"id":3652,"date":"2023-04-25T19:51:45","date_gmt":"2023-04-25T17:51:45","guid":{"rendered":"https:\/\/new.shv.ch\/recherche\/"},"modified":"2024-12-04T21:22:24","modified_gmt":"2024-12-04T20:22:24","slug":"recherche","status":"publish","type":"page","link":"https:\/\/www.huntington.ch\/fr\/recherche\/","title":{"rendered":"Recherche"},"content":{"rendered":"\t\t<div data-elementor-type=\"wp-page\" data-elementor-id=\"3652\" class=\"elementor elementor-3652 elementor-3181\" data-elementor-post-type=\"page\">\n\t\t\t\t\t\t<section class=\"elementor-section elementor-top-section elementor-element elementor-element-1d04ba5 elementor-section-full_width elementor-section-height-default elementor-section-height-default\" data-id=\"1d04ba5\" data-element_type=\"section\" data-e-type=\"section\">\n\t\t\t\t\t\t<div class=\"elementor-container elementor-column-gap-no\">\n\t\t\t\t\t<div class=\"elementor-column elementor-col-100 elementor-top-column elementor-element elementor-element-b7ed1eb\" data-id=\"b7ed1eb\" data-element_type=\"column\" data-e-type=\"column\">\n\t\t\t<div class=\"elementor-widget-wrap elementor-element-populated\">\n\t\t\t\t\t\t<div class=\"elementor-element elementor-element-904b7c7 elementor-widget elementor-widget-heading\" data-id=\"904b7c7\" data-element_type=\"widget\" data-e-type=\"widget\" data-widget_type=\"heading.default\">\n\t\t\t\t<div class=\"elementor-widget-container\">\n\t\t\t\t\t<h6 class=\"elementor-heading-title elementor-size-xl\">Recherche<\/h6>\t\t\t\t<\/div>\n\t\t\t\t<\/div>\n\t\t\t\t\t<\/div>\n\t\t<\/div>\n\t\t\t\t\t<\/div>\n\t\t<\/section>\n\t\t\t\t<section class=\"elementor-section elementor-top-section elementor-element elementor-element-fcf282d elementor-section-boxed elementor-section-height-default elementor-section-height-default\" data-id=\"fcf282d\" data-element_type=\"section\" data-e-type=\"section\">\n\t\t\t\t\t\t<div class=\"elementor-container elementor-column-gap-default\">\n\t\t\t\t\t<div class=\"elementor-column elementor-col-50 elementor-top-column elementor-element elementor-element-b480ec3\" data-id=\"b480ec3\" data-element_type=\"column\" data-e-type=\"column\">\n\t\t\t<div class=\"elementor-widget-wrap elementor-element-populated\">\n\t\t\t\t\t\t<div class=\"elementor-element elementor-element-01d1c09 elementor-widget elementor-widget-image\" data-id=\"01d1c09\" data-element_type=\"widget\" data-e-type=\"widget\" data-widget_type=\"image.default\">\n\t\t\t\t<div class=\"elementor-widget-container\">\n\t\t\t\t\t\t\t\t\t\t\t\t\t\t\t\t<a href=\"https:\/\/www.enroll-hd.org\/\" target=\"_blank\">\n\t\t\t\t\t\t\t<img fetchpriority=\"high\" decoding=\"async\" width=\"940\" height=\"788\" src=\"https:\/\/www.huntington.ch\/wp-content\/uploads\/2024\/10\/Design-sem-nome-37-1-1.png\" class=\"attachment-full size-full wp-image-8325\" alt=\"\" srcset=\"https:\/\/www.huntington.ch\/wp-content\/uploads\/2024\/10\/Design-sem-nome-37-1-1.png 940w, https:\/\/www.huntington.ch\/wp-content\/uploads\/2024\/10\/Design-sem-nome-37-1-1-600x503.png 600w, https:\/\/www.huntington.ch\/wp-content\/uploads\/2024\/10\/Design-sem-nome-37-1-1-300x251.png 300w, https:\/\/www.huntington.ch\/wp-content\/uploads\/2024\/10\/Design-sem-nome-37-1-1-768x644.png 768w\" sizes=\"(max-width: 940px) 100vw, 940px\" \/>\t\t\t\t\t\t\t\t<\/a>\n\t\t\t\t\t\t\t\t\t\t\t\t\t\t\t<\/div>\n\t\t\t\t<\/div>\n\t\t\t\t\t<\/div>\n\t\t<\/div>\n\t\t\t\t<div class=\"elementor-column elementor-col-50 elementor-top-column elementor-element elementor-element-33583d0\" data-id=\"33583d0\" data-element_type=\"column\" data-e-type=\"column\" data-settings=\"{&quot;background_background&quot;:&quot;classic&quot;}\">\n\t\t\t<div class=\"elementor-widget-wrap elementor-element-populated\">\n\t\t\t\t\t\t<div class=\"elementor-element elementor-element-e4a92ab elementor-widget elementor-widget-heading\" data-id=\"e4a92ab\" data-element_type=\"widget\" data-e-type=\"widget\" data-widget_type=\"heading.default\">\n\t\t\t\t<div class=\"elementor-widget-container\">\n\t\t\t\t\t<h2 class=\"elementor-heading-title elementor-size-default\">ENROLL-HD<\/h2>\t\t\t\t<\/div>\n\t\t\t\t<\/div>\n\t\t\t\t<div class=\"elementor-element elementor-element-d057d7c elementor-widget elementor-widget-text-editor\" data-id=\"d057d7c\" data-element_type=\"widget\" data-e-type=\"widget\" data-widget_type=\"text-editor.default\">\n\t\t\t\t<div class=\"elementor-widget-container\">\n\t\t\t\t\t\t\t\t\t<p><span style=\"font-weight: 400;\">Enroll-HD est une \u00e9tude d&rsquo;observation qui examine comment la maladie de Huntington se manifeste chez diff\u00e9rentes personnes et \u00e9volue au fil du temps. L&rsquo;\u00e9tude est ouverte aux personnes atteintes de la maladie de Huntington ou \u00e0 risque de l&rsquo;\u00eatre. Il est int\u00e9ressant de noter que les personnes \u00e0 risque, mais qui n&rsquo;ont pas \u00e9t\u00e9 test\u00e9es, peuvent participer \u00e0 Enroll-HD sans conna\u00eetre ou r\u00e9v\u00e9ler leur statut g\u00e9n\u00e9tique.<\/span><\/p><p><span style=\"font-weight: 400;\">Cette \u00e9tude favorise la collaboration entre les familles touch\u00e9es par la maladie de Huntington, les cliniciens et les chercheurs pour acc\u00e9l\u00e9rer les progr\u00e8s vers des traitements efficaces. La Suisse participe \u00e0 cette \u00e9tude d&rsquo;observation internationale depuis 2017, avec actuellement deux centres situ\u00e9s \u00e0 Zurich et \u00e0 Berne. Les patients int\u00e9ress\u00e9s peuvent contacter le Centre suisse de Huntington Siloah (add the link) pour obtenir plus d&rsquo;informations et se renseigner sur la participation.<\/span><\/p>\t\t\t\t\t\t\t\t<\/div>\n\t\t\t\t<\/div>\n\t\t\t\t\t<\/div>\n\t\t<\/div>\n\t\t\t\t\t<\/div>\n\t\t<\/section>\n\t\t\t\t<section class=\"elementor-section elementor-top-section elementor-element elementor-element-8680b27 elementor-section-boxed elementor-section-height-default elementor-section-height-default\" data-id=\"8680b27\" data-element_type=\"section\" data-e-type=\"section\">\n\t\t\t\t\t\t<div class=\"elementor-container elementor-column-gap-default\">\n\t\t\t\t\t<div class=\"elementor-column elementor-col-50 elementor-top-column elementor-element elementor-element-7b5bc86\" data-id=\"7b5bc86\" data-element_type=\"column\" data-e-type=\"column\" data-settings=\"{&quot;background_background&quot;:&quot;classic&quot;}\">\n\t\t\t<div class=\"elementor-widget-wrap elementor-element-populated\">\n\t\t\t\t\t\t<div class=\"elementor-element elementor-element-9650b8d elementor-widget elementor-widget-heading\" data-id=\"9650b8d\" data-element_type=\"widget\" data-e-type=\"widget\" data-widget_type=\"heading.default\">\n\t\t\t\t<div class=\"elementor-widget-container\">\n\t\t\t\t\t<h2 class=\"elementor-heading-title elementor-size-default\">Roche Generation HD2<\/h2>\t\t\t\t<\/div>\n\t\t\t\t<\/div>\n\t\t\t\t<div class=\"elementor-element elementor-element-51bf357 elementor-widget elementor-widget-text-editor\" data-id=\"51bf357\" data-element_type=\"widget\" data-e-type=\"widget\" data-widget_type=\"text-editor.default\">\n\t\t\t\t<div class=\"elementor-widget-container\">\n\t\t\t\t\t\t\t\t\t<p>ROCHE Generation HD2<span style=\"font-weight: 400;\"> est une \u00e9tude clinique qui compare diff\u00e9rentes doses de Tominersen avec un placebo chez des patients pr\u00e9sentant une maladie de Huntington prodromale (sympt\u00f4mes subtils tr\u00e8s pr\u00e9coces) et pr\u00e9coce manifeste.<\/span><\/p><p><span style=\"font-weight: 400;\">L&rsquo;objectif de <\/span>GENERATION HD2<span style=\"font-weight: 400;\"> est d&rsquo;\u00e9valuer la s\u00e9curit\u00e9, les biomarqueurs et l&rsquo;efficacit\u00e9 de Tominersen par rapport au placebo chez des personnes atteintes de la maladie de Huntington prodromale et pr\u00e9coce manifeste.<\/span><\/p><p><span style=\"font-weight: 400;\">En Suisse, il y a deux centres d&rsquo;\u00e9tude : un \u00e0 B\u00e2le et un \u00e0 Berne. Les patients int\u00e9ress\u00e9s peuvent contacter le Centre suisse de Huntington Siloah pour obtenir plus d&rsquo;informations et s&rsquo;informer sur la participation.<\/span><\/p><p><span style=\"font-weight: 400;\">La phase de recrutement de l&rsquo;\u00e9tude se termine bient\u00f4t, il est donc important de se renseigner rapidement. Les personnes qui remplissent certains crit\u00e8res ont la possibilit\u00e9 de participer \u00e0 cette \u00e9tude.<\/span><\/p>\t\t\t\t\t\t\t\t<\/div>\n\t\t\t\t<\/div>\n\t\t\t\t\t<\/div>\n\t\t<\/div>\n\t\t\t\t<div class=\"elementor-column elementor-col-50 elementor-top-column elementor-element elementor-element-a19614c\" data-id=\"a19614c\" data-element_type=\"column\" data-e-type=\"column\">\n\t\t\t<div class=\"elementor-widget-wrap elementor-element-populated\">\n\t\t\t\t\t\t<div class=\"elementor-element elementor-element-a0a330a elementor-widget elementor-widget-image\" data-id=\"a0a330a\" data-element_type=\"widget\" data-e-type=\"widget\" data-widget_type=\"image.default\">\n\t\t\t\t<div class=\"elementor-widget-container\">\n\t\t\t\t\t\t\t\t\t\t\t\t\t\t\t\t<a href=\"https:\/\/forpatients.roche.com\/en\/trials\/neurodegenerative-disorder\/hd\/a-study-to-evaluate-the-safety--biomarkers--and-efficac-41200.html\" target=\"_blank\">\n\t\t\t\t\t\t\t<img decoding=\"async\" width=\"940\" height=\"788\" src=\"https:\/\/www.huntington.ch\/wp-content\/uploads\/2024\/10\/RocheLogo-1.png\" class=\"attachment-full size-full wp-image-8331\" alt=\"\" srcset=\"https:\/\/www.huntington.ch\/wp-content\/uploads\/2024\/10\/RocheLogo-1.png 940w, https:\/\/www.huntington.ch\/wp-content\/uploads\/2024\/10\/RocheLogo-1-600x503.png 600w, https:\/\/www.huntington.ch\/wp-content\/uploads\/2024\/10\/RocheLogo-1-300x251.png 300w, https:\/\/www.huntington.ch\/wp-content\/uploads\/2024\/10\/RocheLogo-1-768x644.png 768w\" sizes=\"(max-width: 940px) 100vw, 940px\" \/>\t\t\t\t\t\t\t\t<\/a>\n\t\t\t\t\t\t\t\t\t\t\t\t\t\t\t<\/div>\n\t\t\t\t<\/div>\n\t\t\t\t\t<\/div>\n\t\t<\/div>\n\t\t\t\t\t<\/div>\n\t\t<\/section>\n\t\t\t\t<section class=\"elementor-section elementor-top-section elementor-element elementor-element-d06f3db elementor-section-boxed elementor-section-height-default elementor-section-height-default\" data-id=\"d06f3db\" data-element_type=\"section\" data-e-type=\"section\">\n\t\t\t\t\t\t<div class=\"elementor-container elementor-column-gap-default\">\n\t\t\t\t\t<div class=\"elementor-column elementor-col-100 elementor-top-column elementor-element elementor-element-2a40be8\" data-id=\"2a40be8\" data-element_type=\"column\" data-e-type=\"column\" data-settings=\"{&quot;background_background&quot;:&quot;classic&quot;}\">\n\t\t\t<div class=\"elementor-widget-wrap elementor-element-populated\">\n\t\t\t\t\t\t<div class=\"elementor-element elementor-element-7e7fe30 elementor-widget elementor-widget-heading\" data-id=\"7e7fe30\" data-element_type=\"widget\" data-e-type=\"widget\" data-widget_type=\"heading.default\">\n\t\t\t\t<div class=\"elementor-widget-container\">\n\t\t\t\t\t<h2 class=\"elementor-heading-title elementor-size-default\">\u00c9tudes mondiales<\/h2>\t\t\t\t<\/div>\n\t\t\t\t<\/div>\n\t\t\t\t<div class=\"elementor-element elementor-element-e741c36 elementor-widget elementor-widget-text-editor\" data-id=\"e741c36\" data-element_type=\"widget\" data-e-type=\"widget\" data-widget_type=\"text-editor.default\">\n\t\t\t\t<div class=\"elementor-widget-container\">\n\t\t\t\t\t\t\t\t\t<p><span style=\"font-weight: 400;\">La Suisse a activement particip\u00e9 \u00e0 diverses \u00e9tudes mondiales, notamment le Registry, DBS (<\/span><span style=\"font-weight: 400;\">Deep Brain Stimulation)<\/span><span style=\"font-weight: 400;\">, SOM et WVE. Ces \u00e9tudes sont essentielles pour comprendre et traiter la maladie de Huntington. La Suisse esp\u00e8re continuer \u00e0 participer \u00e0 des \u00e9tudes cliniques pour faire progresser la recherche. Il est important de souligner que ces efforts ne sont possibles que gr\u00e2ce \u00e0 une collaboration \u00e9troite avec la communaut\u00e9 Huntington. Ensemble, nous pouvons r\u00e9aliser des avanc\u00e9es significatives et am\u00e9liorer la qualit\u00e9 de vie des personnes touch\u00e9es.<\/span><\/p>\t\t\t\t\t\t\t\t<\/div>\n\t\t\t\t<\/div>\n\t\t\t\t\t<\/div>\n\t\t<\/div>\n\t\t\t\t\t<\/div>\n\t\t<\/section>\n\t\t\t\t<\/div>\n\t\t","protected":false},"excerpt":{"rendered":"<p>Recherche ENROLL-HD Enroll-HD est une \u00e9tude d&rsquo;observation qui examine comment la maladie de Huntington se manifeste chez diff\u00e9rentes personnes et \u00e9volue au fil du temps. L&rsquo;\u00e9tude est ouverte aux personnes [&hellip;]<\/p>\n","protected":false},"author":4,"featured_media":0,"parent":0,"menu_order":0,"comment_status":"closed","ping_status":"closed","template":"elementor_header_footer","meta":{"give_campaign_id":0,"footnotes":""},"class_list":["post-3652","page","type-page","status-publish","hentry"],"campaignId":"","jetpack_sharing_enabled":true,"_links":{"self":[{"href":"https:\/\/www.huntington.ch\/fr\/wp-json\/wp\/v2\/pages\/3652","targetHints":{"allow":["GET"]}}],"collection":[{"href":"https:\/\/www.huntington.ch\/fr\/wp-json\/wp\/v2\/pages"}],"about":[{"href":"https:\/\/www.huntington.ch\/fr\/wp-json\/wp\/v2\/types\/page"}],"author":[{"embeddable":true,"href":"https:\/\/www.huntington.ch\/fr\/wp-json\/wp\/v2\/users\/4"}],"replies":[{"embeddable":true,"href":"https:\/\/www.huntington.ch\/fr\/wp-json\/wp\/v2\/comments?post=3652"}],"version-history":[{"count":67,"href":"https:\/\/www.huntington.ch\/fr\/wp-json\/wp\/v2\/pages\/3652\/revisions"}],"predecessor-version":[{"id":9048,"href":"https:\/\/www.huntington.ch\/fr\/wp-json\/wp\/v2\/pages\/3652\/revisions\/9048"}],"wp:attachment":[{"href":"https:\/\/www.huntington.ch\/fr\/wp-json\/wp\/v2\/media?parent=3652"}],"curies":[{"name":"wp","href":"https:\/\/api.w.org\/{rel}","templated":true}]}}