{"id":6801,"date":"2023-10-10T12:00:37","date_gmt":"2023-10-10T10:00:37","guid":{"rendered":"https:\/\/new.shv.ch\/nouvelles\/"},"modified":"2025-03-25T11:21:49","modified_gmt":"2025-03-25T10:21:49","slug":"nouvelles","status":"publish","type":"page","link":"https:\/\/www.huntington.ch\/fr\/nouvelles\/","title":{"rendered":"Nouvelles"},"content":{"rendered":"\t\t<div data-elementor-type=\"wp-page\" data-elementor-id=\"6801\" class=\"elementor elementor-6801 elementor-5554\" data-elementor-post-type=\"page\">\n\t\t\t\t\t\t<section class=\"elementor-section elementor-top-section elementor-element elementor-element-9d6498f elementor-section-full_width elementor-section-height-default elementor-section-height-default\" data-id=\"9d6498f\" data-element_type=\"section\" data-e-type=\"section\">\n\t\t\t\t\t\t<div class=\"elementor-container elementor-column-gap-no\">\n\t\t\t\t\t<div class=\"elementor-column elementor-col-100 elementor-top-column elementor-element elementor-element-c6f06df\" data-id=\"c6f06df\" data-element_type=\"column\" data-e-type=\"column\">\n\t\t\t<div class=\"elementor-widget-wrap elementor-element-populated\">\n\t\t\t\t\t\t<div class=\"elementor-element elementor-element-ff3ebd4 elementor-widget elementor-widget-heading\" data-id=\"ff3ebd4\" data-element_type=\"widget\" data-e-type=\"widget\" data-widget_type=\"heading.default\">\n\t\t\t\t<div class=\"elementor-widget-container\">\n\t\t\t\t\t<h6 class=\"elementor-heading-title elementor-size-xl\">Nouvelles<\/h6>\t\t\t\t<\/div>\n\t\t\t\t<\/div>\n\t\t\t\t\t<\/div>\n\t\t<\/div>\n\t\t\t\t\t<\/div>\n\t\t<\/section>\n\t\t\t\t<section class=\"elementor-section elementor-top-section elementor-element elementor-element-9ed644f elementor-section-boxed elementor-section-height-default elementor-section-height-default\" data-id=\"9ed644f\" data-element_type=\"section\" data-e-type=\"section\">\n\t\t\t\t\t\t<div class=\"elementor-container elementor-column-gap-default\">\n\t\t\t\t\t<div class=\"elementor-column elementor-col-100 elementor-top-column elementor-element elementor-element-fb84def\" data-id=\"fb84def\" data-element_type=\"column\" data-e-type=\"column\">\n\t\t\t<div class=\"elementor-widget-wrap elementor-element-populated\">\n\t\t\t\t\t\t<div class=\"elementor-element elementor-element-ad84c79 elementor-widget elementor-widget-ucaddon_post_list\" data-id=\"ad84c79\" data-element_type=\"widget\" data-e-type=\"widget\" data-widget_type=\"ucaddon_post_list.default\">\n\t\t\t\t<div class=\"elementor-widget-container\">\n\t\t\t\t\t\n<!-- start Post List -->\n\t\t<link id='font-awesome-css' href='https:\/\/www.huntington.ch\/wp-content\/plugins\/unlimited-elements-for-elementor\/assets_libraries\/font-awesome6\/fontawesome-all.min.css' type='text\/css' rel='stylesheet' >\n\t\t<link id='font-awesome-4-shim-css' href='https:\/\/www.huntington.ch\/wp-content\/plugins\/unlimited-elements-for-elementor\/assets_libraries\/font-awesome6\/fontawesome-v4-shims.min.css' type='text\/css' rel='stylesheet' >\n\n<style>\/* widget: Post List *\/\n\n\n\n#uc_post_list_elementor_ad84c79{\n  display:grid;\n}\n\n#uc_post_list_elementor_ad84c79 .uc_post_list_image div{\n  background-size:cover;\n  background-position:center;\n}\n\n.uc_post_list .uc_post_list_box{\n\tposition: relative;\n\toverflow: hidden;\n\tdisplay: flex;\n}\n\n#uc_post_list_elementor_ad84c79 .uc_post_list_image{\n  flex-grow:0;\n  flex-shrink:0;\n  overflow: hidden;\n}\n\n#uc_post_list_elementor_ad84c79 .uc_post_list_image img{\n  width:100%;\n  height:100%;\n  display:block;\n  transition:0.3s;  \n}\n\n.uc_post_list_title a{\n\tcolor: #333333;\n    display: block;\n}\n\n.uc_post_list_date{\n\tfont-size: 12px;\n}\n\n#uc_post_list_elementor_ad84c79 .uc_post_list_content{\n  display:flex;\n  flex-direction:column;\n  flex:1;\n}\n\n#uc_post_list_elementor_ad84c79 .uc_more_btn{\n  text-align:center;\n  text-decoration:none;\n  transition:0.3s;\n  position: relative;\n  z-index: 1;\n}\n\n#uc_post_list_elementor_ad84c79 .button-on-side{\n  display:flex;\n  align-items:center;\n}\n\n#uc_post_list_elementor_ad84c79 .ue-grid-item-category{\n  display: flex;\n  align-items: center;\n}\n\n.ue-grid-item-category a{\n  display:inline-block;\n  font-size:10px;\n  text-transform:uppercase;\n  white-space: nowrap;\n}\n\n#uc_post_list_elementor_ad84c79 .ue-meta-data{  \n  display:flex;\n  flex-wrap: wrap;\n  line-height:1em;\n}\n\n#uc_post_list_elementor_ad84c79 .ue-grid-item-meta-data{\n      display:inline-flex;\n      align-items:center;\n}\n\n.ue-grid-item-meta-data{\n  font-size:12px;\n}\n\n#uc_post_list_elementor_ad84c79 .ue-grid-item-meta-data-icon{\n  line-height:1em;\n}\n\n#uc_post_list_elementor_ad84c79 .ue-grid-item-meta-data-icon svg{\n  width:1em;\n  height:1em;\n} \n\n#uc_post_list_elementor_ad84c79 .ue-debug-meta{\n  padding:10px;\n  border:1px solid red;\n  position:relative;\n  line-height:1.5em;\n  font-size:11px;\n  width:100%;\n}\n\n.uc-remote-parent .uc_post_list_box{\n\tcursor:pointer;\n}\n\n#uc_post_list_elementor_ad84c79 .ue-post-link-overlay{\n  display:block;\n  position:absolute;\n  top:0;\n  bottom:0;\n  right:0;\n  left:0;\n}\n\n\n\n\n<\/style>\n\n<div class=\"uc_post_list uc-items-wrapper \" id=\"uc_post_list_elementor_ad84c79\"  >    \t\n  <div class=\"uc_post_list_box\" data-category=\"Unkategorisiert\">\n  \n  \t    <div class=\"uc_post_list_image\">\n      <a href=\"https:\/\/www.huntington.ch\/fr\/the-present-court-metrage-de-dimitri-poffe-disponible-sur-youtube\/\" target=\"_self\" title=\"&quot;The Present&quot; court m\u00e9trage de Dimitri Poff\u00e9 disponible sur YouTube\">\n          \n            <img decoding=\"async\" src=\"https:\/\/www.huntington.ch\/wp-content\/uploads\/2024\/12\/The-Present.webp\"  src=\"https:\/\/www.huntington.ch\/wp-content\/uploads\/2024\/12\/The-Present.webp\" alt=\"The-Present\" width=\"540\" height=\"800\">\n        \t        \n      <\/a>\n    <\/div>\n  \t\t\n  \n    <div class=\"uc_post_list_content\">\n      <div class=\"uc_post_list_content_inside\">\n        \n                \n             \n        <div class=\"uc_post_list_title\"><a target=\"_self\" href=\"https:\/\/www.huntington.ch\/fr\/the-present-court-metrage-de-dimitri-poffe-disponible-sur-youtube\/\" title=\"&quot;The Present&quot; court m\u00e9trage de Dimitri Poff\u00e9 disponible sur YouTube\">\"The Present\" court m\u00e9trage de Dimitri Poff\u00e9 disponible sur YouTube<\/a><\/div>                 \n        <div class=\"ue-meta-data\">\n  <div class=\"ue-grid-item-meta-data\"><span class=\"ue-grid-item-meta-data-icon\"><i class='fas fa-calendar-week'><\/i><\/span>  30 d\u00e9cembre 2024<\/div>               \n                \n            \n              \n              \n  \n      \n<\/div>      \n               \n        <div class=\"uc_post_content\">\u00ab\u00a0Le pr\u00e9sent\u00a0\u00bb est un documentaire sur l\u2019histoire de Dimitri Poff\u00e9, qui a quitt\u00e9 sa France natale pour effectuer un voyage cycliste de 18000 km, du Mexique \u00e0 la Patagonie, apr\u00e8s avoir \u00e9t\u00e9 test\u00e9 positif...<\/div>                          \n        <a target=\"_self\" href='https:\/\/www.huntington.ch\/fr\/the-present-court-metrage-de-dimitri-poffe-disponible-sur-youtube\/' class=\"uc_more_btn  \" title=\"\">En Savoir Plus<\/a>        \n      <\/div>\n    <\/div>\n     \n       \n  \n   <\/div>\n<div class=\"uc_post_list_box\" data-category=\"Non classifi\u00e9(e)\">\n  \n  \t    <div class=\"uc_post_list_image\">\n      <a href=\"https:\/\/www.huntington.ch\/fr\/charline-theo-et-leur-papa-a-falaise-pour-leur-defi-2024-et-sensibiliser-a-la-maladie-de-huntington\/\" target=\"_self\" title=\"Tour de Normandie \u00e0 v\u00e9lo contre la maladie de Huntington\">\n          \n            <img loading=\"lazy\" decoding=\"async\" src=\"https:\/\/www.huntington.ch\/wp-content\/uploads\/2024\/11\/velo-5-671ebd7df103b601408535-768x432.jpg\"  src=\"https:\/\/www.huntington.ch\/wp-content\/uploads\/2024\/11\/velo-5-671ebd7df103b601408535-768x432.jpg\" alt=\"velo-5-671ebd7df103b601408535\" width=\"768\" height=\"432\">\n        \t        \n      <\/a>\n    <\/div>\n  \t\t\n  \n    <div class=\"uc_post_list_content\">\n      <div class=\"uc_post_list_content_inside\">\n        \n                \n             \n        <div class=\"uc_post_list_title\"><a target=\"_self\" href=\"https:\/\/www.huntington.ch\/fr\/charline-theo-et-leur-papa-a-falaise-pour-leur-defi-2024-et-sensibiliser-a-la-maladie-de-huntington\/\" title=\"Tour de Normandie \u00e0 v\u00e9lo contre la maladie de Huntington\">Tour de Normandie \u00e0 v\u00e9lo contre la maladie de Huntington<\/a><\/div>                 \n        <div class=\"ue-meta-data\">\n  <div class=\"ue-grid-item-meta-data\"><span class=\"ue-grid-item-meta-data-icon\"><i class='fas fa-calendar-week'><\/i><\/span>  12 novembre 2024<\/div>               \n                \n            \n              \n              \n  \n      \n<\/div>      \n               \n        <div class=\"uc_post_content\">A 52 ans, Olivier est atteint d&rsquo;un stade avanc\u00e9 de la maladie. Pour la mettre en lumi\u00e8re et pousser la recherche contre Huntington, ses enfants lancent r\u00e9guli\u00e8rement des d\u00e9fis sportifs avec leur...<\/div>                          \n        <a target=\"_self\" href='https:\/\/www.huntington.ch\/fr\/charline-theo-et-leur-papa-a-falaise-pour-leur-defi-2024-et-sensibiliser-a-la-maladie-de-huntington\/' class=\"uc_more_btn  \" title=\"\">En Savoir Plus<\/a>        \n      <\/div>\n    <\/div>\n     \n       \n  \n   <\/div>\n<div class=\"uc_post_list_box\" data-category=\"Non classifi\u00e9(e)\">\n  \n  \t    <div class=\"uc_post_list_image\">\n      <a href=\"https:\/\/www.huntington.ch\/fr\/ehdn-enroll-hd-2024\/\" target=\"_self\" title=\"EHDN &amp; Enroll-HD 2024\">\n          \n            <img loading=\"lazy\" decoding=\"async\" src=\"https:\/\/www.huntington.ch\/wp-content\/uploads\/2024\/10\/thumbnail_image001.png\"  src=\"https:\/\/www.huntington.ch\/wp-content\/uploads\/2024\/10\/thumbnail_image001.png\" alt=\"thumbnail_image001\" width=\"702\" height=\"708\">\n        \t        \n      <\/a>\n    <\/div>\n  \t\t\n  \n    <div class=\"uc_post_list_content\">\n      <div class=\"uc_post_list_content_inside\">\n        \n                \n             \n        <div class=\"uc_post_list_title\"><a target=\"_self\" href=\"https:\/\/www.huntington.ch\/fr\/ehdn-enroll-hd-2024\/\" title=\"EHDN &amp; Enroll-HD 2024\">EHDN & Enroll-HD 2024<\/a><\/div>                 \n        <div class=\"ue-meta-data\">\n  <div class=\"ue-grid-item-meta-data\"><span class=\"ue-grid-item-meta-data-icon\"><i class='fas fa-calendar-week'><\/i><\/span>  16 octobre 2024<\/div>               \n                \n            \n              \n              \n  \n      \n<\/div>      \n               \n        <div class=\"uc_post_content\">La r\u00e9union de l\u2019EHDN (European Huntington Disease Network) 2024 \u00e0 Strasbourg rev\u00eat une grande importance, car elle constitue l&rsquo;un des principaux rassemblements mondiaux consacr\u00e9s \u00e0 la maladie de...<\/div>                          \n        <a target=\"_self\" href='https:\/\/www.huntington.ch\/fr\/ehdn-enroll-hd-2024\/' class=\"uc_more_btn  \" title=\"\">En Savoir Plus<\/a>        \n      <\/div>\n    <\/div>\n     \n       \n  \n   <\/div>\n<div class=\"uc_post_list_box\" data-category=\"Non classifi\u00e9(e)\">\n  \n  \t    <div class=\"uc_post_list_image\">\n      <a href=\"https:\/\/www.huntington.ch\/fr\/journee-huntington-dans-la-ramseier-erlebniswelt\/\" target=\"_self\" title=\"Journ\u00e9e Huntington\u00a0\u00e0 l\u2019entreprise\u00a0Ramseier\">\n          \n            <img loading=\"lazy\" decoding=\"async\" src=\"https:\/\/www.huntington.ch\/wp-content\/uploads\/2024\/06\/Ramseier-Group-768x512.jpeg\"  src=\"https:\/\/www.huntington.ch\/wp-content\/uploads\/2024\/06\/Ramseier-Group-768x512.jpeg\" alt=\"Ramseier Group\" width=\"768\" height=\"512\">\n        \t        \n      <\/a>\n    <\/div>\n  \t\t\n  \n    <div class=\"uc_post_list_content\">\n      <div class=\"uc_post_list_content_inside\">\n        \n                \n             \n        <div class=\"uc_post_list_title\"><a target=\"_self\" href=\"https:\/\/www.huntington.ch\/fr\/journee-huntington-dans-la-ramseier-erlebniswelt\/\" title=\"Journ\u00e9e Huntington\u00a0\u00e0 l\u2019entreprise\u00a0Ramseier\">Journ\u00e9e Huntington\u00a0\u00e0 l\u2019entreprise\u00a0Ramseier<\/a><\/div>                 \n        <div class=\"ue-meta-data\">\n  <div class=\"ue-grid-item-meta-data\"><span class=\"ue-grid-item-meta-data-icon\"><i class='fas fa-calendar-week'><\/i><\/span>  3 juillet 2024<\/div>               \n                \n            \n              \n              \n  \n      \n<\/div>      \n               \n        <div class=\"uc_post_content\">La journ\u00e9e Huntington organis\u00e9e \u00e0 l\u2019entreprise Ramseier, a \u00e9t\u00e9 une belle exp\u00e9rience o\u00f9 nous avons d\u00e9couvert les processus de cette entreprise suisse connue pour ses boissons naturelles aux fruits. \u00c0 l&rsquo;instar...<\/div>                          \n        <a target=\"_self\" href='https:\/\/www.huntington.ch\/fr\/journee-huntington-dans-la-ramseier-erlebniswelt\/' class=\"uc_more_btn  \" title=\"\">En Savoir Plus<\/a>        \n      <\/div>\n    <\/div>\n     \n       \n  \n   <\/div>\n<div class=\"uc_post_list_box\" data-category=\"T\u00e9moinages\">\n  \n  \t    <div class=\"uc_post_list_image\">\n      <a href=\"https:\/\/www.huntington.ch\/fr\/triple-forts-une-famille-qui-se-bat-contre-la-maladie-huntington-lhistoire-de-leur-nouveau-defi-le-longue-distance\/\" target=\"_self\" title=\"Triple &amp; Forts\">\n          \n            <img loading=\"lazy\" decoding=\"async\" src=\"https:\/\/www.huntington.ch\/wp-content\/uploads\/2024\/01\/Triple-Forts-768x503.png\"  src=\"https:\/\/www.huntington.ch\/wp-content\/uploads\/2024\/01\/Triple-Forts-768x503.png\" alt=\"Triple &amp; Forts\" width=\"768\" height=\"503\">\n        \t        \n      <\/a>\n    <\/div>\n  \t\t\n  \n    <div class=\"uc_post_list_content\">\n      <div class=\"uc_post_list_content_inside\">\n        \n                \n             \n        <div class=\"uc_post_list_title\"><a target=\"_self\" href=\"https:\/\/www.huntington.ch\/fr\/triple-forts-une-famille-qui-se-bat-contre-la-maladie-huntington-lhistoire-de-leur-nouveau-defi-le-longue-distance\/\" title=\"Triple &amp; Forts\">Triple & Forts<\/a><\/div>                 \n        <div class=\"ue-meta-data\">\n  <div class=\"ue-grid-item-meta-data\"><span class=\"ue-grid-item-meta-data-icon\"><i class='fas fa-calendar-week'><\/i><\/span>  2 janvier 2024<\/div>               \n                \n            \n              \n              \n  \n      \n<\/div>      \n               \n        <div class=\"uc_post_content\">Une famille qui se bat contre la maladie Huntington L&rsquo;histoire de leur nouveau d\u00e9fi : le Longue Distance\n\nCliquez ici<\/div>                          \n        <a target=\"_self\" href='https:\/\/www.huntington.ch\/fr\/triple-forts-une-famille-qui-se-bat-contre-la-maladie-huntington-lhistoire-de-leur-nouveau-defi-le-longue-distance\/' class=\"uc_more_btn  \" title=\"\">En Savoir Plus<\/a>        \n      <\/div>\n    <\/div>\n     \n       \n  \n   <\/div>\n<div class=\"uc_post_list_box\" data-category=\"Non classifi\u00e9(e)\">\n  \n  \t    <div class=\"uc_post_list_image\">\n      <a href=\"https:\/\/www.huntington.ch\/fr\/dimitri-poffe-explore-for-huntington-raconte-son-aventure-dans-un-nouveau-documentaire-the-present\/\" target=\"_self\" title=\"Dimitri Poff\u00e9 (Explore for Huntington) raconte son aventure dans un nouveau documentaire \u00ab The Present \u00bb\">\n          \n            <img loading=\"lazy\" decoding=\"async\" src=\"https:\/\/www.huntington.ch\/wp-content\/uploads\/2024\/01\/Dimitri-Poffe-768x360.png\"  src=\"https:\/\/www.huntington.ch\/wp-content\/uploads\/2024\/01\/Dimitri-Poffe-768x360.png\" alt=\"Dimitri Poffe\u0301\" width=\"768\" height=\"360\">\n        \t        \n      <\/a>\n    <\/div>\n  \t\t\n  \n    <div class=\"uc_post_list_content\">\n      <div class=\"uc_post_list_content_inside\">\n        \n                \n             \n        <div class=\"uc_post_list_title\"><a target=\"_self\" href=\"https:\/\/www.huntington.ch\/fr\/dimitri-poffe-explore-for-huntington-raconte-son-aventure-dans-un-nouveau-documentaire-the-present\/\" title=\"Dimitri Poff\u00e9 (Explore for Huntington) raconte son aventure dans un nouveau documentaire \u00ab The Present \u00bb\">Dimitri Poff\u00e9 (Explore for Huntington) raconte son aventure dans un nouveau documentaire \u00ab The Present \u00bb<\/a><\/div>                 \n        <div class=\"ue-meta-data\">\n  <div class=\"ue-grid-item-meta-data\"><span class=\"ue-grid-item-meta-data-icon\"><i class='fas fa-calendar-week'><\/i><\/span>  2 janvier 2024<\/div>               \n                \n            \n              \n              \n  \n      \n<\/div>      \n               \n        <div class=\"uc_post_content\">La communaut\u00e9 des personnes atteintes de la maladie de Huntington conna\u00eet d\u00e9j\u00e0 trop bien les aventures de Dimitri Poff\u00e9. Le voyageur fran\u00e7ais qui effectue un p\u00e9riple \u00e0 v\u00e9lo \u00e0 travers toute l&rsquo;Am\u00e9rique...<\/div>                          \n        <a target=\"_self\" href='https:\/\/www.huntington.ch\/fr\/dimitri-poffe-explore-for-huntington-raconte-son-aventure-dans-un-nouveau-documentaire-the-present\/' class=\"uc_more_btn  \" title=\"\">En Savoir Plus<\/a>        \n      <\/div>\n    <\/div>\n     \n       \n  \n   <\/div>\n<div class=\"uc_post_list_box\" data-category=\"Non classifi\u00e9(e)\">\n  \n  \t    <div class=\"uc_post_list_image\">\n      <a href=\"https:\/\/www.huntington.ch\/fr\/la-journee-nationale-de-la-maladie-de-huntington\/\" target=\"_self\" title=\"La Journ\u00e9e nationale de la maladie de Huntington\">\n          \n            <img loading=\"lazy\" decoding=\"async\" src=\"https:\/\/www.huntington.ch\/wp-content\/uploads\/2023\/11\/Image-Journee-Nationale-De-La-Maladie-De-Huntington-e1701159309499.png\"  src=\"https:\/\/www.huntington.ch\/wp-content\/uploads\/2023\/11\/Image-Journee-Nationale-De-La-Maladie-De-Huntington-e1701159309499.png\" alt=\"Image Journe\u0301e Nationale De La Maladie De Huntington\" width=\"722\" height=\"665\">\n        \t        \n      <\/a>\n    <\/div>\n  \t\t\n  \n    <div class=\"uc_post_list_content\">\n      <div class=\"uc_post_list_content_inside\">\n        \n                \n             \n        <div class=\"uc_post_list_title\"><a target=\"_self\" href=\"https:\/\/www.huntington.ch\/fr\/la-journee-nationale-de-la-maladie-de-huntington\/\" title=\"La Journ\u00e9e nationale de la maladie de Huntington\">La Journ\u00e9e nationale de la maladie de Huntington<\/a><\/div>                 \n        <div class=\"ue-meta-data\">\n  <div class=\"ue-grid-item-meta-data\"><span class=\"ue-grid-item-meta-data-icon\"><i class='fas fa-calendar-week'><\/i><\/span>  15 d\u00e9cembre 2023<\/div>               \n                \n            \n              \n              \n  \n      \n<\/div>      \n               \n        <div class=\"uc_post_content\">Les intervenants de la communaut\u00e9 scientifique nationale et internationale pr\u00e9senteront les travaux de recherche en cours mais aussi les nouvelles perspectives. Le \u00ab&nbsp;mieux-vivre&nbsp;\u00bb avec la maladie...<\/div>                          \n        <a target=\"_self\" href='https:\/\/www.huntington.ch\/fr\/la-journee-nationale-de-la-maladie-de-huntington\/' class=\"uc_more_btn  \" title=\"\">En Savoir Plus<\/a>        \n      <\/div>\n    <\/div>\n     \n       \n  \n   <\/div>\n<div class=\"uc_post_list_box\" data-category=\"Non classifi\u00e9(e)\">\n  \n  \t    <div class=\"uc_post_list_image\">\n      <a href=\"https:\/\/www.huntington.ch\/fr\/hd-buzz-mise-en-ligne-de-la-conference-therapeutique-davril-2023-sur-la-maladie-de-huntington-traduite-en-francais\/\" target=\"_self\" title=\"HD BUZZ : mise en ligne de la conf\u00e9rence th\u00e9rapeutique d&#039;avril 2023 sur la maladie de Huntington traduite en fran\u00e7ais\">\n          \n            <img loading=\"lazy\" decoding=\"async\" src=\"https:\/\/www.huntington.ch\/wp-content\/uploads\/2023\/06\/HD-Buzz-768x384.jpeg\"  src=\"https:\/\/www.huntington.ch\/wp-content\/uploads\/2023\/06\/HD-Buzz-768x384.jpeg\" alt=\"HD Buzz\" width=\"768\" height=\"384\">\n        \t        \n      <\/a>\n    <\/div>\n  \t\t\n  \n    <div class=\"uc_post_list_content\">\n      <div class=\"uc_post_list_content_inside\">\n        \n                \n             \n        <div class=\"uc_post_list_title\"><a target=\"_self\" href=\"https:\/\/www.huntington.ch\/fr\/hd-buzz-mise-en-ligne-de-la-conference-therapeutique-davril-2023-sur-la-maladie-de-huntington-traduite-en-francais\/\" title=\"HD BUZZ : mise en ligne de la conf\u00e9rence th\u00e9rapeutique d&#039;avril 2023 sur la maladie de Huntington traduite en fran\u00e7ais\">HD BUZZ : mise en ligne de la conf\u00e9rence th\u00e9rapeutique d'avril 2023 sur la maladie de Huntington traduite en fran\u00e7ais<\/a><\/div>                 \n        <div class=\"ue-meta-data\">\n  <div class=\"ue-grid-item-meta-data\"><span class=\"ue-grid-item-meta-data-icon\"><i class='fas fa-calendar-week'><\/i><\/span>  10 octobre 2023<\/div>               \n                \n            \n              \n              \n  \n      \n<\/div>      \n               \n        <div class=\"uc_post_content\">HD BUZZ : mise en ligne de la conf\u00e9rence th\u00e9rapeutique d&rsquo;avril 2023 sur la maladie de Huntington traduite en fran\u00e7ais\nD\u00e9couvrez les mises \u00e0 jour de la recherche abord\u00e9es lors de la conf\u00e9rence th\u00e9rapeutique...<\/div>                          \n        <a target=\"_self\" href='https:\/\/www.huntington.ch\/fr\/hd-buzz-mise-en-ligne-de-la-conference-therapeutique-davril-2023-sur-la-maladie-de-huntington-traduite-en-francais\/' class=\"uc_more_btn  \" title=\"\">En Savoir Plus<\/a>        \n      <\/div>\n    <\/div>\n     \n       \n  \n   <\/div>\n<div class=\"uc_post_list_box\" data-category=\"Non classifi\u00e9(e)\">\n  \n  \t    <div class=\"uc_post_list_image\">\n      <a href=\"https:\/\/www.huntington.ch\/fr\/pour-le-canton-de-neuchatel\/\" target=\"_self\" title=\"Pour Le Canton De Neuch\u00e2tel\">\n          \n            <img loading=\"lazy\" decoding=\"async\" src=\"https:\/\/www.huntington.ch\/wp-content\/uploads\/2023\/05\/Neuchatel-Clinic-768x582.jpeg\"  src=\"https:\/\/www.huntington.ch\/wp-content\/uploads\/2023\/05\/Neuchatel-Clinic-768x582.jpeg\" alt=\"Neuchatel-Clinic\" width=\"768\" height=\"582\">\n        \t        \n      <\/a>\n    <\/div>\n  \t\t\n  \n    <div class=\"uc_post_list_content\">\n      <div class=\"uc_post_list_content_inside\">\n        \n                \n             \n        <div class=\"uc_post_list_title\"><a target=\"_self\" href=\"https:\/\/www.huntington.ch\/fr\/pour-le-canton-de-neuchatel\/\" title=\"Pour Le Canton De Neuch\u00e2tel\">Pour Le Canton De Neuch\u00e2tel<\/a><\/div>                 \n        <div class=\"ue-meta-data\">\n  <div class=\"ue-grid-item-meta-data\"><span class=\"ue-grid-item-meta-data-icon\"><i class='fas fa-calendar-week'><\/i><\/span>  14 novembre 2022<\/div>               \n                \n            \n              \n              \n  \n      \n<\/div>      \n               \n        <div class=\"uc_post_content\">Ouverture d\u2019un Centre m\u00e9moire pour offrir un suivi individualis\u00e9 et pluridisciplinaire pour les personnes atteintes de neurod\u00e9g\u00e9n\u00e9rescence.\nLe Dr Philippe Olivier, neurologue, sp\u00e9cialiste dans la maladie...<\/div>                          \n        <a target=\"_self\" href='https:\/\/www.huntington.ch\/fr\/pour-le-canton-de-neuchatel\/' class=\"uc_more_btn  \" title=\"\">En Savoir Plus<\/a>        \n      <\/div>\n    <\/div>\n     \n       \n  \n   <\/div>\n\n<\/div>\n\n\n  <div id=\"uc_post_list_elementor_ad84c79_empty_message\" class=\"ue-no-posts-found\"  style=\"display:none\" >No posts found<\/div>\n\n\n<!-- end Post List -->\t\t\t\t<\/div>\n\t\t\t\t<\/div>\n\t\t\t\t\t<\/div>\n\t\t<\/div>\n\t\t\t\t\t<\/div>\n\t\t<\/section>\n\t\t\t\t<\/div>\n\t\t","protected":false},"excerpt":{"rendered":"<p>Nouvelles \u00ab\u00a0The Present\u00a0\u00bb court m\u00e9trage de Dimitri Poff\u00e9 disponible sur YouTube 30.12.2024 &#8220;Le pr\u00e9sent&#8221; est un documentaire sur l\u2019histoire de Dimitri Poff\u00e9, qui a quitt\u00e9 sa France natale pour effectuer [&hellip;]<\/p>\n","protected":false},"author":4,"featured_media":0,"parent":0,"menu_order":0,"comment_status":"closed","ping_status":"closed","template":"elementor_header_footer","meta":{"give_campaign_id":0,"footnotes":""},"class_list":["post-6801","page","type-page","status-publish","hentry"],"campaignId":"","jetpack_sharing_enabled":true,"_links":{"self":[{"href":"https:\/\/www.huntington.ch\/fr\/wp-json\/wp\/v2\/pages\/6801","targetHints":{"allow":["GET"]}}],"collection":[{"href":"https:\/\/www.huntington.ch\/fr\/wp-json\/wp\/v2\/pages"}],"about":[{"href":"https:\/\/www.huntington.ch\/fr\/wp-json\/wp\/v2\/types\/page"}],"author":[{"embeddable":true,"href":"https:\/\/www.huntington.ch\/fr\/wp-json\/wp\/v2\/users\/4"}],"replies":[{"embeddable":true,"href":"https:\/\/www.huntington.ch\/fr\/wp-json\/wp\/v2\/comments?post=6801"}],"version-history":[{"count":32,"href":"https:\/\/www.huntington.ch\/fr\/wp-json\/wp\/v2\/pages\/6801\/revisions"}],"predecessor-version":[{"id":9671,"href":"https:\/\/www.huntington.ch\/fr\/wp-json\/wp\/v2\/pages\/6801\/revisions\/9671"}],"wp:attachment":[{"href":"https:\/\/www.huntington.ch\/fr\/wp-json\/wp\/v2\/media?parent=6801"}],"curies":[{"name":"wp","href":"https:\/\/api.w.org\/{rel}","templated":true}]}}