{"id":7355,"date":"2024-02-12T13:31:37","date_gmt":"2024-02-12T12:31:37","guid":{"rendered":"https:\/\/new.shv.ch\/evenements\/"},"modified":"2025-05-27T19:11:38","modified_gmt":"2025-05-27T17:11:38","slug":"evenements","status":"publish","type":"page","link":"https:\/\/www.huntington.ch\/fr\/evenements\/","title":{"rendered":"\u00c9v\u00e9nements"},"content":{"rendered":"\t\t<div data-elementor-type=\"wp-page\" data-elementor-id=\"7355\" class=\"elementor elementor-7355 elementor-6095\" data-elementor-post-type=\"page\">\n\t\t\t\t\t\t<section class=\"elementor-section elementor-top-section elementor-element elementor-element-e24195b elementor-section-full_width elementor-section-height-default elementor-section-height-default\" data-id=\"e24195b\" data-element_type=\"section\" data-e-type=\"section\">\n\t\t\t\t\t\t<div class=\"elementor-container elementor-column-gap-no\">\n\t\t\t\t\t<div class=\"elementor-column elementor-col-100 elementor-top-column elementor-element elementor-element-e00512f\" data-id=\"e00512f\" data-element_type=\"column\" data-e-type=\"column\">\n\t\t\t<div class=\"elementor-widget-wrap elementor-element-populated\">\n\t\t\t\t\t\t<div class=\"elementor-element elementor-element-a9a8315 elementor-widget elementor-widget-heading\" data-id=\"a9a8315\" data-element_type=\"widget\" data-e-type=\"widget\" data-widget_type=\"heading.default\">\n\t\t\t\t<div class=\"elementor-widget-container\">\n\t\t\t\t\t<h6 class=\"elementor-heading-title elementor-size-xl\">\u00c9v\u00e9nements<\/h6>\t\t\t\t<\/div>\n\t\t\t\t<\/div>\n\t\t\t\t\t<\/div>\n\t\t<\/div>\n\t\t\t\t\t<\/div>\n\t\t<\/section>\n\t\t\t\t<section class=\"elementor-section elementor-top-section elementor-element elementor-element-9e49b16 elementor-section-boxed elementor-section-height-default elementor-section-height-default\" data-id=\"9e49b16\" data-element_type=\"section\" data-e-type=\"section\">\n\t\t\t\t\t\t<div class=\"elementor-container elementor-column-gap-default\">\n\t\t\t\t\t<div class=\"elementor-column elementor-col-100 elementor-top-column elementor-element elementor-element-ca817df\" data-id=\"ca817df\" data-element_type=\"column\" data-e-type=\"column\">\n\t\t\t<div class=\"elementor-widget-wrap elementor-element-populated\">\n\t\t\t\t\t\t<div class=\"elementor-element elementor-element-5f6f6a5 elementor-widget elementor-widget-spacer\" data-id=\"5f6f6a5\" data-element_type=\"widget\" data-e-type=\"widget\" data-widget_type=\"spacer.default\">\n\t\t\t\t<div class=\"elementor-widget-container\">\n\t\t\t\t\t\t\t<div class=\"elementor-spacer\">\n\t\t\t<div class=\"elementor-spacer-inner\"><\/div>\n\t\t<\/div>\n\t\t\t\t\t\t<\/div>\n\t\t\t\t<\/div>\n\t\t\t\t\t<\/div>\n\t\t<\/div>\n\t\t\t\t\t<\/div>\n\t\t<\/section>\n\t\t\t\t<section class=\"elementor-section elementor-top-section elementor-element elementor-element-3d9859b elementor-section-boxed elementor-section-height-default elementor-section-height-default\" data-id=\"3d9859b\" data-element_type=\"section\" data-e-type=\"section\">\n\t\t\t\t\t\t<div class=\"elementor-container elementor-column-gap-default\">\n\t\t\t\t\t<div class=\"elementor-column elementor-col-33 elementor-top-column elementor-element elementor-element-003db24\" data-id=\"003db24\" data-element_type=\"column\" data-e-type=\"column\">\n\t\t\t<div class=\"elementor-widget-wrap elementor-element-populated\">\n\t\t\t\t\t\t<div class=\"elementor-element elementor-element-5fd04cd elementor-widget elementor-widget-ucaddon_event_box\" data-id=\"5fd04cd\" data-element_type=\"widget\" data-e-type=\"widget\" data-widget_type=\"ucaddon_event_box.default\">\n\t\t\t\t<div class=\"elementor-widget-container\">\n\t\t\t\t\t\n<!-- start Event Box -->\n\t\t<link id='font-awesome-css' href='https:\/\/www.huntington.ch\/wp-content\/plugins\/unlimited-elements-for-elementor\/assets_libraries\/font-awesome6\/fontawesome-all.min.css' type='text\/css' rel='stylesheet' >\n\t\t<link id='font-awesome-4-shim-css' href='https:\/\/www.huntington.ch\/wp-content\/plugins\/unlimited-elements-for-elementor\/assets_libraries\/font-awesome6\/fontawesome-v4-shims.min.css' type='text\/css' rel='stylesheet' >\n\n<style>\/* widget: Event Box *\/\n\n#uc_event_box_elementor_5fd04cd * { \n\tbox-sizing: border-box; \n}\n\n#uc_event_box_elementor_5fd04cd, #uc_event_box_elementor_5fd04cd ._blox_event_box\n{\n  overflow:hidden;\n}\n\n#uc_event_box_elementor_5fd04cd img{ \n  width:100%;\n} \n\n#uc_event_box_elementor_5fd04cd ._blox_event_box ._blox_image_box{\n\tposition:relative;\n}\n#uc_event_box_elementor_5fd04cd ._blox_event_box ._blox_image_box img{\n\twidth:100%;\n\tdisplay:block;\n    object-fit: cover;\n}\n\n#uc_event_box_elementor_5fd04cd ._blox_event_box ._blox_image_box a\n{\n  display:block;\n}\n#uc_event_box_elementor_5fd04cd ._blox_date_box{\n\n\tdisplay:flex;\n    flex-direction:column;\n    text-align:center;\n    position:relative;\n    z-index:1;\n    overflow:hidden;\n}\n._blox_date{\n\tfont-size:32px;\n}\n\n._blox_paragraph\n{\n  font-size:21px;\n}\n#uc_event_box_elementor_5fd04cd a._blox_book_now{\n\ttext-align:center;\n\ttext-decoration:none;\n    transition:0.3s;\n}\n#uc_event_box_elementor_5fd04cd .ue_event_box_overlay\n{\n  position:absolute;\n  top:0;\n  left:0;\n  right:0;\n  bottom:0;\n  display:flex;\n}\n\n#uc_event_box_elementor_5fd04cd .ue_list_row\n{\n  display:flex;\n}\n\n#uc_event_box_elementor_5fd04cd .ue_list_row_icon\n{\n  flex-grow:0;\n  flex-shrink:0;\n}\n\n#uc_event_box_elementor_5fd04cd .ue_list_row_spacing\n{\n  flex-grow:0;\n  flex-shrink:0;\n}\n\n#uc_event_box_elementor_5fd04cd .ue_list_row_icon svg\n{\n  width:1em;\n  height:1em;\n}\n\n\n\n#uc_event_box_elementor_5fd04cd .ue_badge\n{\n  position: absolute;\n    top: 16px;\n    right: -70px;transform: rotate(45deg);\t\n        padding: 5px 0px;\n    width: 200px;\n    text-align: center;\n    box-sizing: border-box;\n    z-index:2;\n}\n\n.ue_badge\n{\n  font-size:10px;\n  line-height:1em;\n}\n\n\n\n\n#uc_event_box_elementor_5fd04cd .ue_event_box_footer\n{\n  width:100%;\n}\n\n<\/style>\n\n<div class=\"_blox_clean_event_box\" id=\"uc_event_box_elementor_5fd04cd\">\n        <div class=\"_blox_event_box\" style=\"\">\n          \n                      <div class=\"_blox_image_box\">\n              \n              \n            \t<img fetchpriority=\"high\" decoding=\"async\" src=\"https:\/\/www.huntington.ch\/wp-content\/uploads\/2025\/05\/Zooh_Zurich.png\" alt=\"Zooh_Zurich\"  src=\"https:\/\/www.huntington.ch\/wp-content\/uploads\/2025\/05\/Zooh_Zurich.png\" alt=\"Zooh_Zurich\" width=\"514\" height=\"342\">\n                \n              \n              \t\n              \n                <div class=\"ue_event_box_overlay\">\n                  \n                                        <div class=\"_blox_date_box\">\n                        <div class=\"_blox_date\">21<\/div>\n                        <div class=\"_blox_month\">Juin<\/div>\n                     <\/div>  \n                  \t\n                  \n                  \t\n\n                \n                <\/div>\n            <\/div>\n                      \n          <div class=\"ue-content\">\n          \n            <div class=\"_blox_content_box\">\n            \t<div class=\"_blox_paragraph\">Journ\u00e9e Huntington 2025<\/div>                <div class=\"_blox_text\"><p><strong>Le 21 Juin 2025 - Im Zoo Z\u00fcrich<\/strong><\/p><p>Participationfinanci\u00e8re:<br \/>gratuit pour les membres,<br \/>Fr.20.-pour lesnon-membres<\/p><p>Programme<br \/>10h30 -\u00a0 Arriv\u00e9e Entr\u00e9e Masoala (pas l'entr\u00e9e principale!)<br \/>11h00 - 12h00 - Visite guid\u00e9e Masoala For\u00eat tropicale Allemand<br \/>\u00e0 partir de 12h30 - D\u00e9jeuner et visite <br \/>du zoo<\/p><\/div>                <div class=\"ue_container_list\">\n                  <div class=\"ue_list_row\">\n  <div class=\"ue_list_row_icon\"><i class=''><\/i><\/div>\n  <div class=\"ue_list_row_spacing\"><\/div>\n  <div class=\"ue_list_row_text\"><\/div>\n<\/div>\n\n                <\/div>\n            <\/div>\n          \n          \n        \n                <div class=\"ue_event_box_footer\">\n          <a class=\"_blox_book_now uc_more_btn\" href=\"https:\/\/www.huntington.ch\/wp-content\/uploads\/2025\/05\/Huntington-Tag-2025_De_Fr.pdf\"  target='_blank'>En savoir plus<\/a>                  <\/div>\n                   \n         <\/div>\n          <\/div>\n        \n  \n    <\/div>\n<!-- end Event Box -->\t\t\t\t<\/div>\n\t\t\t\t<\/div>\n\t\t\t\t\t<\/div>\n\t\t<\/div>\n\t\t\t\t<div class=\"elementor-column elementor-col-33 elementor-top-column elementor-element elementor-element-8fad044\" data-id=\"8fad044\" data-element_type=\"column\" data-e-type=\"column\">\n\t\t\t<div class=\"elementor-widget-wrap elementor-element-populated\">\n\t\t\t\t\t\t<div class=\"elementor-element elementor-element-b994f57 elementor-widget elementor-widget-ucaddon_event_box\" data-id=\"b994f57\" data-element_type=\"widget\" data-e-type=\"widget\" data-widget_type=\"ucaddon_event_box.default\">\n\t\t\t\t<div class=\"elementor-widget-container\">\n\t\t\t\t\t\n<!-- start Event Box -->\n\n<style>\/* widget: Event Box *\/\n\n#uc_event_box_elementor_b994f57 * { \n\tbox-sizing: border-box; \n}\n\n#uc_event_box_elementor_b994f57, #uc_event_box_elementor_b994f57 ._blox_event_box\n{\n  overflow:hidden;\n}\n\n#uc_event_box_elementor_b994f57 img{ \n  width:100%;\n} \n\n#uc_event_box_elementor_b994f57 ._blox_event_box ._blox_image_box{\n\tposition:relative;\n}\n#uc_event_box_elementor_b994f57 ._blox_event_box ._blox_image_box img{\n\twidth:100%;\n\tdisplay:block;\n    object-fit: cover;\n}\n\n#uc_event_box_elementor_b994f57 ._blox_event_box ._blox_image_box a\n{\n  display:block;\n}\n#uc_event_box_elementor_b994f57 ._blox_date_box{\n\n\tdisplay:flex;\n    flex-direction:column;\n    text-align:center;\n    position:relative;\n    z-index:1;\n    overflow:hidden;\n}\n._blox_date{\n\tfont-size:32px;\n}\n\n._blox_paragraph\n{\n  font-size:21px;\n}\n#uc_event_box_elementor_b994f57 a._blox_book_now{\n\ttext-align:center;\n\ttext-decoration:none;\n    transition:0.3s;\n}\n#uc_event_box_elementor_b994f57 .ue_event_box_overlay\n{\n  position:absolute;\n  top:0;\n  left:0;\n  right:0;\n  bottom:0;\n  display:flex;\n}\n\n#uc_event_box_elementor_b994f57 .ue_list_row\n{\n  display:flex;\n}\n\n#uc_event_box_elementor_b994f57 .ue_list_row_icon\n{\n  flex-grow:0;\n  flex-shrink:0;\n}\n\n#uc_event_box_elementor_b994f57 .ue_list_row_spacing\n{\n  flex-grow:0;\n  flex-shrink:0;\n}\n\n#uc_event_box_elementor_b994f57 .ue_list_row_icon svg\n{\n  width:1em;\n  height:1em;\n}\n\n\n\n#uc_event_box_elementor_b994f57 .ue_badge\n{\n  position: absolute;\n    top: 16px;\n    right: -70px;transform: rotate(45deg);\t\n        padding: 5px 0px;\n    width: 200px;\n    text-align: center;\n    box-sizing: border-box;\n    z-index:2;\n}\n\n.ue_badge\n{\n  font-size:10px;\n  line-height:1em;\n}\n\n\n\n\n#uc_event_box_elementor_b994f57 .ue_event_box_footer\n{\n  width:100%;\n}\n\n<\/style>\n\n<div class=\"_blox_clean_event_box\" id=\"uc_event_box_elementor_b994f57\">\n        <div class=\"_blox_event_box\" style=\"\">\n          \n                      <div class=\"_blox_image_box\">\n              \n              \n            \t<img decoding=\"async\" src=\"https:\/\/www.huntington.ch\/wp-content\/uploads\/2025\/05\/Captura-de-ecra-2025-05-27-171441-1.png\" alt=\"Captura-de-ecra-2025-05-27-171441\"  src=\"https:\/\/www.huntington.ch\/wp-content\/uploads\/2025\/05\/Captura-de-ecra-2025-05-27-171441-1.png\" alt=\"Captura-de-ecra-2025-05-27-171441\" width=\"204\" height=\"203\">\n                \n              \n              \t\n              \n                <div class=\"ue_event_box_overlay\">\n                  \n                                        <div class=\"_blox_date_box\">\n                        <div class=\"_blox_date\">21<\/div>\n                        <div class=\"_blox_month\">August<\/div>\n                     <\/div>  \n                  \t\n                  \n                  \t\n\n                \n                <\/div>\n            <\/div>\n                      \n          <div class=\"ue-content\">\n          \n            <div class=\"_blox_content_box\">\n            \t<div class=\"_blox_paragraph\">R\u00e9seau Huntington Suisse<\/div>                <div class=\"_blox_text\"><p>Nous vous invitons \u00e0 notre premi\u00e8re rencontre!<\/p><p>21. August 2025<\/p><p>Ab 08:00<\/p><p>Hotel Arte<br \/>Riggenbachstrasse 10,<br \/>CH-4600 Olten<\/p><p>Eintritt frei-Entr\u00e9e libre-Ingresso libero<br \/>Inscription souhait\u00e9e: j.koehli@huntington.ch<br \/>Cr\u00e9dits: ouvert<\/p><\/div>                <div class=\"ue_container_list\">\n                  <div class=\"ue_list_row\">\n  <div class=\"ue_list_row_icon\"><i class=''><\/i><\/div>\n  <div class=\"ue_list_row_spacing\"><\/div>\n  <div class=\"ue_list_row_text\"><\/div>\n<\/div>\n\n                <\/div>\n            <\/div>\n          \n          \n        \n                <div class=\"ue_event_box_footer\">\n          <a class=\"_blox_book_now uc_more_btn\" href=\"https:\/\/www.huntington.ch\/wp-content\/uploads\/2025\/05\/SNH-2.pdf\"  target='_blank'>Einladung<\/a>                  <\/div>\n                   \n         <\/div>\n          <\/div>\n        \n  \n    <\/div>\n<!-- end Event Box -->\t\t\t\t<\/div>\n\t\t\t\t<\/div>\n\t\t\t\t\t<\/div>\n\t\t<\/div>\n\t\t\t\t<div class=\"elementor-column elementor-col-33 elementor-top-column elementor-element elementor-element-90080b4\" data-id=\"90080b4\" data-element_type=\"column\" data-e-type=\"column\">\n\t\t\t<div class=\"elementor-widget-wrap elementor-element-populated\">\n\t\t\t\t\t\t<div class=\"elementor-element elementor-element-3eed8ec elementor-widget elementor-widget-ucaddon_event_box\" data-id=\"3eed8ec\" data-element_type=\"widget\" data-e-type=\"widget\" data-widget_type=\"ucaddon_event_box.default\">\n\t\t\t\t<div class=\"elementor-widget-container\">\n\t\t\t\t\t\n<!-- start Event Box -->\n\n<style>\/* widget: Event Box *\/\n\n#uc_event_box_elementor_3eed8ec * { \n\tbox-sizing: border-box; \n}\n\n#uc_event_box_elementor_3eed8ec, #uc_event_box_elementor_3eed8ec ._blox_event_box\n{\n  overflow:hidden;\n}\n\n#uc_event_box_elementor_3eed8ec img{ \n  width:100%;\n} \n\n#uc_event_box_elementor_3eed8ec ._blox_event_box ._blox_image_box{\n\tposition:relative;\n}\n#uc_event_box_elementor_3eed8ec ._blox_event_box ._blox_image_box img{\n\twidth:100%;\n\tdisplay:block;\n    object-fit: cover;\n}\n\n#uc_event_box_elementor_3eed8ec ._blox_event_box ._blox_image_box a\n{\n  display:block;\n}\n#uc_event_box_elementor_3eed8ec ._blox_date_box{\n\n\tdisplay:flex;\n    flex-direction:column;\n    text-align:center;\n    position:relative;\n    z-index:1;\n    overflow:hidden;\n}\n._blox_date{\n\tfont-size:32px;\n}\n\n._blox_paragraph\n{\n  font-size:21px;\n}\n#uc_event_box_elementor_3eed8ec a._blox_book_now{\n\ttext-align:center;\n\ttext-decoration:none;\n    transition:0.3s;\n}\n#uc_event_box_elementor_3eed8ec .ue_event_box_overlay\n{\n  position:absolute;\n  top:0;\n  left:0;\n  right:0;\n  bottom:0;\n  display:flex;\n}\n\n#uc_event_box_elementor_3eed8ec .ue_list_row\n{\n  display:flex;\n}\n\n#uc_event_box_elementor_3eed8ec .ue_list_row_icon\n{\n  flex-grow:0;\n  flex-shrink:0;\n}\n\n#uc_event_box_elementor_3eed8ec .ue_list_row_spacing\n{\n  flex-grow:0;\n  flex-shrink:0;\n}\n\n#uc_event_box_elementor_3eed8ec .ue_list_row_icon svg\n{\n  width:1em;\n  height:1em;\n}\n\n\n\n#uc_event_box_elementor_3eed8ec .ue_badge\n{\n  position: absolute;\n    top: 16px;\n    right: -70px;transform: rotate(45deg);\t\n        padding: 5px 0px;\n    width: 200px;\n    text-align: center;\n    box-sizing: border-box;\n    z-index:2;\n}\n\n.ue_badge\n{\n  font-size:10px;\n  line-height:1em;\n}\n\n\n\n\n#uc_event_box_elementor_3eed8ec .ue_event_box_footer\n{\n  width:100%;\n}\n\n<\/style>\n\n<div class=\"_blox_clean_event_box\" id=\"uc_event_box_elementor_3eed8ec\">\n        <div class=\"_blox_event_box\" style=\"\">\n          \n                      <div class=\"_blox_image_box\">\n              \n              \n            \t<img decoding=\"async\" src=\"https:\/\/www.huntington.ch\/wp-content\/uploads\/2025\/01\/Selbsthilfegruppe-Raum-Zurich-Apresentacao-3.png\" alt=\"Selbsthilfegruppe Raum Z\u00fcrich (Apresenta\u00e7\u00e3o) (3)\"  src=\"https:\/\/www.huntington.ch\/wp-content\/uploads\/2025\/01\/Selbsthilfegruppe-Raum-Zurich-Apresentacao-3.png\" alt=\"Selbsthilfegruppe Raum Z\u00fcrich (Apresenta\u00e7\u00e3o) (3)\" width=\"1920\" height=\"1080\">\n                \n              \n              \t\n              \n                <div class=\"ue_event_box_overlay\">\n                  \n                                        <div class=\"_blox_date_box\">\n                        <div class=\"_blox_date\">28<\/div>\n                        <div class=\"_blox_month\">Mars 2025<\/div>\n                     <\/div>  \n                  \t\n                  \n                  \t\n\n                \n                <\/div>\n            <\/div>\n                      \n          <div class=\"ue-content\">\n          \n            <div class=\"_blox_content_box\">\n            \t<div class=\"_blox_paragraph\">Assembl\u00e9e G\u00e9n\u00e9rale<\/div>                <div class=\"_blox_text\"><p><b>Save the Date<\/b><\/p><p>Le 28 Mars 2026<\/p><p>D\u00e9tails suivront<\/p><\/div>                <div class=\"ue_container_list\">\n                  <div class=\"ue_list_row\">\n  <div class=\"ue_list_row_icon\"><i class=''><\/i><\/div>\n  <div class=\"ue_list_row_spacing\"><\/div>\n  <div class=\"ue_list_row_text\"><\/div>\n<\/div>\n\n                <\/div>\n            <\/div>\n          \n          \n        \n                <div class=\"ue_event_box_footer\">\n                            <\/div>\n                   \n         <\/div>\n          <\/div>\n        \n  \n    <\/div>\n<!-- end Event Box -->\t\t\t\t<\/div>\n\t\t\t\t<\/div>\n\t\t\t\t\t<\/div>\n\t\t<\/div>\n\t\t\t\t\t<\/div>\n\t\t<\/section>\n\t\t\t\t<\/div>\n\t\t","protected":false},"excerpt":{"rendered":"<p>\u00c9v\u00e9nements 21 Juin Journ\u00e9e Huntington 2025 Le 21 Juin 2025 &#8211; Im Zoo Z\u00fcrich Participationfinanci\u00e8re:gratuit pour les membres,Fr.20.-pour lesnon-membres Programme10h30 &#8211;\u00a0 Arriv\u00e9e Entr\u00e9e Masoala (pas l&rsquo;entr\u00e9e principale!)11h00 &#8211; 12h00 &#8211; [&hellip;]<\/p>\n","protected":false},"author":4,"featured_media":0,"parent":0,"menu_order":0,"comment_status":"closed","ping_status":"closed","template":"","meta":{"give_campaign_id":0,"footnotes":""},"class_list":["post-7355","page","type-page","status-publish","hentry"],"campaignId":"","jetpack_sharing_enabled":true,"_links":{"self":[{"href":"https:\/\/www.huntington.ch\/fr\/wp-json\/wp\/v2\/pages\/7355","targetHints":{"allow":["GET"]}}],"collection":[{"href":"https:\/\/www.huntington.ch\/fr\/wp-json\/wp\/v2\/pages"}],"about":[{"href":"https:\/\/www.huntington.ch\/fr\/wp-json\/wp\/v2\/types\/page"}],"author":[{"embeddable":true,"href":"https:\/\/www.huntington.ch\/fr\/wp-json\/wp\/v2\/users\/4"}],"replies":[{"embeddable":true,"href":"https:\/\/www.huntington.ch\/fr\/wp-json\/wp\/v2\/comments?post=7355"}],"version-history":[{"count":94,"href":"https:\/\/www.huntington.ch\/fr\/wp-json\/wp\/v2\/pages\/7355\/revisions"}],"predecessor-version":[{"id":10023,"href":"https:\/\/www.huntington.ch\/fr\/wp-json\/wp\/v2\/pages\/7355\/revisions\/10023"}],"wp:attachment":[{"href":"https:\/\/www.huntington.ch\/fr\/wp-json\/wp\/v2\/media?parent=7355"}],"curies":[{"name":"wp","href":"https:\/\/api.w.org\/{rel}","templated":true}]}}