{"id":7887,"date":"2024-06-18T13:30:30","date_gmt":"2024-06-18T11:30:30","guid":{"rendered":"https:\/\/new.shv.ch\/mentions-legales\/"},"modified":"2024-06-21T13:23:34","modified_gmt":"2024-06-21T11:23:34","slug":"mentions-legales","status":"publish","type":"page","link":"https:\/\/www.huntington.ch\/fr\/mentions-legales\/","title":{"rendered":"Mentions l\u00e9gales"},"content":{"rendered":"\t\t<div data-elementor-type=\"wp-page\" data-elementor-id=\"7887\" class=\"elementor elementor-7887 elementor-6692\" data-elementor-post-type=\"page\">\n\t\t\t\t\t\t<section class=\"elementor-section elementor-top-section elementor-element elementor-element-182282c elementor-section-full_width elementor-section-height-default elementor-section-height-default\" data-id=\"182282c\" data-element_type=\"section\" data-e-type=\"section\">\n\t\t\t\t\t\t<div class=\"elementor-container elementor-column-gap-default\">\n\t\t\t\t\t<div class=\"elementor-column elementor-col-100 elementor-top-column elementor-element elementor-element-a9bfc94\" data-id=\"a9bfc94\" data-element_type=\"column\" data-e-type=\"column\" data-settings=\"{&quot;background_background&quot;:&quot;classic&quot;}\">\n\t\t\t<div class=\"elementor-widget-wrap elementor-element-populated\">\n\t\t\t\t\t\t<div class=\"elementor-element elementor-element-d137fec elementor-widget elementor-widget-heading\" data-id=\"d137fec\" data-element_type=\"widget\" data-e-type=\"widget\" data-widget_type=\"heading.default\">\n\t\t\t\t<div class=\"elementor-widget-container\">\n\t\t\t\t\t<h6 class=\"elementor-heading-title elementor-size-xl\">Mentions L\u00e9gales<\/h6>\t\t\t\t<\/div>\n\t\t\t\t<\/div>\n\t\t\t\t\t<\/div>\n\t\t<\/div>\n\t\t\t\t\t<\/div>\n\t\t<\/section>\n\t\t\t\t<section class=\"elementor-section elementor-top-section elementor-element elementor-element-b8d4e40 elementor-section-boxed elementor-section-height-default elementor-section-height-default\" data-id=\"b8d4e40\" data-element_type=\"section\" data-e-type=\"section\">\n\t\t\t\t\t\t<div class=\"elementor-container elementor-column-gap-default\">\n\t\t\t\t\t<div class=\"elementor-column elementor-col-100 elementor-top-column elementor-element elementor-element-9b91215\" data-id=\"9b91215\" data-element_type=\"column\" data-e-type=\"column\">\n\t\t\t<div class=\"elementor-widget-wrap elementor-element-populated\">\n\t\t\t\t\t\t<div class=\"elementor-element elementor-element-ba300f8 elementor-widget elementor-widget-text-editor\" data-id=\"ba300f8\" data-element_type=\"widget\" data-e-type=\"widget\" data-widget_type=\"text-editor.default\">\n\t\t\t\t<div class=\"elementor-widget-container\">\n\t\t\t\t\t\t\t\t\t<p><span>Adresse de contact<\/span><\/p>\n<p><span>Association suisse de la maladie de Huntington<\/span><\/p>\n<p><span>Hornweid 29J, 3083 Trimstein BE<\/span><\/p>\n<p><span>Suisse<\/span><\/p>\n<p><span>Courrier \u00e9lectronique : info@shv.ch<\/span><\/p>\n<p><span>\u00a0<\/span><\/p>\n<p><span>Personne(s) habilit\u00e9e(s) \u00e0 repr\u00e9senter l&rsquo;association<\/span><\/p>\n<p><span>Jessica Koehli<\/span><\/p>\n<p><span>\u00a0<\/span><\/p>\n<p><span>Clause de non-responsabilit\u00e9<\/span><\/p>\n<p><span>\u00a0<\/span><\/p>\n<p><span>L&rsquo;auteur n&rsquo;assume aucune responsabilit\u00e9 quant \u00e0 la v\u00e9racit\u00e9, l&rsquo;exactitude, l&rsquo;actualit\u00e9, la fiabilit\u00e9 et l&rsquo;exhaustivit\u00e9 des informations.<\/span><\/p>\n<p><span>\u00a0<\/span><\/p>\n<p><span>L&rsquo;auteur ne saurait \u00eatre tenu pour responsable des dommages mat\u00e9riels ou immat\u00e9riels qui pourraient \u00eatre caus\u00e9s par l&rsquo;acc\u00e8s aux informations diffus\u00e9es ou par leur utilisation ou non-utilisation, par le mauvais usage de la connexion ou par des probl\u00e8mes techniques.<\/span><\/p>\n<p><span>\u00a0<\/span><\/p>\n<p><span>Toutes les offres sont sans engagement. L&rsquo;auteur se r\u00e9serve express\u00e9ment le droit de modifier, de compl\u00e9ter ou de supprimer des parties de pages ou l&rsquo;ensemble de l&rsquo;offre sans pr\u00e9avis particulier, ou d&rsquo;en suspendre temporairement ou d\u00e9finitivement la publication.<\/span><\/p>\n<p><span>\u00a0<\/span><\/p>\n<p><span>Exclusion de responsabilit\u00e9 pour les liens<\/span><\/p>\n<p><span>\u00a0<\/span><\/p>\n<p><span>Les renvois et liens vers des sites web de tiers ne rel\u00e8vent pas de notre responsabilit\u00e9. Nous d\u00e9clinons toute responsabilit\u00e9 pour de tels sites web. L&rsquo;acc\u00e8s \u00e0 de tels sites et leur utilisation se font aux risques et p\u00e9rils de l&rsquo;utilisateur concern\u00e9.<\/span><\/p>\n<p><span>\u00a0<\/span><\/p>\n<p><span>Droits d&rsquo;auteur<\/span><\/p>\n<p><span>\u00a0<\/span><\/p>\n<p><span>Les droits d&rsquo;auteur et tous les autres droits sur les contenus, images, photos ou autres fichiers de ce site Internet appartiennent exclusivement \u00e0 la personne morale Association suisse Huntington ou aux titulaires de droits sp\u00e9cialement cit\u00e9s. Pour la reproduction de tout \u00e9l\u00e9ment, l&rsquo;accord \u00e9crit du d\u00e9tenteur des droits d&rsquo;auteur doit \u00eatre obtenu au pr\u00e9alable.<\/span><\/p>\n<p><span>\u00a0<\/span><\/p>\n<p><span>Source : SwissAnwalt<\/span><\/p>\n\t\t\t\t\t\t\t\t<\/div>\n\t\t\t\t<\/div>\n\t\t\t\t\t<\/div>\n\t\t<\/div>\n\t\t\t\t\t<\/div>\n\t\t<\/section>\n\t\t\t\t<\/div>\n\t\t","protected":false},"excerpt":{"rendered":"<p>Mentions L\u00e9gales Adresse de contact Association suisse de la maladie de Huntington Hornweid 29J, 3083 Trimstein BE Suisse Courrier \u00e9lectronique : info@shv.ch \u00a0 Personne(s) habilit\u00e9e(s) \u00e0 repr\u00e9senter l&rsquo;association Jessica Koehli [&hellip;]<\/p>\n","protected":false},"author":4,"featured_media":0,"parent":0,"menu_order":0,"comment_status":"closed","ping_status":"closed","template":"page-templates\/template-pagebuilder-full-width.php","meta":{"give_campaign_id":0,"footnotes":""},"class_list":["post-7887","page","type-page","status-publish","hentry"],"campaignId":"","jetpack_sharing_enabled":true,"_links":{"self":[{"href":"https:\/\/www.huntington.ch\/fr\/wp-json\/wp\/v2\/pages\/7887","targetHints":{"allow":["GET"]}}],"collection":[{"href":"https:\/\/www.huntington.ch\/fr\/wp-json\/wp\/v2\/pages"}],"about":[{"href":"https:\/\/www.huntington.ch\/fr\/wp-json\/wp\/v2\/types\/page"}],"author":[{"embeddable":true,"href":"https:\/\/www.huntington.ch\/fr\/wp-json\/wp\/v2\/users\/4"}],"replies":[{"embeddable":true,"href":"https:\/\/www.huntington.ch\/fr\/wp-json\/wp\/v2\/comments?post=7887"}],"version-history":[{"count":5,"href":"https:\/\/www.huntington.ch\/fr\/wp-json\/wp\/v2\/pages\/7887\/revisions"}],"predecessor-version":[{"id":7917,"href":"https:\/\/www.huntington.ch\/fr\/wp-json\/wp\/v2\/pages\/7887\/revisions\/7917"}],"wp:attachment":[{"href":"https:\/\/www.huntington.ch\/fr\/wp-json\/wp\/v2\/media?parent=7887"}],"curies":[{"name":"wp","href":"https:\/\/api.w.org\/{rel}","templated":true}]}}