{"id":7890,"date":"2024-06-18T13:33:50","date_gmt":"2024-06-18T11:33:50","guid":{"rendered":"https:\/\/new.shv.ch\/protection-de-la-vie-privee\/"},"modified":"2024-06-21T13:24:14","modified_gmt":"2024-06-21T11:24:14","slug":"protection-de-la-vie-privee","status":"publish","type":"page","link":"https:\/\/www.huntington.ch\/fr\/protection-de-la-vie-privee\/","title":{"rendered":"Protection de la vie priv\u00e9e"},"content":{"rendered":"\t\t<div data-elementor-type=\"wp-page\" data-elementor-id=\"7890\" class=\"elementor elementor-7890 elementor-6711\" data-elementor-post-type=\"page\">\n\t\t\t\t\t\t<section class=\"elementor-section elementor-top-section elementor-element elementor-element-1371e1e elementor-section-full_width elementor-section-height-default elementor-section-height-default\" data-id=\"1371e1e\" data-element_type=\"section\" data-e-type=\"section\">\n\t\t\t\t\t\t<div class=\"elementor-container elementor-column-gap-default\">\n\t\t\t\t\t<div class=\"elementor-column elementor-col-100 elementor-top-column elementor-element elementor-element-99f6c4f\" data-id=\"99f6c4f\" data-element_type=\"column\" data-e-type=\"column\" data-settings=\"{&quot;background_background&quot;:&quot;classic&quot;}\">\n\t\t\t<div class=\"elementor-widget-wrap elementor-element-populated\">\n\t\t\t\t\t\t<div class=\"elementor-element elementor-element-5c368ba elementor-widget elementor-widget-heading\" data-id=\"5c368ba\" data-element_type=\"widget\" data-e-type=\"widget\" data-widget_type=\"heading.default\">\n\t\t\t\t<div class=\"elementor-widget-container\">\n\t\t\t\t\t<h6 class=\"elementor-heading-title elementor-size-xl\">Protecion de la Vie Priv\u00e9e<\/h6>\t\t\t\t<\/div>\n\t\t\t\t<\/div>\n\t\t\t\t\t<\/div>\n\t\t<\/div>\n\t\t\t\t\t<\/div>\n\t\t<\/section>\n\t\t\t\t<section class=\"elementor-section elementor-top-section elementor-element elementor-element-12abc473 elementor-section-boxed elementor-section-height-default elementor-section-height-default\" data-id=\"12abc473\" data-element_type=\"section\" data-e-type=\"section\">\n\t\t\t\t\t\t<div class=\"elementor-container elementor-column-gap-default\">\n\t\t\t\t\t<div class=\"elementor-column elementor-col-100 elementor-top-column elementor-element elementor-element-44e6ae2e\" data-id=\"44e6ae2e\" data-element_type=\"column\" data-e-type=\"column\">\n\t\t\t<div class=\"elementor-widget-wrap elementor-element-populated\">\n\t\t\t\t\t\t<div class=\"elementor-element elementor-element-2f2de1ae elementor-widget elementor-widget-text-editor\" data-id=\"2f2de1ae\" data-element_type=\"widget\" data-e-type=\"widget\" data-widget_type=\"text-editor.default\">\n\t\t\t\t<div class=\"elementor-widget-container\">\n\t\t\t\t\t\t\t\t\t<p>Remarque g\u00e9n\u00e9rale<\/p><p>En vertu de l&rsquo;article 13 de la Constitution f\u00e9d\u00e9rale suisse et des dispositions f\u00e9d\u00e9rales relatives \u00e0 la protection des donn\u00e9es (loi sur la protection des donn\u00e9es, LPD), toute personne a droit \u00e0 la protection de sa sph\u00e8re priv\u00e9e ainsi qu&rsquo;\u00e0 la protection contre l&#8217;emploi abusif de ses donn\u00e9es personnelles. Les exploitants de ces pages prennent la protection de vos donn\u00e9es personnelles tr\u00e8s au s\u00e9rieux. Nous traitons vos donn\u00e9es personnelles de mani\u00e8re confidentielle et conform\u00e9ment aux dispositions l\u00e9gales en mati\u00e8re de protection des donn\u00e9es ainsi qu&rsquo;\u00e0 la pr\u00e9sente d\u00e9claration de protection des donn\u00e9es.<\/p><p><\/p><p>En collaboration avec nos fournisseurs d&rsquo;h\u00e9bergement, nous nous effor\u00e7ons de prot\u00e9ger autant que possible les bases de donn\u00e9es contre les acc\u00e8s \u00e9trangers, les pertes, les abus ou les falsifications.<\/p><p><\/p><p>Nous attirons votre attention sur le fait que la transmission de donn\u00e9es sur Internet (par ex. lors de la communication par e-mail) peut pr\u00e9senter des failles de s\u00e9curit\u00e9. Une protection compl\u00e8te des donn\u00e9es contre l&rsquo;acc\u00e8s par des tiers n&rsquo;est pas possible.<\/p><p><\/p><p>En utilisant ce site web, vous acceptez la collecte, le traitement et l&rsquo;utilisation de donn\u00e9es conform\u00e9ment \u00e0 la description ci-dessous. Ce site web peut en principe \u00eatre visit\u00e9 sans enregistrement. Les donn\u00e9es telles que les pages appel\u00e9es ou le nom du fichier consult\u00e9, la date et l&rsquo;heure sont enregistr\u00e9es sur le serveur \u00e0 des fins statistiques, sans que ces donn\u00e9es ne soient directement li\u00e9es \u00e0 votre personne. Les donn\u00e9es personnelles, en particulier le nom, l&rsquo;adresse ou l&rsquo;adresse e-mail, sont collect\u00e9es, dans la mesure du possible, sur une base volontaire. Sans votre consentement, ces donn\u00e9es ne sont pas transmises \u00e0 des tiers.<\/p><p><\/p><p>Traitement des donn\u00e9es personnelles<\/p><p>Les donn\u00e9es personnelles sont toutes les donn\u00e9es qui se rapportent \u00e0 une personne identifi\u00e9e ou identifiable. Une personne concern\u00e9e est une personne au sujet de laquelle des donn\u00e9es personnelles sont trait\u00e9es. Le traitement comprend toute manipulation de donn\u00e9es personnelles, ind\u00e9pendamment des moyens et des proc\u00e9dures utilis\u00e9s, notamment la conservation, la communication, la collecte, l&rsquo;effacement, la sauvegarde, la modification, la destruction et l&rsquo;utilisation de donn\u00e9es personnelles.<\/p><p><\/p><p>Nous traitons les donn\u00e9es personnelles en conformit\u00e9 avec le droit suisse de la protection des donn\u00e9es. Par ailleurs, nous traitons &#8211; dans la mesure o\u00f9 le RGPD de l&rsquo;UE est applicable &#8211; les donn\u00e9es personnelles conform\u00e9ment aux bases juridiques suivantes en relation avec l&rsquo;art. 6, al. 1 du RGPD :<\/p><p><\/p><p>lit. a) Traitement de donn\u00e9es personnelles avec le consentement de la personne concern\u00e9e.<\/p><p>lit. b) Traitement de donn\u00e9es personnelles en vue de l&rsquo;ex\u00e9cution d&rsquo;un contrat avec la personne concern\u00e9e ainsi que de l&rsquo;ex\u00e9cution de mesures pr\u00e9contractuelles correspondantes.<\/p><p>let. c) Traitement de donn\u00e9es personnelles pour remplir une obligation l\u00e9gale \u00e0 laquelle nous sommes soumis conform\u00e9ment au droit \u00e9ventuellement applicable de l&rsquo;UE ou au droit \u00e9ventuellement applicable d&rsquo;un pays dans lequel le RGPD est enti\u00e8rement ou partiellement applicable.<\/p><p>lit. d) Traitement de donn\u00e9es personnelles afin de prot\u00e9ger les int\u00e9r\u00eats vitaux de la personne concern\u00e9e ou d&rsquo;une autre personne physique.<\/p><p>let. f) traitement de donn\u00e9es personnelles pour sauvegarder nos int\u00e9r\u00eats l\u00e9gitimes ou ceux de tiers, dans la mesure o\u00f9 les libert\u00e9s et droits fondamentaux ainsi que les int\u00e9r\u00eats de la personne concern\u00e9e ne pr\u00e9valent pas. Les int\u00e9r\u00eats l\u00e9gitimes sont notamment notre int\u00e9r\u00eat \u00e9conomique \u00e0 pouvoir mettre notre site web \u00e0 disposition, la s\u00e9curit\u00e9 de l&rsquo;information, l&rsquo;application de nos propres droits juridiques et le respect du droit suisse.<\/p><p>Nous traitons les donn\u00e9es personnelles pendant la dur\u00e9e n\u00e9cessaire \u00e0 l&rsquo;objectif ou aux objectifs en question. En cas d&rsquo;obligation de conservation plus longue en raison d&rsquo;obligations l\u00e9gales ou autres auxquelles nous sommes soumis, nous limitons le traitement en cons\u00e9quence.<\/p><p><\/p><p>D\u00e9claration de protection des donn\u00e9es pour les cookies<\/p><p>Ce site web utilise des cookies. Il s&rsquo;agit de petits fichiers texte qui permettent d&rsquo;enregistrer sur le terminal de l&rsquo;utilisateur des informations sp\u00e9cifiques \u00e0 ce dernier lorsqu&rsquo;il utilise le site web. Les cookies permettent notamment de d\u00e9terminer la fr\u00e9quence d&rsquo;utilisation et le nombre d&rsquo;utilisateurs des pages, d&rsquo;analyser les comportements d&rsquo;utilisation des pages, mais aussi de concevoir notre offre de mani\u00e8re plus conviviale. Les cookies restent enregistr\u00e9s apr\u00e8s la fin d&rsquo;une session de navigation et peuvent \u00eatre consult\u00e9s lors d&rsquo;une nouvelle visite du site. Si vous ne le souhaitez pas, vous devez configurer votre navigateur Internet de mani\u00e8re \u00e0 ce qu&rsquo;il refuse les cookies.<\/p><p><\/p><p>Une opposition g\u00e9n\u00e9rale \u00e0 l&rsquo;utilisation des cookies utilis\u00e9s \u00e0 des fins de marketing en ligne peut \u00eatre d\u00e9clar\u00e9e pour un grand nombre de services, surtout dans le cas du tracking, via le site am\u00e9ricain http:\/\/www.aboutads.info\/choices\/ ou le site de l&rsquo;UE http:\/\/www.youronlinechoices.com\/. En outre, il est possible d&#8217;emp\u00eacher l&rsquo;enregistrement de cookies en les d\u00e9sactivant dans les param\u00e8tres du navigateur. Veuillez noter que dans ce cas, il se peut que vous ne puissiez pas utiliser toutes les fonctions de cette offre en ligne.<\/p><p><\/p><p>D\u00e9claration de protection des donn\u00e9es pour le formulaire de contact<\/p><p>Si vous nous faites parvenir des demandes par le biais du formulaire de contact, vos donn\u00e9es du formulaire de demande, y compris les donn\u00e9es de contact que vous y avez indiqu\u00e9es, sont enregistr\u00e9es chez nous en vue du traitement de la demande et en cas de questions de suivi. Nous ne transmettons pas ces donn\u00e9es sans votre consentement.<\/p><p><\/p><p>Utilisation de Google Maps<\/p><p>Ce site web utilise l&rsquo;offre de Google Maps. Cela nous permet d&rsquo;afficher des cartes interactives directement sur le site web et vous permet d&rsquo;utiliser confortablement la fonction de carte. Lors de votre visite sur le site web, Google re\u00e7oit l&rsquo;information que vous avez consult\u00e9 la sous-page correspondante de notre site web. Cela se produit ind\u00e9pendamment du fait que Google mette \u00e0 disposition un compte d&rsquo;utilisateur par lequel vous \u00eates connect\u00e9 ou qu&rsquo;il n&rsquo;existe pas de compte d&rsquo;utilisateur. Si vous \u00eates connect\u00e9 \u00e0 Google, vos donn\u00e9es sont directement attribu\u00e9es \u00e0 votre compte. Si vous ne souhaitez pas l&rsquo;attribution \u00e0 votre profil chez Google, vous devez vous d\u00e9connecter avant d&rsquo;activer le bouton. Google enregistre vos donn\u00e9es en tant que profils d&rsquo;utilisation et les utilise \u00e0 des fins de publicit\u00e9, d&rsquo;\u00e9tude de march\u00e9 et\/ou de conception de son site web en fonction des besoins. Une telle \u00e9valuation a lieu en particulier (m\u00eame pour les utilisateurs non connect\u00e9s) pour fournir une publicit\u00e9 adapt\u00e9e aux besoins et pour informer d&rsquo;autres utilisateurs du r\u00e9seau social de vos activit\u00e9s sur notre site web. Vous disposez d&rsquo;un droit d&rsquo;opposition \u00e0 la cr\u00e9ation de ces profils d&rsquo;utilisateurs, que vous devez exercer en vous adressant \u00e0 Google. Pour plus d&rsquo;informations sur l&rsquo;objectif et l&rsquo;\u00e9tendue de la collecte de donn\u00e9es et de leur traitement par Google, ainsi que sur vos droits en la mati\u00e8re et les possibilit\u00e9s de param\u00e9trage pour prot\u00e9ger votre vie priv\u00e9e, veuillez consulter le site www.google.de\/intl\/de\/policies\/privacy.<\/p><p><\/p><p>Utilisation de Google reCAPTCHA<\/p><p>Ce site web utilise le service reCAPTCHA de Google Inc. (1600 Amphitheatre Parkway, Mountain View, CA 94043, USA ; \u00ab\u00a0Google\u00a0\u00bb). La requ\u00eate a pour but de distinguer si la saisie est effectu\u00e9e par un \u00eatre humain ou par un traitement automatis\u00e9 par une machine. La requ\u00eate inclut l&rsquo;envoi \u00e0 Google de l&rsquo;adresse IP et, le cas \u00e9ch\u00e9ant, d&rsquo;autres donn\u00e9es requises par Google pour le service reCAPTCHA. \u00c0 cette fin, votre saisie est transmise \u00e0 Google qui l&rsquo;utilise. Votre adresse IP sera toutefois raccourcie au pr\u00e9alable par Google dans les \u00c9tats membres de l&rsquo;Union europ\u00e9enne ou dans d&rsquo;autres \u00c9tats signataires de l&rsquo;accord sur l&rsquo;Espace \u00e9conomique europ\u00e9en. Ce n&rsquo;est que dans des cas exceptionnels que l&rsquo;adresse IP compl\u00e8te est transmise \u00e0 un serveur de Google aux \u00c9tats-Unis et y est raccourcie. Google utilisera ces informations pour le compte de l&rsquo;exploitant de ce site web afin d&rsquo;\u00e9valuer votre utilisation de ce service. L&rsquo;adresse IP transmise par votre navigateur dans le cadre de reCaptcha ne sera pas recoup\u00e9e avec d&rsquo;autres donn\u00e9es de Google. Vos donn\u00e9es sont alors \u00e9ventuellement transmises aux \u00c9tats-Unis. Pour les transferts de donn\u00e9es vers les \u00c9tats-Unis, il existe une d\u00e9cision d&rsquo;ad\u00e9quation de la Commission europ\u00e9enne, le \u00ab\u00a0Privacy Shield\u00a0\u00bb. Google participe au \u00ab\u00a0Privacy Shield\u00a0\u00bb et s&rsquo;est soumis aux directives. En cliquant sur la demande, vous consentez au traitement de vos donn\u00e9es. Le traitement est effectu\u00e9 sur la base de l&rsquo;art. 6 (1) lettre a du RGPD avec votre consentement. Vous pouvez r\u00e9voquer votre consentement \u00e0 tout moment, sans que la l\u00e9gitimit\u00e9 du traitement effectu\u00e9 sur la base du consentement jusqu&rsquo;\u00e0 la r\u00e9vocation n&rsquo;en soit affect\u00e9e.<\/p><p><\/p><p>Vous trouverez de plus amples informations sur Google reCAPTCHA ainsi que la d\u00e9claration de confidentialit\u00e9 correspondante \u00e0 l&rsquo;adresse suivante : https:\/\/www.google.com\/privacy\/ads\/<\/p><p><\/p><p>Prestataires de services de paiement externes<\/p><p>Ce site web fait appel \u00e0 des prestataires de services de paiement externes, dont les plateformes permettent aux utilisateurs et \u00e0 nous-m\u00eames d&rsquo;effectuer des transactions de paiement.<\/p><p>Dans le cadre de l&rsquo;ex\u00e9cution des contrats, nous faisons appel aux prestataires de services de paiement sur la base de l&rsquo;ordonnance suisse sur la protection des donn\u00e9es ainsi que, si n\u00e9cessaire, de l&rsquo;art. 6, al. 1, let. b. EU-DSGVO. Par ailleurs, nous faisons appel \u00e0 des prestataires de services de paiement externes sur la base de nos int\u00e9r\u00eats l\u00e9gitimes conform\u00e9ment \u00e0 l&rsquo;ordonnance suisse sur la protection des donn\u00e9es ainsi que, si n\u00e9cessaire, conform\u00e9ment \u00e0 l&rsquo;art. 6, al. 1, let. f. EU-DSGVO, afin d&rsquo;offrir \u00e0 nos utilisateurs des possibilit\u00e9s de paiement efficaces et s\u00fbres.<\/p><p><\/p><p>Les donn\u00e9es trait\u00e9es par les prestataires de services de paiement comprennent les donn\u00e9es d&rsquo;inventaire, telles que le nom et l&rsquo;adresse, les donn\u00e9es bancaires, telles que, entre autres, les num\u00e9ros de compte ou de carte de cr\u00e9dit, les mots de passe, les num\u00e9ros TAN et les sommes de contr\u00f4le, ainsi que les donn\u00e9es relatives au contrat, au montant et au destinataire. Ces informations sont n\u00e9cessaires pour effectuer les transactions. Les donn\u00e9es saisies ne sont toutefois trait\u00e9es que par les prestataires de services de paiement et stock\u00e9es chez eux. En tant qu&rsquo;op\u00e9rateur, nous ne recevons aucune information sur le compte (bancaire) ou la carte de cr\u00e9dit, mais uniquement des informations permettant de confirmer (accepter) ou de refuser le paiement. Dans certaines circonstances, les donn\u00e9es sont transmises par les prestataires de services de paiement \u00e0 des agences d&rsquo;\u00e9valuation du cr\u00e9dit. Cette transmission a pour but de v\u00e9rifier l&rsquo;identit\u00e9 et la solvabilit\u00e9. Nous renvoyons \u00e0 ce sujet aux conditions g\u00e9n\u00e9rales et aux informations sur la protection des donn\u00e9es des prestataires de services de paiement.<\/p><p><\/p><p>Les op\u00e9rations de paiement sont soumises aux conditions g\u00e9n\u00e9rales et aux informations sur la protection des donn\u00e9es des prestataires de services de paiement respectifs, qui peuvent \u00eatre consult\u00e9es sur le site Internet ou l&rsquo;application de transaction correspondants. Nous y renvoyons \u00e9galement pour de plus amples informations et pour faire valoir les droits de r\u00e9vocation, d&rsquo;information et autres droits des personnes concern\u00e9es.<\/p><p><\/p><p>D\u00e9claration de protection des donn\u00e9es pour YouTube<\/p><p>Ce site web utilise des plugins du site YouTube exploit\u00e9 par Google. L&rsquo;exploitant des pages est YouTube, LLC, 901 Cherry Ave., San Bruno, CA 94066, USA. Lorsque vous visitez l&rsquo;une de nos pages \u00e9quip\u00e9es d&rsquo;un plug-in YouTube, une connexion est \u00e9tablie avec les serveurs de YouTube. Le serveur Youtube est alors inform\u00e9 des pages que vous avez visit\u00e9es.<\/p><p><\/p><p>Si vous \u00eates connect\u00e9 \u00e0 votre compte YouTube, vous permettez \u00e0 YouTube d&rsquo;associer votre comportement de navigation directement \u00e0 votre profil personnel. Vous pouvez emp\u00eacher cela en vous d\u00e9connectant de votre compte YouTube.<\/p><p><\/p><p>Vous trouverez de plus amples informations sur le traitement des donn\u00e9es utilisateur dans la d\u00e9claration de confidentialit\u00e9 de YouTube \u00e0 l&rsquo;adresse suivante : https:\/\/www.google.de\/intl\/de\/policies\/privacy<\/p><p><\/p><p>Traitement des commandes dans la boutique en ligne avec compte client<\/p><p><\/p><p>Nous traitons les donn\u00e9es de nos clients conform\u00e9ment aux dispositions l\u00e9gales f\u00e9d\u00e9rales en mati\u00e8re de protection des donn\u00e9es (loi sur la protection des donn\u00e9es, LPD) et au RGPD de l&rsquo;UE, dans le cadre des processus de commande dans notre boutique en ligne, afin de leur permettre de choisir et de commander les produits et services s\u00e9lectionn\u00e9s, ainsi que leur paiement et leur livraison, ou leur ex\u00e9cution.<\/p><p><\/p><p>Les donn\u00e9es trait\u00e9es comprennent les donn\u00e9es de base (donn\u00e9es d&rsquo;inventaire), les donn\u00e9es de communication, les donn\u00e9es contractuelles, les donn\u00e9es de paiement et les personnes concern\u00e9es par le traitement sont nos clients, les personnes int\u00e9ress\u00e9es et autres partenaires commerciaux. Le traitement a pour but de fournir des prestations contractuelles dans le cadre de l&rsquo;exploitation d&rsquo;une boutique en ligne, de la facturation, de la livraison et des services \u00e0 la client\u00e8le. Pour ce faire, nous utilisons des cookies de session, par exemple pour le stockage du contenu du panier, et des cookies permanents, par exemple pour le stockage du statut de connexion.<\/p><p><\/p><p>Le traitement est effectu\u00e9 sur la base de l&rsquo;article 6, paragraphe 1, point b) (ex\u00e9cution des processus de commande) et c) (archivage l\u00e9galement n\u00e9cessaire) du RGPD. Dans ce contexte, les donn\u00e9es marqu\u00e9es comme n\u00e9cessaires sont requises pour la justification et l&rsquo;ex\u00e9cution du contrat. Nous ne divulguons les donn\u00e9es \u00e0 des tiers que dans le cadre de la livraison, du paiement ou dans le cadre des autorisations et obligations l\u00e9gales. Les donn\u00e9es ne sont trait\u00e9es dans des pays tiers que si cela est n\u00e9cessaire \u00e0 l&rsquo;ex\u00e9cution du contrat (par ex. \u00e0 la demande du client lors de la livraison ou du paiement).<\/p><p><\/p><p>Les utilisateurs peuvent, en option, cr\u00e9er un compte d&rsquo;utilisateur dans lequel ils peuvent notamment consulter leurs commandes. Dans le cadre de l&rsquo;enregistrement, les donn\u00e9es obligatoires n\u00e9cessaires sont communiqu\u00e9es aux utilisateurs. Les comptes utilisateurs ne sont pas publics et ne peuvent pas \u00eatre index\u00e9s par les moteurs de recherche, par exemple Google. Lorsque les utilisateurs r\u00e9silient leur compte utilisateur, leurs donn\u00e9es relatives au compte utilisateur sont supprim\u00e9es, sous r\u00e9serve que leur conservation soit n\u00e9cessaire pour des raisons commerciales ou fiscales, conform\u00e9ment \u00e0 l&rsquo;article 6, paragraphe 1, point c) du RGPD. Les donn\u00e9es du compte client sont conserv\u00e9es jusqu&rsquo;\u00e0 leur suppression, suivie d&rsquo;un archivage en cas d&rsquo;obligation l\u00e9gale. Il incombe aux utilisateurs de sauvegarder leurs donn\u00e9es en cas de r\u00e9siliation avant la fin du contrat.<\/p><p><\/p><p>Dans le cadre de l&rsquo;enregistrement et des nouvelles inscriptions ainsi que de l&rsquo;utilisation de nos services en ligne, nous enregistrons l&rsquo;adresse IP et le moment de chaque action de l&rsquo;utilisateur. L&rsquo;enregistrement s&rsquo;effectue sur la base de nos int\u00e9r\u00eats l\u00e9gitimes ainsi que de ceux des utilisateurs en mati\u00e8re de protection contre les abus et autres utilisations non autoris\u00e9es. Ces donn\u00e9es ne sont en principe pas transmises \u00e0 des tiers, sauf si elles sont n\u00e9cessaires \u00e0 la poursuite de nos droits ou s&rsquo;il existe une obligation l\u00e9gale \u00e0 cet effet conform\u00e9ment \u00e0 l&rsquo;art. 6, al. 1, let. c du RGPD.<\/p><p><\/p><p>L&rsquo;effacement a lieu apr\u00e8s l&rsquo;expiration des obligations l\u00e9gales de garantie et des obligations comparables, la n\u00e9cessit\u00e9 de conserver les donn\u00e9es est v\u00e9rifi\u00e9e \u00e0 intervalles irr\u00e9guliers. Dans le cas des obligations l\u00e9gales d&rsquo;archivage, la suppression a lieu apr\u00e8s leur expiration.<\/p><p><\/p><p>Droits d&rsquo;auteur<\/p><p>Les droits d&rsquo;auteur et tous les autres droits li\u00e9s aux contenus, images, photos ou autres fichiers pr\u00e9sents sur le site web appartiennent exclusivement \u00e0 l&rsquo;exploitant de ce site web ou aux titulaires de droits sp\u00e9cialement cit\u00e9s. Pour la reproduction de tous les fichiers, l&rsquo;accord \u00e9crit du d\u00e9tenteur des droits d&rsquo;auteur doit \u00eatre obtenu au pr\u00e9alable.<\/p><p><\/p><p>Toute personne commettant une violation des droits d&rsquo;auteur sans l&rsquo;accord du titulaire des droits peut \u00eatre punie et, le cas \u00e9ch\u00e9ant, \u00eatre tenue de verser des dommages et int\u00e9r\u00eats.<\/p><p><\/p><p>Exclusion g\u00e9n\u00e9rale de responsabilit\u00e9<\/p><p>Toutes les informations de notre offre Internet ont \u00e9t\u00e9 soigneusement v\u00e9rifi\u00e9es. Nous nous effor\u00e7ons de proposer des informations actuelles, correctes et compl\u00e8tes. N\u00e9anmoins, l&rsquo;apparition d&rsquo;erreurs ne peut pas \u00eatre totalement exclue, ce qui nous emp\u00eache de garantir l&rsquo;exhaustivit\u00e9, l&rsquo;exactitude et l&rsquo;actualit\u00e9 des informations, m\u00eame de nature journalistique et r\u00e9dactionnelle. Toute pr\u00e9tention en responsabilit\u00e9 pour des dommages mat\u00e9riels ou immat\u00e9riels caus\u00e9s par l&rsquo;utilisation des informations propos\u00e9es est exclue, dans la mesure o\u00f9 il n&rsquo;est pas prouv\u00e9 qu&rsquo;il s&rsquo;agit d&rsquo;une faute intentionnelle ou d&rsquo;une n\u00e9gligence grave.<\/p><p><\/p><p>L&rsquo;\u00e9diteur peut, \u00e0 sa seule discr\u00e9tion et sans pr\u00e9avis, modifier ou supprimer des textes et n&rsquo;est pas tenu d&rsquo;actualiser le contenu de ce site. L&rsquo;utilisation ou l&rsquo;acc\u00e8s \u00e0 ce site web se fait aux risques et p\u00e9rils du visiteur. L&rsquo;\u00e9diteur, ses mandants ou ses partenaires ne sont pas responsables des dommages, tels que les dommages directs, indirects, accidentels, \u00e0 d\u00e9terminer concr\u00e8tement au pr\u00e9alable ou cons\u00e9cutifs, pr\u00e9tendument caus\u00e9s par la visite de ce site web et n&rsquo;assument par cons\u00e9quent aucune responsabilit\u00e9 \u00e0 cet \u00e9gard.<\/p><p><\/p><p>L&rsquo;\u00e9diteur d\u00e9cline \u00e9galement toute responsabilit\u00e9 quant au contenu et \u00e0 la disponibilit\u00e9 des sites web de tiers accessibles via des liens externes de ce site web. Seuls les exploitants de ces sites sont responsables de leur contenu. L&rsquo;\u00e9diteur se distancie ainsi express\u00e9ment de tous les contenus de tiers qui pourraient \u00e9ventuellement relever du droit p\u00e9nal ou de la responsabilit\u00e9 civile ou qui pourraient \u00eatre contraires aux bonnes m\u0153urs.<\/p><p><\/p><p>Modifications<\/p><p>Nous pouvons adapter la pr\u00e9sente d\u00e9claration de protection des donn\u00e9es \u00e0 tout moment et sans pr\u00e9avis. La version actuelle publi\u00e9e sur notre site Internet fait foi. Dans la mesure o\u00f9 la d\u00e9claration de protection des donn\u00e9es fait partie d&rsquo;un accord avec vous, nous vous informerons de la modification par e-mail ou par tout autre moyen appropri\u00e9 en cas d&rsquo;actualisation.<\/p><p><\/p><p>Questions au responsable de la protection des donn\u00e9es<\/p><p>Si vous avez des questions concernant la protection des donn\u00e9es, veuillez nous envoyer un e-mail ou vous adresser directement \u00e0 la personne responsable de la protection des donn\u00e9es au sein de notre organisation, mentionn\u00e9e au d\u00e9but de la d\u00e9claration de protection des donn\u00e9es.<\/p><p><\/p><p>26.02.2020<\/p><p>Source : SwissAnwalt<\/p>\t\t\t\t\t\t\t\t<\/div>\n\t\t\t\t<\/div>\n\t\t\t\t\t<\/div>\n\t\t<\/div>\n\t\t\t\t\t<\/div>\n\t\t<\/section>\n\t\t\t\t<\/div>\n\t\t","protected":false},"excerpt":{"rendered":"<p>Protecion de la Vie Priv\u00e9e Remarque g\u00e9n\u00e9rale En vertu de l&rsquo;article 13 de la Constitution f\u00e9d\u00e9rale suisse et des dispositions f\u00e9d\u00e9rales relatives \u00e0 la protection des donn\u00e9es (loi sur la [&hellip;]<\/p>\n","protected":false},"author":4,"featured_media":0,"parent":0,"menu_order":0,"comment_status":"closed","ping_status":"closed","template":"elementor_header_footer","meta":{"give_campaign_id":0,"footnotes":""},"class_list":["post-7890","page","type-page","status-publish","hentry"],"campaignId":"","jetpack_sharing_enabled":true,"_links":{"self":[{"href":"https:\/\/www.huntington.ch\/fr\/wp-json\/wp\/v2\/pages\/7890","targetHints":{"allow":["GET"]}}],"collection":[{"href":"https:\/\/www.huntington.ch\/fr\/wp-json\/wp\/v2\/pages"}],"about":[{"href":"https:\/\/www.huntington.ch\/fr\/wp-json\/wp\/v2\/types\/page"}],"author":[{"embeddable":true,"href":"https:\/\/www.huntington.ch\/fr\/wp-json\/wp\/v2\/users\/4"}],"replies":[{"embeddable":true,"href":"https:\/\/www.huntington.ch\/fr\/wp-json\/wp\/v2\/comments?post=7890"}],"version-history":[{"count":3,"href":"https:\/\/www.huntington.ch\/fr\/wp-json\/wp\/v2\/pages\/7890\/revisions"}],"predecessor-version":[{"id":7920,"href":"https:\/\/www.huntington.ch\/fr\/wp-json\/wp\/v2\/pages\/7890\/revisions\/7920"}],"wp:attachment":[{"href":"https:\/\/www.huntington.ch\/fr\/wp-json\/wp\/v2\/media?parent=7890"}],"curies":[{"name":"wp","href":"https:\/\/api.w.org\/{rel}","templated":true}]}}