{"id":2485,"date":"2023-03-08T10:04:15","date_gmt":"2023-03-08T09:04:15","guid":{"rendered":"https:\/\/new.shv.ch\/product\/leitfaden-fuer-huntington-familien\/"},"modified":"2023-06-06T10:40:20","modified_gmt":"2023-06-06T08:40:20","slug":"leitfaden-fuer-huntington-familien","status":"publish","type":"product","link":"https:\/\/www.huntington.ch\/fr\/produit\/leitfaden-fuer-huntington-familien\/","title":{"rendered":"Leitfaden f\u00fcr Huntington-Familien"},"content":{"rendered":"<div class=\"cart-detail__teaser\">\n<p>M\u00f6gliche Alltagsprobleme bei der<span>\u00a0<\/span>Huntington-Krankheit<span>\u00a0<\/span>und Wege im Umgang mit diesen.<\/p>\n<\/div>\n<div class=\"cart-detail__description\">\n<p>Im Handbuch \u201eLeitfaden f\u00fcr<span>\u00a0<\/span>Huntington-Familien\u201c werden viele verschiedene Alltagssituationen besprochen. Dieses Buch zeigt ein umfassendes Bild der Alltagsprobleme bei der<span>\u00a0<\/span>Huntington-Krankheit<span>\u00a0<\/span>auf: Es beleuchtet die Bereiche Beruf, Fahren, Kinderbetreuung, Haushaltsfinanzen, Gartenarbeit, Putzen, Kochen, Medikamenteneinnahme, K\u00f6rperhygiene, Ankleiden, Essen, Schlafund Freizeitaktivit\u00e4ten jeweils im fr\u00fchen, mittleren und sp\u00e4ten Stadium der<span>\u00a0<\/span>Huntington-Krankheit.<\/p>\n<p>Das Buch ist eine \u00dcbersetzung der Brosch\u00fcre \u201eA Caregiver Guide for HD Families\u201c der amerikanischen<span>\u00a0<\/span>Huntington-Vereinigung Huntington\u2019s Disease Society of America.<\/p>\n<p>Aus dem Inhalt:<\/p>\n<ul>\n<li>Situation der pflegenden Angeh\u00f6rigen \u2013 Partner bzw. Kinder<\/li>\n<li>Unterst\u00fctzung\u00fcdurch Sozialarbeiter, Ergo- bzw. Physiotherapeut und Logop\u00e4de<\/li>\n<li>Ern\u00e4hrung<\/li>\n<li>Mobilit\u00e4t\u00e4und Sicherheit<\/li>\n<li>Familienleben mit juveniler Form der<span> <\/span>HK<\/li>\n<li>Tipps zur Zusammenarbeit mit Gesundheitsversorgern<\/li>\n<\/ul>\n<p>&nbsp;<\/p>\n<p>Deutsche HD-Hilfe e.V.<\/p>\n<\/div>\n<p>&nbsp;<\/p>\n<p>&nbsp;<\/p>\n","protected":false},"excerpt":{"rendered":"<p>M\u00f6gliche Alltagsprobleme bei der\u00a0Huntington-Krankheit\u00a0und Wege im Umgang mit diesen. Im Handbuch \u201eLeitfaden f\u00fcr\u00a0Huntington-Familien\u201c werden viele verschiedene Alltagssituationen besprochen. Dieses Buch zeigt ein umfassendes Bild der Alltagsprobleme bei der\u00a0Huntington-Krankheit\u00a0auf: Es beleuchtet [&hellip;]<\/p>\n","protected":false},"featured_media":4593,"template":"","meta":{"give_campaign_id":0},"product_brand":[],"product_cat":[105],"product_tag":[],"class_list":{"0":"post-2485","1":"product","2":"type-product","3":"status-publish","4":"has-post-thumbnail","6":"product_cat-buch-fr","8":"first","9":"instock","10":"shipping-taxable","11":"purchasable","12":"product-type-simple"},"jetpack_sharing_enabled":true,"_links":{"self":[{"href":"https:\/\/www.huntington.ch\/fr\/wp-json\/wp\/v2\/product\/2485","targetHints":{"allow":["GET"]}}],"collection":[{"href":"https:\/\/www.huntington.ch\/fr\/wp-json\/wp\/v2\/product"}],"about":[{"href":"https:\/\/www.huntington.ch\/fr\/wp-json\/wp\/v2\/types\/product"}],"wp:featuredmedia":[{"embeddable":true,"href":"https:\/\/www.huntington.ch\/fr\/wp-json\/wp\/v2\/media\/4593"}],"wp:attachment":[{"href":"https:\/\/www.huntington.ch\/fr\/wp-json\/wp\/v2\/media?parent=2485"}],"wp:term":[{"taxonomy":"product_brand","embeddable":true,"href":"https:\/\/www.huntington.ch\/fr\/wp-json\/wp\/v2\/product_brand?post=2485"},{"taxonomy":"product_cat","embeddable":true,"href":"https:\/\/www.huntington.ch\/fr\/wp-json\/wp\/v2\/product_cat?post=2485"},{"taxonomy":"product_tag","embeddable":true,"href":"https:\/\/www.huntington.ch\/fr\/wp-json\/wp\/v2\/product_tag?post=2485"}],"curies":[{"name":"wp","href":"https:\/\/api.w.org\/{rel}","templated":true}]}}