{"id":2487,"date":"2020-04-02T16:39:55","date_gmt":"2020-04-02T14:39:55","guid":{"rendered":"https:\/\/new.shv.ch\/product\/die-juvenile-form-der-huntington-krankheit\/"},"modified":"2024-12-06T19:07:21","modified_gmt":"2024-12-06T18:07:21","slug":"die-juvenile-form-der-huntington-krankheit","status":"publish","type":"product","link":"https:\/\/www.huntington.ch\/fr\/produit\/die-juvenile-form-der-huntington-krankheit\/","title":{"rendered":"Die juvenile Form der Huntington-Krankheit"},"content":{"rendered":"<p>Informationen f\u00fcr Familien, Pflegende und medizinisches Personal.<\/p>\n<div class=\"cart-detail__teaser\">\n<p>Informationen \u00fcber die juvenile Form der<span>\u00a0<\/span>Huntington-Krankheit<\/p>\n<ul><\/ul>\n<\/div>\n<div class=\"cart-detail__description\">\n<p>Informationen f\u00fcr Familien, Pflegende und medizinisches Personal<br \/>\n\u00dcbersetzung der kanadischen Brosch\u00fcre: Juvenile<span>\u00a0<\/span>Huntington&rsquo;s Disease &#8211; A Resource for Families, Health Professionals and Caregivers von Henrike Blocman und Christiane Lohkamp, \u00fcberarbeitet von Prof. Dr. Matthias Dose<\/p>\n<p>Inhalt:<\/p>\n<ul>\n<li>Die<span>\u00a0<\/span>Huntington-Krankheit<\/li>\n<li>Zur juvenilen<span>\u00a0<\/span>Huntington-Krankheit<\/li>\n<li>Leben mit juveniler<span>\u00a0<\/span>Huntington-Krankheit<\/li>\n<li>Das fortgeschrittene Krankheitsstadium<\/li>\n<li>Hoffnung f\u00fcr die Zukunft<\/li>\n<\/ul>\n<\/div>\n<p><a href=\"https:\/\/www.huntington.ch\/wp-content\/uploads\/2020\/04\/PNG.WEB2_.webp\"><img fetchpriority=\"high\" decoding=\"async\" src=\"https:\/\/www.huntington.ch\/wp-content\/uploads\/2020\/04\/PNG.WEB2_-199x300.webp\" alt=\"\" width=\"199\" height=\"300\" class=\"alignnone size-medium wp-image-4554\" srcset=\"https:\/\/www.huntington.ch\/wp-content\/uploads\/2020\/04\/PNG.WEB2_-199x300.webp 199w, https:\/\/www.huntington.ch\/wp-content\/uploads\/2020\/04\/PNG.WEB2_.webp 350w\" sizes=\"(max-width: 199px) 100vw, 199px\" \/><\/a><\/p>\n<p>&nbsp;<\/p>\n<p>Huntington Society of Canada und Deutsche HD-Hilfe e.V.<\/p>\n","protected":false},"excerpt":{"rendered":"<p>Informationen f\u00fcr Familien, Pflegende und medizinisches Personal. Informationen \u00fcber die juvenile Form der\u00a0Huntington-Krankheit Informationen f\u00fcr Familien, Pflegende und medizinisches Personal \u00dcbersetzung der kanadischen Brosch\u00fcre: Juvenile\u00a0Huntington&rsquo;s Disease &#8211; A Resource for [&hellip;]<\/p>\n","protected":false},"featured_media":4556,"template":"","meta":{"give_campaign_id":0},"product_brand":[],"product_cat":[105],"product_tag":[],"class_list":{"0":"post-2487","1":"product","2":"type-product","3":"status-publish","4":"has-post-thumbnail","6":"product_cat-buch-fr","8":"first","9":"instock","10":"shipping-taxable","11":"purchasable","12":"product-type-simple"},"jetpack_sharing_enabled":true,"_links":{"self":[{"href":"https:\/\/www.huntington.ch\/fr\/wp-json\/wp\/v2\/product\/2487","targetHints":{"allow":["GET"]}}],"collection":[{"href":"https:\/\/www.huntington.ch\/fr\/wp-json\/wp\/v2\/product"}],"about":[{"href":"https:\/\/www.huntington.ch\/fr\/wp-json\/wp\/v2\/types\/product"}],"wp:featuredmedia":[{"embeddable":true,"href":"https:\/\/www.huntington.ch\/fr\/wp-json\/wp\/v2\/media\/4556"}],"wp:attachment":[{"href":"https:\/\/www.huntington.ch\/fr\/wp-json\/wp\/v2\/media?parent=2487"}],"wp:term":[{"taxonomy":"product_brand","embeddable":true,"href":"https:\/\/www.huntington.ch\/fr\/wp-json\/wp\/v2\/product_brand?post=2487"},{"taxonomy":"product_cat","embeddable":true,"href":"https:\/\/www.huntington.ch\/fr\/wp-json\/wp\/v2\/product_cat?post=2487"},{"taxonomy":"product_tag","embeddable":true,"href":"https:\/\/www.huntington.ch\/fr\/wp-json\/wp\/v2\/product_tag?post=2487"}],"curies":[{"name":"wp","href":"https:\/\/api.w.org\/{rel}","templated":true}]}}