{"id":2505,"date":"2020-04-02T16:12:13","date_gmt":"2020-04-02T14:12:13","guid":{"rendered":"https:\/\/new.shv.ch\/product\/mach-schnell-und-warte\/"},"modified":"2023-06-06T10:41:17","modified_gmt":"2023-06-06T08:41:17","slug":"mach-schnell-und-warte","status":"publish","type":"product","link":"https:\/\/www.huntington.ch\/fr\/produit\/mach-schnell-und-warte\/","title":{"rendered":"Mach schnell und warte!"},"content":{"rendered":"<div class=\"cart-detail__teaser\">\n<p>Umgang mit kognitiven Beeintr\u00e4chtigungen bei<span>\u00a0<\/span>Huntington-Betroffenen<\/p>\n<\/div>\n<div class=\"cart-detail__description\">\n<p>In<strong>\u00a0\u201eMACH SCHNELL UND WARTE!\u201c\u00a0<\/strong>erl\u00e4utert uns der Autor Jimmy Pollard die krankheitsbedingten Ver\u00e4nderungen der geistigen F\u00e4higkeiten bei Betroffenen der<span>\u00a0<\/span>Huntington-Krankheit<span>\u00a0<\/span>(HK). Um den kognitiven Merkmalen der<span>\u00a0<\/span>HK<span>\u00a0<\/span>Rechnung zu tragen, muss ein Betreuer \u201eschnell machen\u201c, weil das erkrankte Familienmitglied sich mit dem Warten schwer tut. Ein anderes Mal muss er geduldig warten, bis der Kranke seine Gedanken geordnet hat und sich ausdr\u00fccken kann, so Pollard. Der Tag eines Betreuers kann eine Mischung aus sich beeilen und warten sein, ein Hin- und Hergeworfen werden zwischen zwei gegens\u00e4tzlichen und fordernden T\u00e4tigkeiten. \u201eMach schnell und warte\u201c bietet \u00dcbungen, die zeigen, wie man sich f\u00fchlen mag, wenn man mit<span>\u00a0<\/span>Huntington<span>\u00a0<\/span>denkt und die Dinge vom besonderen Standpunkt der uns anvertrauten<span>\u00a0<\/span>Huntington-Kranken Person aus betrachtet.<\/p>\n<p>Die \u00dcbungen helfen auch dabei, Freunden und Fachkr\u00e4ften, die mit der Krankheit nicht vertraut sind, die Anforderung, die die Pflege f\u00fcr eine Familie bedeutet, zu erl\u00e4utern. Pollard stellt uns Ideen, \u00dcbungen, Konzepte und Beobachtungen vor, die auf seiner langj\u00e4hrigen Zusammenarbeit mit vielen<span>\u00a0<\/span>Huntington-Kranken im mittleren und fortgeschrittenen Stadium der Erkrankung beruhen. \u201eMach schnell und warte\u201c fasst f\u00fcr die Leser zusammen und teilt mit ihnen ein paar wichtige Lehren, die er aus seiner langj\u00e4hrigen Partnerschaft mit vielen pflegenden Angeh\u00f6rigen und Fachkollegen gezogen hat.<\/p>\n<p>Jimmy Pollard stammt aus Lowell, Massachusetts (USA), n\u00f6rdlich von Boston. Er hat einen Master\u2019s Degree f\u00fcr die Betreuung verhaltensauff\u00e4lliger Menschen und eine Lizenz als Pflegeheimleiter. Die letzten zwanzig Jahre seiner Laufbahn waren der Pflege von Menschen mit der<span>\u00a0<\/span><a href=\"https:\/\/www.dhh-ev.de\/service\/glossar\/begriff\/hk\" class=\"dpnglossary link\" data-tippy-content=\"Abk\u00fcrzung f\u00fcr Huntington-Krankheit\">HK<\/a><span>\u00a0<\/span>in Pflegeheimen und anderen Einrichtungen f\u00fcr erweiterte Pflege gewidmet.<\/p>\n<\/div>\n<p>&nbsp;<\/p>\n<p>&nbsp;<\/p>\n<p>Autor: Jimmy Pollard<\/p>\n","protected":false},"excerpt":{"rendered":"<p>Umgang mit kognitiven Beeintr\u00e4chtigungen bei\u00a0Huntington-Betroffenen In\u00a0\u201eMACH SCHNELL UND WARTE!\u201c\u00a0erl\u00e4utert uns der Autor Jimmy Pollard die krankheitsbedingten Ver\u00e4nderungen der geistigen F\u00e4higkeiten bei Betroffenen der\u00a0Huntington-Krankheit\u00a0(HK). Um den kognitiven Merkmalen der\u00a0HK\u00a0Rechnung zu tragen, [&hellip;]<\/p>\n","protected":false},"featured_media":4599,"template":"","meta":{"give_campaign_id":0},"product_brand":[],"product_cat":[105],"product_tag":[],"class_list":{"0":"post-2505","1":"product","2":"type-product","3":"status-publish","4":"has-post-thumbnail","6":"product_cat-buch-fr","8":"first","9":"instock","10":"shipping-taxable","11":"purchasable","12":"product-type-simple"},"jetpack_sharing_enabled":true,"_links":{"self":[{"href":"https:\/\/www.huntington.ch\/fr\/wp-json\/wp\/v2\/product\/2505","targetHints":{"allow":["GET"]}}],"collection":[{"href":"https:\/\/www.huntington.ch\/fr\/wp-json\/wp\/v2\/product"}],"about":[{"href":"https:\/\/www.huntington.ch\/fr\/wp-json\/wp\/v2\/types\/product"}],"wp:featuredmedia":[{"embeddable":true,"href":"https:\/\/www.huntington.ch\/fr\/wp-json\/wp\/v2\/media\/4599"}],"wp:attachment":[{"href":"https:\/\/www.huntington.ch\/fr\/wp-json\/wp\/v2\/media?parent=2505"}],"wp:term":[{"taxonomy":"product_brand","embeddable":true,"href":"https:\/\/www.huntington.ch\/fr\/wp-json\/wp\/v2\/product_brand?post=2505"},{"taxonomy":"product_cat","embeddable":true,"href":"https:\/\/www.huntington.ch\/fr\/wp-json\/wp\/v2\/product_cat?post=2505"},{"taxonomy":"product_tag","embeddable":true,"href":"https:\/\/www.huntington.ch\/fr\/wp-json\/wp\/v2\/product_tag?post=2505"}],"curies":[{"name":"wp","href":"https:\/\/api.w.org\/{rel}","templated":true}]}}